{"id":10595,"date":"2023-04-24T11:04:48","date_gmt":"2023-04-24T15:04:48","guid":{"rendered":"http:\/\/bluecaribbean.test\/desenvolvimentos\/"},"modified":"2024-03-24T16:10:48","modified_gmt":"2024-03-24T20:10:48","slug":"desenvolvimentos","status":"publish","type":"page","link":"https:\/\/stagingwprep.grassurntech.com\/pt-pt\/desenvolvimentos\/","title":{"rendered":"Desenvolvimentos"},"content":{"rendered":"\n<section class=\"bc-hero relative\">\n  <div class=\"bc-hero-slider\">\n    <div class=\"swiper-wrapper\">\n              <div class=\"swiper-slide\">\n          <div class=\"relative w-full min-h-[40vh]  md:h-screen\">\n            <img decoding=\"async\" class=\"w-full min-h-[40vh] md:h-screen object-cover\" src=\"https:\/\/stagingwprep.grassurntech.com\/wp-content\/uploads\/2023\/10\/Juanillo.jpeg\"\n              alt=\"\">\n            <div class='absolute inset-0 bg-gradient-to-b from-black via-transparent to-black opacity-40'>\n            <\/div>\n            <div class=\"absolute inset-0 py-16\">\n              <div class=\"container mx-auto h-full flex flex-col items-center justify-end\">\n                <div class=\"block md:mb-24\">\n                  <div class=\"text-center text-white z-20\">\n                    <span class=\"bc-appear text-2xl lg:text-5xl 2xl:text-8xl leading-snug font-serif font-normal uppercase\">\n                      Constru\u00e7\u00e3o nova em                    <\/span><br>\n                    <span class=\"bc-appear text-5xl md:text-[4.25rem] 2xl:text-[6.5rem] font-serif font-normal uppercase\">\n                      as Cara\u00edbas                    <\/span>\n                  <\/div>\n                  <div class=\"bc-appear w-[30%] mx-auto md:w-full h-0.5 lg:h-1 bg-bc-green\"><\/div>\n                <\/div>\n\n              <\/div>\n            <\/div>\n          <\/div>\n        <\/div>\n              <div class=\"swiper-slide\">\n          <div class=\"relative w-full min-h-[40vh]  md:h-screen\">\n            <img decoding=\"async\" class=\"w-full min-h-[40vh] md:h-screen object-cover\" src=\"https:\/\/stagingwprep.grassurntech.com\/wp-content\/uploads\/2023\/10\/Sadhu_V6_R2.jpg\"\n              alt=\"new constructions in Mexico\">\n            <div class='absolute inset-0 bg-gradient-to-b from-black via-transparent to-black opacity-40'>\n            <\/div>\n            <div class=\"absolute inset-0 py-16\">\n              <div class=\"container mx-auto h-full flex flex-col items-center justify-end\">\n                <div class=\"block md:mb-24\">\n                  <div class=\"text-center text-white z-20\">\n                    <span class=\"bc-appear text-2xl lg:text-5xl 2xl:text-8xl leading-snug font-serif font-normal uppercase\">\n                      Nova constru\u00e7\u00e3o                    <\/span><br>\n                    <span class=\"bc-appear text-5xl md:text-[4.25rem] 2xl:text-[6.5rem] font-serif font-normal uppercase\">\n                      NO M\u00c9XICO                    <\/span>\n                  <\/div>\n                  <div class=\"bc-appear w-[30%] mx-auto md:w-full h-0.5 lg:h-1 bg-bc-green\"><\/div>\n                <\/div>\n\n              <\/div>\n            <\/div>\n          <\/div>\n        <\/div>\n          <\/div>\n    <div class=\"swiper-hero-navigation absolute w-full z-20 h-24 inset-0 m-auto flex justify-between items-center\">\n      <div class=\"swiper-hero-button-prev cursor-pointer\">\n        <svg xmlns=\"http:\/\/www.w3.org\/2000\/svg\" fill=\"none\" viewBox=\"0 0 24 24\" stroke-width=\"1.5\" stroke=\"currentColor\"\n          class=\"w-12 h-12 stroke-white\">\n          <path stroke-linecap=\"round\" stroke-linejoin=\"round\" d=\"M15.75 19.5L8.25 12l7.5-7.5\" \/>\n        <\/svg>\n      <\/div>\n      <div class=\"swiper-hero-button-next cursor-pointer\">\n        <svg xmlns=\"http:\/\/www.w3.org\/2000\/svg\" fill=\"none\" viewBox=\"0 0 24 24\" stroke-width=\"1.5\" stroke=\"currentColor\"\n          class=\"w-12 h-12 stroke-white\">\n          <path stroke-linecap=\"round\" stroke-linejoin=\"round\" d=\"M8.25 4.5l7.5 7.5-7.5 7.5\" \/>\n        <\/svg>\n      <\/div>\n    <\/div>\n  <\/div>\n<\/section><div class=\"max-w-content mx-auto bc-text-with-heading-block container mx-auto my-8 lg:my-16 py-8 text-center text-bc-navy\">\n    <h1 class=\"bc-heading-2\">\n        Empreendimentos dispon\u00edveis    <\/h1>\n\n    <div class=\"prose prose-base lg:prose-lg max-w-content mx-auto mt-8\"><div class=\"elementor-element elementor-element-27396cc9 elementor-widget elementor-widget-text-editor\" data-id=\"27396cc9\" data-element_type=\"widget\" data-widget_type=\"text-editor.default\">\n<div class=\"elementor-widget-container\">\n<div class=\"elementor-text-editor elementor-clearfix\">\n<p><span style=\"font-weight: 400;\">As Cara\u00edbas s\u00e3o belas, excitantes e est\u00e3o sempre a mudar. Est\u00e3o sempre a surgir novos empreendimentos na Rep\u00fablica Dominicana, no M\u00e9xico ou em Aruba e n\u00f3s temos todas as informa\u00e7\u00f5es aqui para si. Navegue pelas nossas listas de projectos de desenvolvimento e constru\u00e7\u00e3o das Cara\u00edbas de condom\u00ednios em pr\u00e9-constru\u00e7\u00e3o na Rep\u00fablica Dominicana, M\u00e9xico e Aruba e desenvolvimento \u00e0 beira-mar e explore os mais luxuosos empreendimentos imobili\u00e1rios das Cara\u00edbas.<\/span><\/p>\n<\/div>\n<\/div>\n<\/div>\n<\/div>\n<\/div>\n\n<h2 class=\"wp-block-heading has-text-align-center has-bc-navy-color has-text-color has-4-xl-font-size\" style=\"font-style:normal;font-weight:300\"><strong>Nova constru\u00e7\u00e3o para venda<\/strong><\/h2>\n\n \n<div id=\"developments-grid\"><\/div>\n<div class=\"wp-block-group is-layout-constrained wp-block-group-is-layout-constrained\" style=\"margin-top:var(--wp--preset--spacing--60);margin-bottom:var(--wp--preset--spacing--60)\"><div class=\"wp-block-uagb-faq uagb-faq__outer-wrap uagb-block-23d19933 uagb-faq-icon-row-reverse uagb-faq-layout-accordion uagb-faq-expand-first-true uagb-faq-inactive-other-true uagb-faq__wrap uagb-buttons-layout-wrap uagb-faq-equal-height     \" data-faqtoggle=\"true\" role=\"tablist\"><script type=\"application\/ld+json\">{\"@context\":\"https:\\\/\\\/schema.org\",\"@type\":\"FAQPage\",\"@id\":\"https:\\\/\\\/stagingwprep.grassurntech.com\\\/pt-pt\\\/desenvolvimentos\\\/\",\"mainEntity\":[{\"@type\":\"Question\",\"name\":\"<strong>New Constructions in Caribbean<\\\/strong>\",\"acceptedAnswer\":{\"@type\":\"Answer\",\"text\":\"One of the economic sectors that benefit from this recovery is real estate. Government policies promoting foreign investments in this Caribbean country give buyers overseas many competitive advantages when acquiring a property for sale. As of November 2020, Banks launched different options for people getting their first and second home in this touristic area. Potential buyers may find discounts, 90% financing over their projects, 20-year term loans, and other options that make Punta Cana an affordable destination.\"}},{\"@type\":\"Question\",\"name\":\"<strong>Blue Caribbean new constructions<\\\/strong>\",\"acceptedAnswer\":{\"@type\":\"Answer\",\"text\":\"Legal and financial requirements may also become a challenge, especially due to the local and national guidelines which depend on the area. Blue Caribbean is always eager to help customers who want to move to this heaven on Earth. We have the best professionals to help you in your mission for your new home.\"}}]}<\/script><div class=\"wp-block-uagb-faq-child uagb-faq-child__outer-wrap uagb-faq-item uagb-block-34a9ff05 \" role=\"tab\" tabindex=\"0\"><div class=\"uagb-faq-questions-button uagb-faq-questions\">\t\t\t<span class=\"uagb-icon uagb-faq-icon-wrap\">\n\t\t\t\t\t\t\t\t<svg xmlns=\"https:\/\/www.w3.org\/2000\/svg\" viewBox= \"0 0 448 512\"><path d=\"M432 256c0 17.69-14.33 32.01-32 32.01H256v144c0 17.69-14.33 31.99-32 31.99s-32-14.3-32-31.99v-144H48c-17.67 0-32-14.32-32-32.01s14.33-31.99 32-31.99H192v-144c0-17.69 14.33-32.01 32-32.01s32 14.32 32 32.01v144h144C417.7 224 432 238.3 432 256z\"><\/path><\/svg>\n\t\t\t\t\t\t\t<\/span>\n\t\t\t\t\t\t<span class=\"uagb-icon-active uagb-faq-icon-wrap\">\n\t\t\t\t\t\t\t\t<svg xmlns=\"https:\/\/www.w3.org\/2000\/svg\" viewBox= \"0 0 448 512\"><path d=\"M400 288h-352c-17.69 0-32-14.32-32-32.01s14.31-31.99 32-31.99h352c17.69 0 32 14.3 32 31.99S417.7 288 400 288z\"><\/path><\/svg>\n\t\t\t\t\t\t\t<\/span>\n\t\t\t<h3 class=\"uagb-question\"><strong>New Constructions in Caribbean<\/strong><\/h3><\/div><div class=\"uagb-faq-content\"><p>One of the economic sectors that benefit from this recovery is real estate. Government policies promoting foreign investments in this Caribbean country give buyers overseas many competitive advantages when acquiring a property for sale. As of November 2020, Banks launched different options for people getting their first and second home in this touristic area. Potential buyers may find discounts, 90% financing over their projects, 20-year term loans, and other options that make Punta Cana an affordable destination.<\/p><\/div><\/div><div class=\"wp-block-uagb-faq-child uagb-faq-child__outer-wrap uagb-faq-item uagb-block-e54a6360 \" role=\"tab\" tabindex=\"0\"><div class=\"uagb-faq-questions-button uagb-faq-questions\">\t\t\t<span class=\"uagb-icon uagb-faq-icon-wrap\">\n\t\t\t\t\t\t\t\t<svg xmlns=\"https:\/\/www.w3.org\/2000\/svg\" viewBox= \"0 0 448 512\"><path d=\"M432 256c0 17.69-14.33 32.01-32 32.01H256v144c0 17.69-14.33 31.99-32 31.99s-32-14.3-32-31.99v-144H48c-17.67 0-32-14.32-32-32.01s14.33-31.99 32-31.99H192v-144c0-17.69 14.33-32.01 32-32.01s32 14.32 32 32.01v144h144C417.7 224 432 238.3 432 256z\"><\/path><\/svg>\n\t\t\t\t\t\t\t<\/span>\n\t\t\t\t\t\t<span class=\"uagb-icon-active uagb-faq-icon-wrap\">\n\t\t\t\t\t\t\t\t<svg xmlns=\"https:\/\/www.w3.org\/2000\/svg\" viewBox= \"0 0 448 512\"><path d=\"M400 288h-352c-17.69 0-32-14.32-32-32.01s14.31-31.99 32-31.99h352c17.69 0 32 14.3 32 31.99S417.7 288 400 288z\"><\/path><\/svg>\n\t\t\t\t\t\t\t<\/span>\n\t\t\t<h3 class=\"uagb-question\"><strong>Blue Caribbean new constructions<\/strong><\/h3><\/div><div class=\"uagb-faq-content\"><p>Legal and financial requirements may also become a challenge, especially due to the local and national guidelines which depend on the area. Blue Caribbean is always eager to help customers who want to move to this heaven on Earth. We have the best professionals to help you in your mission for your new home.<\/p><\/div><\/div><\/div><\/div>\n","protected":false},"excerpt":{"rendered":"<p>Nova constru\u00e7\u00e3o para venda<\/p>\n","protected":false},"author":1,"featured_media":0,"parent":0,"menu_order":0,"comment_status":"closed","ping_status":"closed","template":"","meta":{"_acf_changed":false,"_eb_attr":"","inline_featured_image":false,"_uag_custom_page_level_css":"","footnotes":""},"class_list":["post-10595","page","type-page","status-publish","hentry"],"acf":[],"featured_image_src":null,"featured_image_src_square":null,"uagb_featured_image_src":{"full":false,"thumbnail":false,"medium":false,"medium_large":false,"large":false,"1536x1536":false,"2048x2048":false,"gb-block-post-grid-landscape":false,"gb-block-post-grid-square":false},"uagb_author_info":{"display_name":"@blueAdmon","author_link":"https:\/\/stagingwprep.grassurntech.com\/pt-pt\/author\/nubeseo\/"},"uagb_comment_info":0,"uagb_excerpt":"Nova constru\u00e7\u00e3o para venda","_links":{"self":[{"href":"https:\/\/stagingwprep.grassurntech.com\/pt-pt\/wp-json\/wp\/v2\/pages\/10595","targetHints":{"allow":["GET"]}}],"collection":[{"href":"https:\/\/stagingwprep.grassurntech.com\/pt-pt\/wp-json\/wp\/v2\/pages"}],"about":[{"href":"https:\/\/stagingwprep.grassurntech.com\/pt-pt\/wp-json\/wp\/v2\/types\/page"}],"author":[{"embeddable":true,"href":"https:\/\/stagingwprep.grassurntech.com\/pt-pt\/wp-json\/wp\/v2\/users\/1"}],"replies":[{"embeddable":true,"href":"https:\/\/stagingwprep.grassurntech.com\/pt-pt\/wp-json\/wp\/v2\/comments?post=10595"}],"version-history":[{"count":1,"href":"https:\/\/stagingwprep.grassurntech.com\/pt-pt\/wp-json\/wp\/v2\/pages\/10595\/revisions"}],"predecessor-version":[{"id":10601,"href":"https:\/\/stagingwprep.grassurntech.com\/pt-pt\/wp-json\/wp\/v2\/pages\/10595\/revisions\/10601"}],"wp:attachment":[{"href":"https:\/\/stagingwprep.grassurntech.com\/pt-pt\/wp-json\/wp\/v2\/media?parent=10595"}],"curies":[{"name":"wp","href":"https:\/\/api.w.org\/{rel}","templated":true}]}}