{"id":4677,"date":"2023-04-24T11:04:48","date_gmt":"2023-04-24T15:04:48","guid":{"rendered":"http:\/\/bluecaribbean.test\/rozwoj\/"},"modified":"2024-09-12T10:54:30","modified_gmt":"2024-09-12T14:54:30","slug":"rozwoj","status":"publish","type":"page","link":"https:\/\/stagingwprep.grassurntech.com\/pl\/rozwoj\/","title":{"rendered":"Rozw\u00f3j"},"content":{"rendered":"\n<section class=\"bc-hero relative\">\n  <div class=\"bc-hero-slider\">\n    <div class=\"swiper-wrapper\">\n              <div class=\"swiper-slide\">\n          <div class=\"relative w-full min-h-[40vh]  md:h-screen\">\n            <img decoding=\"async\" class=\"w-full min-h-[40vh] md:h-screen object-cover\" src=\"https:\/\/stagingwprep.grassurntech.com\/wp-content\/uploads\/2023\/10\/Juanillo.jpeg\"\n              alt=\"\">\n            <div class='absolute inset-0 bg-gradient-to-b from-black via-transparent to-black opacity-40'>\n            <\/div>\n            <div class=\"absolute inset-0 py-16\">\n              <div class=\"container mx-auto h-full flex flex-col items-center justify-end\">\n                <div class=\"block md:mb-24\">\n                  <div class=\"text-center text-white z-20\">\n                    <span class=\"bc-appear text-2xl lg:text-5xl 2xl:text-8xl leading-snug font-serif font-normal uppercase\">\n                      <h1>Nowe konstrukcje w                    <\/span><br>\n                    <span class=\"bc-appear text-5xl md:text-[4.25rem] 2xl:text-[6.5rem] font-serif font-normal uppercase\">\n                      Karaiby<\/h1>                    <\/span>\n                  <\/div>\n                  <div class=\"bc-appear w-[30%] mx-auto md:w-full h-0.5 lg:h-1 bg-bc-green\"><\/div>\n                <\/div>\n\n              <\/div>\n            <\/div>\n          <\/div>\n        <\/div>\n              <div class=\"swiper-slide\">\n          <div class=\"relative w-full min-h-[40vh]  md:h-screen\">\n            <img decoding=\"async\" class=\"w-full min-h-[40vh] md:h-screen object-cover\" src=\"https:\/\/stagingwprep.grassurntech.com\/wp-content\/uploads\/2023\/10\/Sadhu_V6_R2.jpg\"\n              alt=\"new constructions in Mexico\">\n            <div class='absolute inset-0 bg-gradient-to-b from-black via-transparent to-black opacity-40'>\n            <\/div>\n            <div class=\"absolute inset-0 py-16\">\n              <div class=\"container mx-auto h-full flex flex-col items-center justify-end\">\n                <div class=\"block md:mb-24\">\n                  <div class=\"text-center text-white z-20\">\n                    <span class=\"bc-appear text-2xl lg:text-5xl 2xl:text-8xl leading-snug font-serif font-normal uppercase\">\n                      Nowa konstrukcja                    <\/span><br>\n                    <span class=\"bc-appear text-5xl md:text-[4.25rem] 2xl:text-[6.5rem] font-serif font-normal uppercase\">\n                      W MEKSYKU I DR                    <\/span>\n                  <\/div>\n                  <div class=\"bc-appear w-[30%] mx-auto md:w-full h-0.5 lg:h-1 bg-bc-green\"><\/div>\n                <\/div>\n\n              <\/div>\n            <\/div>\n          <\/div>\n        <\/div>\n          <\/div>\n    <div class=\"swiper-hero-navigation absolute w-full z-20 h-24 inset-0 m-auto flex justify-between items-center\">\n      <div class=\"swiper-hero-button-prev cursor-pointer\">\n        <svg xmlns=\"http:\/\/www.w3.org\/2000\/svg\" fill=\"none\" viewBox=\"0 0 24 24\" stroke-width=\"1.5\" stroke=\"currentColor\"\n          class=\"w-12 h-12 stroke-white\">\n          <path stroke-linecap=\"round\" stroke-linejoin=\"round\" d=\"M15.75 19.5L8.25 12l7.5-7.5\" \/>\n        <\/svg>\n      <\/div>\n      <div class=\"swiper-hero-button-next cursor-pointer\">\n        <svg xmlns=\"http:\/\/www.w3.org\/2000\/svg\" fill=\"none\" viewBox=\"0 0 24 24\" stroke-width=\"1.5\" stroke=\"currentColor\"\n          class=\"w-12 h-12 stroke-white\">\n          <path stroke-linecap=\"round\" stroke-linejoin=\"round\" d=\"M8.25 4.5l7.5 7.5-7.5 7.5\" \/>\n        <\/svg>\n      <\/div>\n    <\/div>\n  <\/div>\n<\/section><div class=\"max-w-content mx-auto bc-text-with-heading-block container mx-auto my-8 lg:my-16 py-8 text-center text-bc-navy\">\n    <h2 class=\"bc-heading-2\">\n       Dost\u0119pne inwestycje na Karaibach    <\/h2>\n\n    <div class=\"prose prose-base lg:prose-lg max-w-content mx-auto mt-8\"><div class=\"elementor-element elementor-element-27396cc9 elementor-widget elementor-widget-text-editor\" data-id=\"27396cc9\" data-element_type=\"widget\" data-widget_type=\"text-editor.default\">\n<div class=\"elementor-widget-container\">\n<div class=\"elementor-text-editor elementor-clearfix\">\n<p><span style=\"font-weight: 400;\">Karaiby s\u0105 pi\u0119kne, ekscytuj\u0105ce i ci\u0105gle si\u0119 zmieniaj\u0105. Nowe inwestycje na Dominikanie, w Meksyku lub na Arubie s\u0105 zawsze w przygotowaniu, a my mamy dla Ciebie wszystkie informacje. <strong>Zapoznaj si\u0119 z naszymi listami projekt\u00f3w deweloperskich i budowlanych na Karaibach,<\/strong> obejmuj\u0105cymi mieszkania w stanie deweloperskim na <a href=\"http:\/\/13.220.237.230:8080\/developments\/dominican-republic\/\">Dominikanie<\/a>, w <a href=\"http:\/\/13.220.237.230:8080\/developments\/mexico\/\">Meksyku<\/a> i na Arubie oraz projekty deweloperskie przy pla\u017cy i odkryj najbardziej luksusowe projekty deweloperskie na <a href=\"http:\/\/13.220.237.230:8080\/pl\/\">Karaibach<\/a>. <\/span><\/p>\n<\/div>\n<\/div>\n<\/div>\n<\/div>\n<\/div>\n\n<h2 class=\"wp-block-heading has-text-align-center has-bc-navy-color has-text-color has-4-xl-font-size\" style=\"font-style:normal;font-weight:300\"><strong>Nowa konstrukcja na sprzeda\u017c<\/strong> <strong>w Karaiby<\/strong><\/h2>\n\n \n<div id=\"developments-grid\"><\/div>\n<div class=\"wp-block-group is-layout-constrained wp-block-group-is-layout-constrained\" style=\"margin-top:var(--wp--preset--spacing--60);margin-bottom:var(--wp--preset--spacing--60)\"><div class=\"wp-block-uagb-faq uagb-faq__outer-wrap uagb-block-23d19933 uagb-faq-icon-row-reverse uagb-faq-layout-accordion uagb-faq-expand-first-true uagb-faq-inactive-other-true uagb-faq__wrap uagb-buttons-layout-wrap uagb-faq-equal-height     \" data-faqtoggle=\"true\" role=\"tablist\"><script type=\"application\/ld+json\">{\"@context\":\"https:\\\/\\\/schema.org\",\"@type\":\"FAQPage\",\"@id\":\"https:\\\/\\\/stagingwprep.grassurntech.com\\\/pl\\\/rozwoj\\\/\",\"mainEntity\":[{\"@type\":\"Question\",\"name\":\"<strong>Nowe konstrukcje<\\\/strong>\",\"acceptedAnswer\":{\"@type\":\"Answer\",\"text\":\"Jednym z sektor\\u00f3w gospodarki, kt\\u00f3ry czerpie korzy\\u015bci z tego o\\u017cywienia, s\\u0105 nieruchomo\\u015bci. Polityka rz\\u0105du promuj\\u0105ca inwestycje zagraniczne w tym karaibskim kraju daje kupuj\\u0105cym za granic\\u0105 wiele przewag konkurencyjnych przy nabywaniu nieruchomo\\u015bci na sprzeda\\u017c. Od listopada 2020 r. banki uruchomi\\u0142y r\\u00f3\\u017cne opcje dla os\\u00f3b kupuj\\u0105cych sw\\u00f3j pierwszy i drugi dom w tym turystycznym regionie. Potencjalni nabywcy mog\\u0105 znale\\u017a\\u0107 zni\\u017cki, 90% finansowania swoich projekt\\u00f3w, 20-letnie po\\u017cyczki terminowe i inne opcje, kt\\u00f3re sprawiaj\\u0105, \\u017ce Punta Cana jest niedrogim celem podr\\u00f3\\u017cy.   \"}},{\"@type\":\"Question\",\"name\":\"<strong>Nowe konstrukcje Blue Caribbean<\\\/strong>\",\"acceptedAnswer\":{\"@type\":\"Answer\",\"text\":\"Wymagania prawne i finansowe mog\\u0105 r\\u00f3wnie\\u017c sta\\u0107 si\\u0119 wyzwaniem, zw\\u0142aszcza ze wzgl\\u0119du na lokalne i krajowe wytyczne, kt\\u00f3re zale\\u017c\\u0105 od obszaru. Blue Caribbean zawsze ch\\u0119tnie pomaga klientom, kt\\u00f3rzy chc\\u0105 przenie\\u015b\\u0107 si\\u0119 do tego raju na ziemi. Dysponujemy najlepszymi profesjonalistami, kt\\u00f3rzy pomog\\u0105 ci w poszukiwaniu nowego domu.  \"}}]}<\/script><div class=\"wp-block-uagb-faq-child uagb-faq-child__outer-wrap uagb-faq-item uagb-block-34a9ff05 \" role=\"tab\" tabindex=\"0\"><div class=\"uagb-faq-questions-button uagb-faq-questions\">\t\t\t<span class=\"uagb-icon uagb-faq-icon-wrap\">\n\t\t\t\t\t\t\t\t<svg xmlns=\"https:\/\/www.w3.org\/2000\/svg\" viewBox= \"0 0 448 512\"><path d=\"M432 256c0 17.69-14.33 32.01-32 32.01H256v144c0 17.69-14.33 31.99-32 31.99s-32-14.3-32-31.99v-144H48c-17.67 0-32-14.32-32-32.01s14.33-31.99 32-31.99H192v-144c0-17.69 14.33-32.01 32-32.01s32 14.32 32 32.01v144h144C417.7 224 432 238.3 432 256z\"><\/path><\/svg>\n\t\t\t\t\t\t\t<\/span>\n\t\t\t\t\t\t<span class=\"uagb-icon-active uagb-faq-icon-wrap\">\n\t\t\t\t\t\t\t\t<svg xmlns=\"https:\/\/www.w3.org\/2000\/svg\" viewBox= \"0 0 448 512\"><path d=\"M400 288h-352c-17.69 0-32-14.32-32-32.01s14.31-31.99 32-31.99h352c17.69 0 32 14.3 32 31.99S417.7 288 400 288z\"><\/path><\/svg>\n\t\t\t\t\t\t\t<\/span>\n\t\t\t<h3 class=\"uagb-question\"><strong>Nowe konstrukcje<\/strong><\/h3><\/div><div class=\"uagb-faq-content\"><p>Jednym z sektor\u00f3w gospodarki, kt\u00f3ry czerpie korzy\u015bci z tego o\u017cywienia, s\u0105 nieruchomo\u015bci. Polityka rz\u0105du promuj\u0105ca inwestycje zagraniczne w tym karaibskim kraju daje kupuj\u0105cym za granic\u0105 wiele przewag konkurencyjnych przy nabywaniu nieruchomo\u015bci na sprzeda\u017c. Od listopada 2020 r. banki uruchomi\u0142y r\u00f3\u017cne opcje dla os\u00f3b kupuj\u0105cych sw\u00f3j pierwszy i drugi dom w tym turystycznym regionie. Potencjalni nabywcy mog\u0105 znale\u017a\u0107 zni\u017cki, 90% finansowania swoich projekt\u00f3w, 20-letnie po\u017cyczki terminowe i inne opcje, kt\u00f3re sprawiaj\u0105, \u017ce Punta Cana jest niedrogim celem podr\u00f3\u017cy.   <\/p><\/div><\/div><div class=\"wp-block-uagb-faq-child uagb-faq-child__outer-wrap uagb-faq-item uagb-block-e54a6360 \" role=\"tab\" tabindex=\"0\"><div class=\"uagb-faq-questions-button uagb-faq-questions\">\t\t\t<span class=\"uagb-icon uagb-faq-icon-wrap\">\n\t\t\t\t\t\t\t\t<svg xmlns=\"https:\/\/www.w3.org\/2000\/svg\" viewBox= \"0 0 448 512\"><path d=\"M432 256c0 17.69-14.33 32.01-32 32.01H256v144c0 17.69-14.33 31.99-32 31.99s-32-14.3-32-31.99v-144H48c-17.67 0-32-14.32-32-32.01s14.33-31.99 32-31.99H192v-144c0-17.69 14.33-32.01 32-32.01s32 14.32 32 32.01v144h144C417.7 224 432 238.3 432 256z\"><\/path><\/svg>\n\t\t\t\t\t\t\t<\/span>\n\t\t\t\t\t\t<span class=\"uagb-icon-active uagb-faq-icon-wrap\">\n\t\t\t\t\t\t\t\t<svg xmlns=\"https:\/\/www.w3.org\/2000\/svg\" viewBox= \"0 0 448 512\"><path d=\"M400 288h-352c-17.69 0-32-14.32-32-32.01s14.31-31.99 32-31.99h352c17.69 0 32 14.3 32 31.99S417.7 288 400 288z\"><\/path><\/svg>\n\t\t\t\t\t\t\t<\/span>\n\t\t\t<h3 class=\"uagb-question\"><strong>Nowe konstrukcje Blue Caribbean<\/strong><\/h3><\/div><div class=\"uagb-faq-content\"><p>Wymagania prawne i finansowe mog\u0105 r\u00f3wnie\u017c sta\u0107 si\u0119 wyzwaniem, zw\u0142aszcza ze wzgl\u0119du na lokalne i krajowe wytyczne, kt\u00f3re zale\u017c\u0105 od obszaru. Blue Caribbean zawsze ch\u0119tnie pomaga klientom, kt\u00f3rzy chc\u0105 przenie\u015b\u0107 si\u0119 do tego raju na ziemi. Dysponujemy najlepszymi profesjonalistami, kt\u00f3rzy pomog\u0105 ci w poszukiwaniu nowego domu.  <\/p><\/div><\/div><\/div><\/div>\n","protected":false},"excerpt":{"rendered":"<p>Nowa konstrukcja na sprzeda\u017c w Karaiby<\/p>\n","protected":false},"author":1,"featured_media":0,"parent":0,"menu_order":0,"comment_status":"closed","ping_status":"closed","template":"","meta":{"_acf_changed":false,"_eb_attr":"","inline_featured_image":false,"_uag_custom_page_level_css":"","footnotes":""},"class_list":["post-4677","page","type-page","status-publish","hentry"],"acf":[],"featured_image_src":null,"featured_image_src_square":null,"uagb_featured_image_src":{"full":false,"thumbnail":false,"medium":false,"medium_large":false,"large":false,"1536x1536":false,"2048x2048":false,"gb-block-post-grid-landscape":false,"gb-block-post-grid-square":false},"uagb_author_info":{"display_name":"@blueAdmon","author_link":"https:\/\/stagingwprep.grassurntech.com\/pl\/author\/nubeseo\/"},"uagb_comment_info":0,"uagb_excerpt":"Nowa konstrukcja na sprzeda\u017c w Karaiby","_links":{"self":[{"href":"https:\/\/stagingwprep.grassurntech.com\/pl\/wp-json\/wp\/v2\/pages\/4677","targetHints":{"allow":["GET"]}}],"collection":[{"href":"https:\/\/stagingwprep.grassurntech.com\/pl\/wp-json\/wp\/v2\/pages"}],"about":[{"href":"https:\/\/stagingwprep.grassurntech.com\/pl\/wp-json\/wp\/v2\/types\/page"}],"author":[{"embeddable":true,"href":"https:\/\/stagingwprep.grassurntech.com\/pl\/wp-json\/wp\/v2\/users\/1"}],"replies":[{"embeddable":true,"href":"https:\/\/stagingwprep.grassurntech.com\/pl\/wp-json\/wp\/v2\/comments?post=4677"}],"version-history":[{"count":3,"href":"https:\/\/stagingwprep.grassurntech.com\/pl\/wp-json\/wp\/v2\/pages\/4677\/revisions"}],"predecessor-version":[{"id":13884,"href":"https:\/\/stagingwprep.grassurntech.com\/pl\/wp-json\/wp\/v2\/pages\/4677\/revisions\/13884"}],"wp:attachment":[{"href":"https:\/\/stagingwprep.grassurntech.com\/pl\/wp-json\/wp\/v2\/media?parent=4677"}],"curies":[{"name":"wp","href":"https:\/\/api.w.org\/{rel}","templated":true}]}}