{"id":14398,"date":"2024-09-17T08:36:09","date_gmt":"2024-09-17T12:36:09","guid":{"rendered":"http:\/\/13.220.237.230:8080\/nieruchomosci-na-dominikanie\/punta-cana\/srodmiescie\/"},"modified":"2024-09-22T06:32:23","modified_gmt":"2024-09-22T10:32:23","slug":"srodmiescie","status":"publish","type":"page","link":"https:\/\/stagingwprep.grassurntech.com\/pl\/nieruchomosci-na-dominikanie\/punta-cana\/srodmiescie\/","title":{"rendered":"\u015ar\u00f3dmie\u015bcie"},"content":{"rendered":"\n<section class=\"bc-hero-block relative\" style=\"background-image:url('https:\/\/stagingwprep.grassurntech.com\/wp-content\/uploads\/2023\/07\/about-palmeras.jpg');\">\n      <div class=\"bc-hero-block__breadcrumb\">\n          <nav aria-label=\"Breadcrumb\" class=\"flex items-center py-3\"><ol class=\"breadcrumbs flex items-center space-x-2\" itemscope itemtype=\"https:\/\/schema.org\/BreadcrumbList\"><li itemprop=\"itemListElement\" itemscope itemtype=\"https:\/\/schema.org\/ListItem\" class=\"flex items-center\"><a href=\"https:\/\/stagingwprep.grassurntech.com\/pl\/\" itemprop=\"item\" class=\"text-bc-green hover:text-white\"><span itemprop=\"name\">Caribbean Real Estate<\/span><meta itemprop=\"position\" content=\"1\" \/><\/a><\/li><span class=\"text-white mx-2\"> > <\/span><\/ol><\/nav>      <\/div>\n<\/section>\n<div class=\"wp-block-group alignwide is-layout-flow wp-block-group-is-layout-flow\">\n<div class=\"wp-block-group alignfull is-layout-constrained wp-block-group-is-layout-constrained\">\n<div style=\"height:48px\" aria-hidden=\"true\" class=\"wp-block-spacer\"><\/div>\n\n\n\n<div class=\"wp-block-group alignfull is-content-justification-center is-nowrap is-layout-flex wp-container-core-group-is-layout-94bc23d7 wp-block-group-is-layout-flex\"><div class=\"flex items-center justify-start\">\n    <h1 class=\"flex flex-col\">\n        <div class=\"flex items-center\">\n            <svg class=\"mr-1 text-bc-blue w-auto h-10 md:h-12 lg:h-16 2xl:h-20\"\n                width=\"353\" height=\"482\" viewBox=\"0 0 353 482\" fill=\"currentColor\" xmlns=\"http:\/\/www.w3.org\/2000\/svg\">\n                <path\n                    d=\"M351.14 307.14L348.91 306.66C348.606 307.477 348.221 308.261 347.76 309C339.34 319.8 331.34 331 322.3 341.22C314.78 349.76 314.23 349.4 322.49 356.89C312.88 370.98 300.49 382.18 286.05 391.12C260.2 407.12 231.66 414.41 201.69 417.12C196.31 417.61 195.69 414.95 195.57 410.53C195.01 386.72 194.12 362.92 193.48 339.11C191.66 271.85 189.833 204.573 188 137.28C187.86 132.28 189.65 130.76 194.4 130.91C202.483 131.324 210.584 131.257 218.66 130.71C221.45 130.46 225.23 127.91 226.39 125.41C229.34 119.05 224.92 113.29 217.67 113.2C207.9 113.09 198.12 113.2 187.97 113.2C187.5 105.54 187.33 98.78 186.61 92.08C185.61 83.24 188.54 77.44 196.91 73.08C210.91 65.89 218.75 49.27 216.56 34.6C215.353 26.5533 211.702 19.072 206.102 13.1694C200.501 7.26673 193.222 3.22793 185.25 1.6C183.593 1.15335 181.961 0.619266 180.36 0H175.11C170.11 1.64 164.91 2.67 160.34 5C147.34 11.72 139.78 22.6 138.92 37.27C138.02 52.77 144.58 64.99 157.92 72.88C164.92 77.04 168.37 82.23 167.73 90.44C167.373 96.0999 167.33 101.775 167.6 107.44C167.74 111.66 166.13 113.27 161.85 113.15C153.76 112.92 145.66 113 137.57 113.15C131.88 113.25 129.46 116.55 129.48 122.06C129.5 127.57 131.48 130.9 137.48 130.89C144.04 130.89 150.6 130.89 157.17 130.89C167.26 130.89 167.12 130.89 166.87 141.07C165.81 184.123 164.81 227.167 163.87 270.2C162.863 317.18 161.95 364.18 161.13 411.2C161.05 416.09 159.44 418.01 154.64 417.46C149.84 416.91 145.04 416.74 140.29 416.08C108.81 411.74 79.2899 402.08 54.4099 381.69C45.7599 374.6 38.4099 365.89 30.1899 357.6C34.9399 353.37 38.6199 350.22 34.8699 345.03C25.9299 332.7 16.9999 320.29 7.99989 308C7.11989 306.79 5.32989 306.24 3.99989 305.38C3.31989 306.64 2.21989 307.83 1.99989 309.16C-0.680108 328.03 1.36989 346.62 6.26989 364.88C7.75989 370.46 13.0599 371.39 17.6599 367.7C18.7599 366.82 19.8999 365.97 21.6599 364.6C38.8499 395.6 67.0799 413.05 96.8399 428.38C112.31 436.38 128.04 444.23 144.44 449.88C159.84 455.18 171.65 462.41 175.44 479.16C175.656 479.796 176.026 480.369 176.519 480.826C177.011 481.284 177.609 481.612 178.26 481.78C178.907 481.625 179.503 481.308 179.993 480.858C180.483 480.408 180.85 479.841 181.06 479.21C183.28 464.5 192.68 455.55 205.9 451.53C226.64 445.21 245.18 434.63 263.9 424.33C285.43 412.5 306.45 399.93 321.62 379.83C325.4 374.83 329.03 369.71 332.73 364.64C341.51 371.36 346.73 371.07 347.87 363.36C350.19 348.12 351.48 332.7 352.8 317.36C353.17 314 351.77 310.53 351.14 307.14ZM177.7 63.23C164.87 63.23 153.7 51.97 154.01 39.32C154.186 33.144 156.749 27.2768 161.162 22.9521C165.574 18.6273 171.492 16.1819 177.67 16.13C190.59 16.13 201.67 27.23 201.38 39.95C201.09 52.67 190.25 63.23 177.7 63.23Z\"\n                    fill=\"currentColor\" \/>\n            <\/svg>\n            <span\n                class=\"text-5xl lg:text-8xl 2xl:text-[82px] ml-1 lg:ml-2 font-serif uppercase text-bc-navy\">\n                CENTRUM PUNTA CANA            <\/span>\n        <\/div>\n        <div class=\"flex items-center\">\n            <div class=\"w-full h-0.5 lg:h-1 bg-gradient-to-r from-bc-green to-bc-green-dark\"><\/div>\n            <span class=\"ml-2 text-2xl lg:text-4xl 2xl:text-5xl font-sans whitespace-nowrap uppercase text-bc-green\">\n                NIERUCHOMO\u015aCI            <\/span>\n        <\/div>\n    <\/h1>\n<\/div><\/div>\n\n\n\n<div style=\"height:48px\" aria-hidden=\"true\" class=\"wp-block-spacer\"><\/div>\n\n\n\n<div class=\"wp-block-group is-layout-constrained wp-container-core-group-is-layout-801f6f31 wp-block-group-is-layout-constrained\">\n<div class=\"wp-block-group prose has-bc-navy-color has-text-color is-layout-constrained wp-block-group-is-layout-constrained\">\n<p class=\"has-text-align-center\">Witamy w centrum Punta Cana, gdzie t\u0119tni\u0105ce \u017cyciem miejskie \u017cycie spotyka si\u0119 ze spokojn\u0105 karaibsk\u0105 atmosfer\u0105.\nJako eksperci w dziedzinie <a href=\"http:\/\/13.220.237.230:8080\/pl\/nieruchomosci-na-dominikanie\/punta-cana\/\">nieruchomo\u015bci<\/a> w <a href=\"http:\/\/13.220.237.230:8080\/pl\/nieruchomosci-na-dominikanie\/punta-cana\/\">Punta Cana<\/a>, <a href=\"http:\/\/13.220.237.230:8080\/pl\/\">Blue Caribbean Properties<\/a> z dum\u0105 prezentuje ekskluzywne mo\u017cliwo\u015bci mieszkaniowe i komercyjne dost\u0119pne w obszarze Downtown Punta Cana.   <\/p>\n\n\n\n<p class=\"has-text-align-center\">Niezale\u017cnie od tego, czy szukasz luksusowego mieszkania, nowoczesnej willi czy nieruchomo\u015bci komercyjnej, Downtown Punta Cana oferuje co\u015b dla ka\u017cdego, kto chce zainwestowa\u0107 lub zamieszka\u0107 w tym rozwijaj\u0105cym si\u0119 regionie.<\/p>\n<\/div>\n\n\n\n<div class=\"wp-block-group is-layout-constrained wp-block-group-is-layout-constrained\">\n<div style=\"height:32px\" aria-hidden=\"true\" class=\"wp-block-spacer\"><\/div>\n\n\n\n<h2 class=\"wp-block-heading has-text-align-center has-bc-navy-color has-text-color has-4-xl-font-size\" style=\"font-style:normal;font-weight:300\"><strong>Nieruchomo\u015bci na sprzeda\u017c w centrum Punta Cana<\/strong><\/h2>\n\n\n\n<div style=\"height:32px\" aria-hidden=\"true\" class=\"wp-block-spacer\"><\/div>\n<\/div>\n<\/div>\n\n\n\n<div style=\"height:48px\" aria-hidden=\"true\" class=\"wp-block-spacer\"><\/div>\n<\/div>\n<\/div>\n\n<div \n  id=\"block-listing\"\n  class=\"bc-block-listing w-full\"\n  data-country='149' \n  data-tag='0' \n  data-sort='-timestamp'\n  data-category='0'\n  data-city='60'\n  data-sector='87531'\n  ><\/div>\n  \n<div class=\"wp-block-group is-layout-constrained wp-block-group-is-layout-constrained\">\n<div style=\"height:64px\" aria-hidden=\"true\" class=\"wp-block-spacer\"><\/div>\n\n\n\n<h2 class=\"wp-block-heading has-text-align-center has-bc-navy-color has-text-color has-4-xl-font-size\" style=\"font-style:normal;font-weight:300\"><strong>Typy dom\u00f3w na sprzeda\u017c w centrum Punta Cana<\/strong><\/h2>\n\n\n\n<div style=\"height:64px\" aria-hidden=\"true\" class=\"wp-block-spacer\"><\/div>\n\n\n\n<div class=\"wp-block-columns is-layout-flex wp-container-core-columns-is-layout-9d6595d7 wp-block-columns-is-layout-flex\">\n<div class=\"wp-block-column is-layout-flow wp-block-column-is-layout-flow\">\n<div class=\"wp-block-uagb-info-box uagb-block-c9efd16a uagb-infobox__content-wrap  uagb-infobox-icon-above-title uagb-infobox-image-valign-top\"><div class=\"uagb-ifb-content\"><div class=\"uagb-ifb-image-content\"><img decoding=\"async\" src=\"http:\/\/13.220.237.230:8080\/wp-content\/uploads\/2023\/11\/bungalow-150x150.png\" alt=\"\" width=\"120\" height=\"120\" loading=\"lazy\"\/><\/div><div class=\"uagb-ifb-title-wrap\"><\/div><div class=\"uagb-ifb-button-wrapper wp-block-button\"><a href=\"#\" target=\"_self\" onclick=\"return false;\" class=\"uagb-infobox-cta-link\" rel=\"noopener noreferrer\"><span class=\"uagb-inline-editing\">Wille w centrum Punta Cana<\/span><\/a><\/div><\/div><\/div>\n<\/div>\n\n\n\n<div class=\"wp-block-column is-layout-flow wp-block-column-is-layout-flow\">\n<div class=\"wp-block-uagb-info-box uagb-block-f2b78919 uagb-infobox__content-wrap  uagb-infobox-icon-above-title uagb-infobox-image-valign-top\"><div class=\"uagb-ifb-content\"><div class=\"uagb-ifb-image-content\"><img decoding=\"async\" src=\"http:\/\/13.220.237.230:8080\/wp-content\/uploads\/2023\/11\/edificio-150x150.png\" alt=\"\" width=\"120\" height=\"120\" loading=\"lazy\"\/><\/div><div class=\"uagb-ifb-title-wrap\"><\/div><div class=\"uagb-ifb-button-wrapper wp-block-button\"><a href=\"#\" target=\"_self\" onclick=\"return false;\" class=\"uagb-infobox-cta-link\" rel=\"noopener noreferrer\"><span class=\"uagb-inline-editing\">Centrum Punta Cana<\/span><\/a><\/div><\/div><\/div>\n<\/div>\n\n\n\n<div class=\"wp-block-column is-layout-flow wp-block-column-is-layout-flow\">\n<div class=\"wp-block-uagb-info-box uagb-block-a2bdd271 uagb-infobox__content-wrap  uagb-infobox-icon-above-title uagb-infobox-image-valign-top\"><div class=\"uagb-ifb-content\"><div class=\"uagb-ifb-image-content\"><img decoding=\"async\" src=\"http:\/\/13.220.237.230:8080\/wp-content\/uploads\/2023\/11\/villa-150x150.png\" alt=\"\" width=\"120\" height=\"120\" loading=\"lazy\"\/><\/div><div class=\"uagb-ifb-title-wrap\"><\/div><div class=\"uagb-ifb-button-wrapper wp-block-button\"><a href=\"#\" target=\"_self\" onclick=\"return false;\" class=\"uagb-infobox-cta-link\" rel=\"noopener noreferrer\"><span class=\"uagb-inline-editing\">Mieszkania w centrum Punta Cana<\/span><\/a><\/div><\/div><\/div>\n<\/div>\n<\/div>\n\n\n\n<div style=\"height:64px\" aria-hidden=\"true\" class=\"wp-block-spacer\"><\/div>\n<\/div>\n\n<div class=\"wp-block-group alignwide is-layout-flow wp-block-group-is-layout-flow\">\n<div class=\"wp-block-group alignfull is-layout-constrained wp-block-group-is-layout-constrained\">\n<div style=\"height:48px\" aria-hidden=\"true\" class=\"wp-block-spacer\"><\/div>\n\n\n\n<h2 class=\"wp-block-heading has-text-align-center has-bc-navy-color has-text-color has-4-xl-font-size\" style=\"font-style:normal;font-weight:300\"><strong>Dlaczego warto wybra\u0107 centrum Punta Cana?<\/strong><\/h2>\n\n\n\n<p class=\"has-text-align-center\">Downtown Punta Cana to t\u0119tni\u0105ce \u017cyciem centrum miasta, oferuj\u0105ce dynamiczn\u0105 mieszank\u0119 nowoczesnej infrastruktury, centr\u00f3w handlowych, restauracji, lokali rozrywkowych i niezb\u0119dnych us\u0142ug.\nPo\u0142o\u017cone zaledwie kilka minut od mi\u0119dzynarodowego lotniska Punta Cana i pi\u0119knych pla\u017c regionu, Downtown Punta Cana zapewnia zar\u00f3wno wygod\u0119, jak i dost\u0119pno\u015b\u0107, co czyni go idealnym miejscem zar\u00f3wno dla inwestycji mieszkaniowych, jak i komercyjnych. <\/p>\n\n\n\n<div style=\"height:48px\" aria-hidden=\"true\" class=\"wp-block-spacer\"><\/div>\n\n\n\n<h3 class=\"wp-block-heading has-text-align-center has-bc-navy-color has-text-color has-4-xl-font-size\" style=\"font-style:normal;font-weight:300\"><strong>Mo\u017cliwo\u015bci inwestycyjne<\/strong><\/h3>\n\n\n\n<div style=\"height:48px\" aria-hidden=\"true\" class=\"wp-block-spacer\"><\/div>\n\n\n\n<p>Jako komercyjne i spo\u0142eczne centrum Punta Cana, Downtown Punta Cana szybko si\u0119 rozwija, co czyni go doskona\u0142\u0105 lokalizacj\u0105 dla inwestycji w nieruchomo\u015bci.\nNiezale\u017cnie od tego, czy szukasz mieszkania, willi czy powierzchni komercyjnej, inwestowanie w nieruchomo\u015bci w centrum Punta Cana zapewnia nie tylko wygodny styl \u017cycia, ale tak\u017ce doskona\u0142y potencja\u0142 zysk\u00f3w finansowych, poniewa\u017c obszar ten nadal si\u0119 rozwija. <\/p>\n\n\n\n<div style=\"height:48px\" aria-hidden=\"true\" class=\"wp-block-spacer\"><\/div>\n\n\n\n<h2 class=\"wp-block-heading has-text-align-center has-bc-navy-color has-text-color has-4-xl-font-size\" style=\"font-style:normal;font-weight:300\"><strong>Dlaczego warto zainwestowa\u0107 w Punta Cana?<\/strong><\/h2>\n\n\n\n<div style=\"height:48px\" aria-hidden=\"true\" class=\"wp-block-spacer\"><\/div>\n\n\n\n<p>Region Punta Cana nadal przyci\u0105ga turyst\u00f3w, emigrant\u00f3w i inwestor\u00f3w ze wzgl\u0119du na \u015bwiatowej klasy pla\u017ce, dynamicznie rozwijaj\u0105c\u0105 si\u0119 infrastruktur\u0119 i kwitn\u0105c\u0105 gospodark\u0119.\nDzi\u0119ki nieruchomo\u015bciom w centrum Punta Cana staniesz si\u0119 cz\u0119\u015bci\u0105 kwitn\u0105cej, my\u015bl\u0105cej przysz\u0142o\u015bciowo spo\u0142eczno\u015bci. <a href=\"http:\/\/13.220.237.230:8080\/pl\/nieruchomosci-na-dominikanie\/\"><strong>nieruchomo\u015bci na Dominikanie<\/strong><\/a> oferuje stabilny wzrost i rentowno\u015b\u0107.\nPosiadanie nieruchomo\u015bci w Punta Cana to nie tylko inwestycja w styl \u017cycia, ale tak\u017ce solidna okazja finansowa.  <\/p>\n<\/div>\n<\/div>\n","protected":false},"excerpt":{"rendered":"<p>Witamy w centrum Punta Cana, gdzie t\u0119tni\u0105ce \u017cyciem miejskie \u017cycie spotyka si\u0119 ze spokojn\u0105 karaibsk\u0105 atmosfer\u0105. Jako eksperci w dziedzinie nieruchomo\u015bci w Punta Cana, Blue Caribbean Properties z dum\u0105 prezentuje ekskluzywne mo\u017cliwo\u015bci mieszkaniowe i komercyjne dost\u0119pne w obszarze Downtown Punta Cana. Niezale\u017cnie od tego, czy szukasz luksusowego mieszkania, nowoczesnej willi czy nieruchomo\u015bci komercyjnej, Downtown Punta [&hellip;]<\/p>\n","protected":false},"author":1,"featured_media":1555,"parent":4777,"menu_order":0,"comment_status":"closed","ping_status":"closed","template":"","meta":{"_acf_changed":false,"_eb_attr":"","inline_featured_image":false,"_uag_custom_page_level_css":"","footnotes":""},"class_list":["post-14398","page","type-page","status-publish","has-post-thumbnail","hentry"],"acf":[],"featured_image_src":"https:\/\/stagingwprep.grassurntech.com\/wp-content\/uploads\/2023\/07\/about-palmeras.jpg","featured_image_src_square":"https:\/\/stagingwprep.grassurntech.com\/wp-content\/uploads\/2023\/07\/about-palmeras.jpg","uagb_featured_image_src":{"full":["https:\/\/stagingwprep.grassurntech.com\/wp-content\/uploads\/2023\/07\/about-palmeras.jpg",1728,733,false],"thumbnail":["https:\/\/stagingwprep.grassurntech.com\/wp-content\/uploads\/2023\/07\/about-palmeras-150x150.jpg",150,150,true],"medium":["https:\/\/stagingwprep.grassurntech.com\/wp-content\/uploads\/2023\/07\/about-palmeras-300x127.jpg",300,127,true],"medium_large":["https:\/\/stagingwprep.grassurntech.com\/wp-content\/uploads\/2023\/07\/about-palmeras-768x326.jpg",768,326,true],"large":["https:\/\/stagingwprep.grassurntech.com\/wp-content\/uploads\/2023\/07\/about-palmeras-1024x434.jpg",1024,434,true],"1536x1536":["https:\/\/stagingwprep.grassurntech.com\/wp-content\/uploads\/2023\/07\/about-palmeras-1536x652.jpg",1536,652,true],"2048x2048":["https:\/\/stagingwprep.grassurntech.com\/wp-content\/uploads\/2023\/07\/about-palmeras.jpg",1728,733,false],"gb-block-post-grid-landscape":["https:\/\/stagingwprep.grassurntech.com\/wp-content\/uploads\/2023\/07\/about-palmeras.jpg",600,255,false],"gb-block-post-grid-square":["https:\/\/stagingwprep.grassurntech.com\/wp-content\/uploads\/2023\/07\/about-palmeras.jpg",600,255,false]},"uagb_author_info":{"display_name":"@blueAdmon","author_link":"https:\/\/stagingwprep.grassurntech.com\/pl\/author\/nubeseo\/"},"uagb_comment_info":0,"uagb_excerpt":"Witamy w centrum Punta Cana, gdzie t\u0119tni\u0105ce \u017cyciem miejskie \u017cycie spotyka si\u0119 ze spokojn\u0105 karaibsk\u0105 atmosfer\u0105. Jako eksperci w dziedzinie nieruchomo\u015bci w Punta Cana, Blue Caribbean Properties z dum\u0105 prezentuje ekskluzywne mo\u017cliwo\u015bci mieszkaniowe i komercyjne dost\u0119pne w obszarze Downtown Punta Cana. Niezale\u017cnie od tego, czy szukasz luksusowego mieszkania, nowoczesnej willi czy nieruchomo\u015bci komercyjnej, Downtown Punta&hellip;","_links":{"self":[{"href":"https:\/\/stagingwprep.grassurntech.com\/pl\/wp-json\/wp\/v2\/pages\/14398","targetHints":{"allow":["GET"]}}],"collection":[{"href":"https:\/\/stagingwprep.grassurntech.com\/pl\/wp-json\/wp\/v2\/pages"}],"about":[{"href":"https:\/\/stagingwprep.grassurntech.com\/pl\/wp-json\/wp\/v2\/types\/page"}],"author":[{"embeddable":true,"href":"https:\/\/stagingwprep.grassurntech.com\/pl\/wp-json\/wp\/v2\/users\/1"}],"replies":[{"embeddable":true,"href":"https:\/\/stagingwprep.grassurntech.com\/pl\/wp-json\/wp\/v2\/comments?post=14398"}],"version-history":[{"count":2,"href":"https:\/\/stagingwprep.grassurntech.com\/pl\/wp-json\/wp\/v2\/pages\/14398\/revisions"}],"predecessor-version":[{"id":14400,"href":"https:\/\/stagingwprep.grassurntech.com\/pl\/wp-json\/wp\/v2\/pages\/14398\/revisions\/14400"}],"up":[{"embeddable":true,"href":"https:\/\/stagingwprep.grassurntech.com\/pl\/wp-json\/wp\/v2\/pages\/4777"}],"wp:featuredmedia":[{"embeddable":true,"href":"https:\/\/stagingwprep.grassurntech.com\/pl\/wp-json\/wp\/v2\/media\/1555"}],"wp:attachment":[{"href":"https:\/\/stagingwprep.grassurntech.com\/pl\/wp-json\/wp\/v2\/media?parent=14398"}],"curies":[{"name":"wp","href":"https:\/\/api.w.org\/{rel}","templated":true}]}}