{"id":10115,"date":"2024-03-04T08:05:50","date_gmt":"2024-03-04T13:05:50","guid":{"rendered":"https:\/\/staging.bluecaribbeanproperties.com\/?page_id=10115"},"modified":"2024-03-12T08:28:31","modified_gmt":"2024-03-12T12:28:31","slug":"kondole","status":"publish","type":"page","link":"https:\/\/stagingwprep.grassurntech.com\/pl\/nieruchomosci-w-meksyku\/solidarnosc\/kondole\/","title":{"rendered":"Kondole"},"content":{"rendered":"\n<section class=\"bc-hero-block relative\" style=\"background-image:url('https:\/\/stagingwprep.grassurntech.com\/wp-content\/uploads\/2023\/08\/beach-classic.jpg');\">\n      <div class=\"bc-hero-block__breadcrumb\">\n          <nav aria-label=\"Breadcrumb\" class=\"flex items-center py-3\"><ol class=\"breadcrumbs flex items-center space-x-2\" itemscope itemtype=\"https:\/\/schema.org\/BreadcrumbList\"><li itemprop=\"itemListElement\" itemscope itemtype=\"https:\/\/schema.org\/ListItem\" class=\"flex items-center\"><a href=\"https:\/\/stagingwprep.grassurntech.com\/pl\/\" itemprop=\"item\" class=\"text-bc-green hover:text-white\"><span itemprop=\"name\">Caribbean Real Estate<\/span><meta itemprop=\"position\" content=\"1\" \/><\/a><\/li><span class=\"text-white mx-2\"> > <\/span><\/ol><\/nav>      <\/div>\n<\/section>\n\n\n<div class=\"wp-block-group alignwide is-layout-flow wp-block-group-is-layout-flow\">\n<div class=\"wp-block-group alignfull is-layout-constrained wp-block-group-is-layout-constrained\">\n<div style=\"height:48px\" aria-hidden=\"true\" class=\"wp-block-spacer\"><\/div>\n\n\n\n<div class=\"wp-block-group alignfull is-content-justification-center is-nowrap is-layout-flex wp-container-core-group-is-layout-94bc23d7 wp-block-group-is-layout-flex\"><div class=\"flex items-center justify-start\">\n    <h1 class=\"flex flex-col\">\n        <div class=\"flex items-center\">\n            <svg class=\"mr-1 text-bc-blue w-auto h-10 md:h-12 lg:h-16 2xl:h-20\"\n                width=\"353\" height=\"482\" viewBox=\"0 0 353 482\" fill=\"currentColor\" xmlns=\"http:\/\/www.w3.org\/2000\/svg\">\n                <path\n                    d=\"M351.14 307.14L348.91 306.66C348.606 307.477 348.221 308.261 347.76 309C339.34 319.8 331.34 331 322.3 341.22C314.78 349.76 314.23 349.4 322.49 356.89C312.88 370.98 300.49 382.18 286.05 391.12C260.2 407.12 231.66 414.41 201.69 417.12C196.31 417.61 195.69 414.95 195.57 410.53C195.01 386.72 194.12 362.92 193.48 339.11C191.66 271.85 189.833 204.573 188 137.28C187.86 132.28 189.65 130.76 194.4 130.91C202.483 131.324 210.584 131.257 218.66 130.71C221.45 130.46 225.23 127.91 226.39 125.41C229.34 119.05 224.92 113.29 217.67 113.2C207.9 113.09 198.12 113.2 187.97 113.2C187.5 105.54 187.33 98.78 186.61 92.08C185.61 83.24 188.54 77.44 196.91 73.08C210.91 65.89 218.75 49.27 216.56 34.6C215.353 26.5533 211.702 19.072 206.102 13.1694C200.501 7.26673 193.222 3.22793 185.25 1.6C183.593 1.15335 181.961 0.619266 180.36 0H175.11C170.11 1.64 164.91 2.67 160.34 5C147.34 11.72 139.78 22.6 138.92 37.27C138.02 52.77 144.58 64.99 157.92 72.88C164.92 77.04 168.37 82.23 167.73 90.44C167.373 96.0999 167.33 101.775 167.6 107.44C167.74 111.66 166.13 113.27 161.85 113.15C153.76 112.92 145.66 113 137.57 113.15C131.88 113.25 129.46 116.55 129.48 122.06C129.5 127.57 131.48 130.9 137.48 130.89C144.04 130.89 150.6 130.89 157.17 130.89C167.26 130.89 167.12 130.89 166.87 141.07C165.81 184.123 164.81 227.167 163.87 270.2C162.863 317.18 161.95 364.18 161.13 411.2C161.05 416.09 159.44 418.01 154.64 417.46C149.84 416.91 145.04 416.74 140.29 416.08C108.81 411.74 79.2899 402.08 54.4099 381.69C45.7599 374.6 38.4099 365.89 30.1899 357.6C34.9399 353.37 38.6199 350.22 34.8699 345.03C25.9299 332.7 16.9999 320.29 7.99989 308C7.11989 306.79 5.32989 306.24 3.99989 305.38C3.31989 306.64 2.21989 307.83 1.99989 309.16C-0.680108 328.03 1.36989 346.62 6.26989 364.88C7.75989 370.46 13.0599 371.39 17.6599 367.7C18.7599 366.82 19.8999 365.97 21.6599 364.6C38.8499 395.6 67.0799 413.05 96.8399 428.38C112.31 436.38 128.04 444.23 144.44 449.88C159.84 455.18 171.65 462.41 175.44 479.16C175.656 479.796 176.026 480.369 176.519 480.826C177.011 481.284 177.609 481.612 178.26 481.78C178.907 481.625 179.503 481.308 179.993 480.858C180.483 480.408 180.85 479.841 181.06 479.21C183.28 464.5 192.68 455.55 205.9 451.53C226.64 445.21 245.18 434.63 263.9 424.33C285.43 412.5 306.45 399.93 321.62 379.83C325.4 374.83 329.03 369.71 332.73 364.64C341.51 371.36 346.73 371.07 347.87 363.36C350.19 348.12 351.48 332.7 352.8 317.36C353.17 314 351.77 310.53 351.14 307.14ZM177.7 63.23C164.87 63.23 153.7 51.97 154.01 39.32C154.186 33.144 156.749 27.2768 161.162 22.9521C165.574 18.6273 171.492 16.1819 177.67 16.13C190.59 16.13 201.67 27.23 201.38 39.95C201.09 52.67 190.25 63.23 177.7 63.23Z\"\n                    fill=\"currentColor\" \/>\n            <\/svg>\n            <span\n                class=\"text-5xl lg:text-8xl 2xl:text-[82px] ml-1 lg:ml-2 font-serif uppercase text-bc-navy\">\n                MIESZKANIA NA SPRZEDA\u017b            <\/span>\n        <\/div>\n        <div class=\"flex items-center\">\n            <div class=\"w-full h-0.5 lg:h-1 bg-gradient-to-r from-bc-green to-bc-green-dark\"><\/div>\n            <span class=\"ml-2 text-2xl lg:text-4xl 2xl:text-5xl font-sans whitespace-nowrap uppercase text-bc-green\">\n                W PLAYA DEL CARMEN            <\/span>\n        <\/div>\n    <\/h1>\n<\/div><\/div>\n\n\n\n<div style=\"height:48px\" aria-hidden=\"true\" class=\"wp-block-spacer\"><\/div>\n\n\n\n<div class=\"wp-block-group is-layout-constrained wp-container-core-group-is-layout-801f6f31 wp-block-group-is-layout-constrained\">\n<div class=\"wp-block-group prose has-bc-navy-color has-text-color is-layout-constrained wp-block-group-is-layout-constrained\">\n<p>Witamy w naszej ekskluzywnej kolekcji <strong>luksusowych kondomini\u00f3w po\u0142o\u017conych w samym sercu Playa del Carmen<\/strong>, znanego na ca\u0142ym \u015bwiecie raju na meksyka\u0144skim wybrze\u017cu Morza Karaibskiego. Nasze starannie wyselekcjonowane portfolio oferuje wyj\u0105tkow\u0105 okazj\u0119 do posiadania kawa\u0142ka tego tropikalnego raju. Ka\u017cdy z naszych apartament\u00f3w zapewnia idealne po\u0142\u0105czenie elegancji, komfortu i nowoczesnych udogodnie\u0144, zapewniaj\u0105c niezr\u00f3wnane wra\u017cenia z \u017cycia.<\/p>\n\n\n\n<p>W Blue Caribbean <a href=\"http:\/\/13.220.237.230:8080\/pl\/nieruchomosci-w-meksyku\/solidarnosc\/\">properties w Playa del Carmen<\/a> jeste\u015bmy dumni z tego, \u017ce jeste\u015bmy wiod\u0105cymi ekspertami w dziedzinie <a href=\"http:\/\/13.220.237.230:8080\/pl\/\">karaibskich nieruchomo\u015bci<\/a>, ze szczeg\u00f3lnym uwzgl\u0119dnieniem <a href=\"http:\/\/13.220.237.230:8080\/pl\/nieruchomosci-w-meksyku\/\">nieruchomo\u015bci w Meksyku<\/a> i urokliwego miasta Playa del Carmen. Nasze bogate do\u015bwiadczenie i dog\u0142\u0119bne zrozumienie lokalnego rynku nieruchomo\u015bci pozwalaj\u0105 nam zapewni\u0107 naszym klientom niezr\u00f3wnane doradztwo i obs\u0142ug\u0119.<\/p>\n<\/div>\n\n\n\n<div class=\"wp-block-group is-layout-constrained wp-block-group-is-layout-constrained\">\n<div style=\"height:32px\" aria-hidden=\"true\" class=\"wp-block-spacer\"><\/div>\n\n\n\n<h2 class=\"wp-block-heading has-text-align-center has-bc-navy-color has-text-color has-4-xl-font-size\" style=\"font-style:normal;font-weight:300\">Playa del Carmen Condos nieruchomo\u015bci na sprzeda\u017c<\/h2>\n\n\n\n<div style=\"height:32px\" aria-hidden=\"true\" class=\"wp-block-spacer\"><\/div>\n<\/div>\n<\/div>\n\n\n\n<div style=\"height:48px\" aria-hidden=\"true\" class=\"wp-block-spacer\"><\/div>\n<\/div>\n<\/div>\n\n\n\n<div \n  id=\"block-listing\"\n  class=\"bc-block-listing w-full\"\n  data-country='203' \n  data-tag='8844' \n  data-sort='-timestamp'\n  data-category='0'\n  data-city='2050'\n  data-sector='0'\n  ><\/div>\n  \n\n\n<div class=\"wp-block-group alignwide is-layout-flow wp-block-group-is-layout-flow\">\n<div class=\"wp-block-group alignfull is-layout-constrained wp-block-group-is-layout-constrained\">\n<div style=\"height:48px\" aria-hidden=\"true\" class=\"wp-block-spacer\"><\/div>\n\n\n\n<h2 class=\"wp-block-heading has-text-align-center has-bc-navy-color has-text-color has-4-xl-font-size\" style=\"font-style:normal;font-weight:300\"><strong>Eleganckie przestrzenie mieszkalne<\/strong><\/h2>\n\n\n\n<div style=\"height:48px\" aria-hidden=\"true\" class=\"wp-block-spacer\"><\/div>\n\n\n\n<p>Nasze apartamenty oferuj\u0105 przestronne przestrzenie mieszkalne, zaprojektowane z my\u015bl\u0105 o wyrafinowaniu i komforcie. Od rozleg\u0142ych taras\u00f3w oferuj\u0105cych zapieraj\u0105ce dech w piersiach widoki na ocean, po elegancko urz\u0105dzone wn\u0119trza z wysokiej klasy wyko\u0144czeniami, nasze apartamenty zosta\u0142y stworzone, aby przekroczy\u0107 Twoje oczekiwania. Niezale\u017cnie od tego, czy szukasz przytulnego studia, czy przestronnej rezydencji z trzema sypialniami, mamy idealn\u0105 opcj\u0119, kt\u00f3ra pasuje do Twojego stylu \u017cycia.  <\/p>\n\n\n\n<div style=\"height:48px\" aria-hidden=\"true\" class=\"wp-block-spacer\"><\/div>\n\n\n\n<h2 class=\"wp-block-heading has-text-align-center has-bc-navy-color has-text-color has-4-xl-font-size\" style=\"font-style:normal;font-weight:300\"><strong>Mo\u017cliwo\u015bci inwestycyjne<\/strong><\/h2>\n\n\n\n<div style=\"height:48px\" aria-hidden=\"true\" class=\"wp-block-spacer\"><\/div>\n\n\n\n<p>Posiadanie <strong>mieszkania w Playa del Carmen<\/strong> to nie tylko inwestycja w styl \u017cycia, ale tak\u017ce m\u0105dra decyzja finansowa. Popularno\u015b\u0107 regionu w\u015br\u00f3d mi\u0119dzynarodowych turyst\u00f3w i silny rynek wynajmu stanowi\u0105 doskona\u0142\u0105 okazj\u0119 do zwrotu z inwestycji. Nasz zesp\u00f3\u0142 oferuje kompleksowe us\u0142ugi zarz\u0105dzania nieruchomo\u015bciami, aby zapewni\u0107, \u017ce Twoja inwestycja jest dobrze utrzymana i generuje doch\u00f3d, nawet gdy jeste\u015b poza domem.<\/p>\n\n\n\n<p>Mi\u0142o nam r\u00f3wnie\u017c wspomnie\u0107, \u017ce mamy wiele mieszka\u0144 dost\u0119pnych w cenach poni\u017cej 200 USD, kt\u00f3re s\u0105 przeznaczone dla os\u00f3b poszukuj\u0105cych wyj\u0105tkowej warto\u015bci.<\/p>\n\n\n\n<div style=\"height:48px\" aria-hidden=\"true\" class=\"wp-block-spacer\"><\/div>\n<\/div>\n<\/div>\n","protected":false},"excerpt":{"rendered":"<p>Witamy w naszej ekskluzywnej kolekcji luksusowych kondomini\u00f3w po\u0142o\u017conych w samym sercu Playa del Carmen, znanego na ca\u0142ym \u015bwiecie raju na meksyka\u0144skim wybrze\u017cu Morza Karaibskiego. Nasze starannie wyselekcjonowane portfolio oferuje wyj\u0105tkow\u0105 okazj\u0119 do posiadania kawa\u0142ka tego tropikalnego raju. Ka\u017cdy z naszych apartament\u00f3w zapewnia idealne po\u0142\u0105czenie elegancji, komfortu i nowoczesnych udogodnie\u0144, zapewniaj\u0105c niezr\u00f3wnane wra\u017cenia z \u017cycia. W [&hellip;]<\/p>\n","protected":false},"author":1,"featured_media":2280,"parent":4950,"menu_order":0,"comment_status":"closed","ping_status":"closed","template":"","meta":{"_acf_changed":false,"_eb_attr":"","inline_featured_image":false,"_uag_custom_page_level_css":"","footnotes":""},"class_list":["post-10115","page","type-page","status-publish","has-post-thumbnail","hentry"],"acf":[],"featured_image_src":"https:\/\/stagingwprep.grassurntech.com\/wp-content\/uploads\/2023\/08\/beach-classic.jpg","featured_image_src_square":"https:\/\/stagingwprep.grassurntech.com\/wp-content\/uploads\/2023\/08\/beach-classic.jpg","uagb_featured_image_src":{"full":["https:\/\/stagingwprep.grassurntech.com\/wp-content\/uploads\/2023\/08\/beach-classic.jpg",1920,1308,false],"thumbnail":["https:\/\/stagingwprep.grassurntech.com\/wp-content\/uploads\/2023\/08\/beach-classic-150x150.jpg",150,150,true],"medium":["https:\/\/stagingwprep.grassurntech.com\/wp-content\/uploads\/2023\/08\/beach-classic-300x204.jpg",300,204,true],"medium_large":["https:\/\/stagingwprep.grassurntech.com\/wp-content\/uploads\/2023\/08\/beach-classic-768x523.jpg",768,523,true],"large":["https:\/\/stagingwprep.grassurntech.com\/wp-content\/uploads\/2023\/08\/beach-classic-1024x698.jpg",1024,698,true],"1536x1536":["https:\/\/stagingwprep.grassurntech.com\/wp-content\/uploads\/2023\/08\/beach-classic-1536x1046.jpg",1536,1046,true],"2048x2048":["https:\/\/stagingwprep.grassurntech.com\/wp-content\/uploads\/2023\/08\/beach-classic.jpg",1920,1308,false],"gb-block-post-grid-landscape":["https:\/\/stagingwprep.grassurntech.com\/wp-content\/uploads\/2023\/08\/beach-classic.jpg",587,400,false],"gb-block-post-grid-square":["https:\/\/stagingwprep.grassurntech.com\/wp-content\/uploads\/2023\/08\/beach-classic.jpg",600,409,false]},"uagb_author_info":{"display_name":"@blueAdmon","author_link":"https:\/\/stagingwprep.grassurntech.com\/pl\/author\/nubeseo\/"},"uagb_comment_info":0,"uagb_excerpt":"Witamy w naszej ekskluzywnej kolekcji luksusowych kondomini\u00f3w po\u0142o\u017conych w samym sercu Playa del Carmen, znanego na ca\u0142ym \u015bwiecie raju na meksyka\u0144skim wybrze\u017cu Morza Karaibskiego. Nasze starannie wyselekcjonowane portfolio oferuje wyj\u0105tkow\u0105 okazj\u0119 do posiadania kawa\u0142ka tego tropikalnego raju. Ka\u017cdy z naszych apartament\u00f3w zapewnia idealne po\u0142\u0105czenie elegancji, komfortu i nowoczesnych udogodnie\u0144, zapewniaj\u0105c niezr\u00f3wnane wra\u017cenia z \u017cycia. W&hellip;","_links":{"self":[{"href":"https:\/\/stagingwprep.grassurntech.com\/pl\/wp-json\/wp\/v2\/pages\/10115","targetHints":{"allow":["GET"]}}],"collection":[{"href":"https:\/\/stagingwprep.grassurntech.com\/pl\/wp-json\/wp\/v2\/pages"}],"about":[{"href":"https:\/\/stagingwprep.grassurntech.com\/pl\/wp-json\/wp\/v2\/types\/page"}],"author":[{"embeddable":true,"href":"https:\/\/stagingwprep.grassurntech.com\/pl\/wp-json\/wp\/v2\/users\/1"}],"replies":[{"embeddable":true,"href":"https:\/\/stagingwprep.grassurntech.com\/pl\/wp-json\/wp\/v2\/comments?post=10115"}],"version-history":[{"count":3,"href":"https:\/\/stagingwprep.grassurntech.com\/pl\/wp-json\/wp\/v2\/pages\/10115\/revisions"}],"predecessor-version":[{"id":10245,"href":"https:\/\/stagingwprep.grassurntech.com\/pl\/wp-json\/wp\/v2\/pages\/10115\/revisions\/10245"}],"up":[{"embeddable":true,"href":"https:\/\/stagingwprep.grassurntech.com\/pl\/wp-json\/wp\/v2\/pages\/4950"}],"wp:featuredmedia":[{"embeddable":true,"href":"https:\/\/stagingwprep.grassurntech.com\/pl\/wp-json\/wp\/v2\/media\/2280"}],"wp:attachment":[{"href":"https:\/\/stagingwprep.grassurntech.com\/pl\/wp-json\/wp\/v2\/media?parent=10115"}],"curies":[{"name":"wp","href":"https:\/\/api.w.org\/{rel}","templated":true}]}}