{"id":4758,"date":"2023-08-17T08:02:58","date_gmt":"2023-08-17T12:02:58","guid":{"rendered":"http:\/\/bluecaribbean.test\/bavaro\/"},"modified":"2023-10-05T08:10:05","modified_gmt":"2023-10-05T12:10:05","slug":"bavaro","status":"publish","type":"page","link":"https:\/\/stagingwprep.grassurntech.com\/fr\/republique-dominicaine-immobilier\/bavaro\/","title":{"rendered":"Bavaro"},"content":{"rendered":"\n<section class=\"bc-hero-block relative\" style=\"background-image:url('https:\/\/stagingwprep.grassurntech.com\/wp-content\/uploads\/2023\/08\/punta-cana-1808458_1920.jpg');\">\n      <div class=\"bc-hero-block__breadcrumb\">\n          <nav aria-label=\"Breadcrumb\" class=\"flex items-center py-3\"><ol class=\"breadcrumbs flex items-center space-x-2\" itemscope itemtype=\"https:\/\/schema.org\/BreadcrumbList\"><li itemprop=\"itemListElement\" itemscope itemtype=\"https:\/\/schema.org\/ListItem\" class=\"flex items-center\"><a href=\"https:\/\/stagingwprep.grassurntech.com\/fr\/\" itemprop=\"item\" class=\"text-bc-green hover:text-white\"><span itemprop=\"name\">Caribbean Real Estate<\/span><meta itemprop=\"position\" content=\"1\" \/><\/a><\/li><span class=\"text-white mx-2\"> > <\/span><\/ol><\/nav>      <\/div>\n<\/section>\n<div class=\"wp-block-group alignwide is-layout-flow wp-block-group-is-layout-flow\">\n<div class=\"wp-block-group alignfull is-layout-constrained wp-block-group-is-layout-constrained\">\n<div style=\"height:48px\" aria-hidden=\"true\" class=\"wp-block-spacer\"><\/div>\n\n\n\n<div class=\"wp-block-group alignfull is-content-justification-center is-nowrap is-layout-flex wp-container-core-group-is-layout-94bc23d7 wp-block-group-is-layout-flex\"><div class=\"flex items-center justify-start\">\n    <h1 class=\"flex flex-col\">\n        <div class=\"flex items-center\">\n            <svg class=\"mr-1 text-bc-blue w-auto h-10 md:h-12 lg:h-16 2xl:h-20\"\n                width=\"353\" height=\"482\" viewBox=\"0 0 353 482\" fill=\"currentColor\" xmlns=\"http:\/\/www.w3.org\/2000\/svg\">\n                <path\n                    d=\"M351.14 307.14L348.91 306.66C348.606 307.477 348.221 308.261 347.76 309C339.34 319.8 331.34 331 322.3 341.22C314.78 349.76 314.23 349.4 322.49 356.89C312.88 370.98 300.49 382.18 286.05 391.12C260.2 407.12 231.66 414.41 201.69 417.12C196.31 417.61 195.69 414.95 195.57 410.53C195.01 386.72 194.12 362.92 193.48 339.11C191.66 271.85 189.833 204.573 188 137.28C187.86 132.28 189.65 130.76 194.4 130.91C202.483 131.324 210.584 131.257 218.66 130.71C221.45 130.46 225.23 127.91 226.39 125.41C229.34 119.05 224.92 113.29 217.67 113.2C207.9 113.09 198.12 113.2 187.97 113.2C187.5 105.54 187.33 98.78 186.61 92.08C185.61 83.24 188.54 77.44 196.91 73.08C210.91 65.89 218.75 49.27 216.56 34.6C215.353 26.5533 211.702 19.072 206.102 13.1694C200.501 7.26673 193.222 3.22793 185.25 1.6C183.593 1.15335 181.961 0.619266 180.36 0H175.11C170.11 1.64 164.91 2.67 160.34 5C147.34 11.72 139.78 22.6 138.92 37.27C138.02 52.77 144.58 64.99 157.92 72.88C164.92 77.04 168.37 82.23 167.73 90.44C167.373 96.0999 167.33 101.775 167.6 107.44C167.74 111.66 166.13 113.27 161.85 113.15C153.76 112.92 145.66 113 137.57 113.15C131.88 113.25 129.46 116.55 129.48 122.06C129.5 127.57 131.48 130.9 137.48 130.89C144.04 130.89 150.6 130.89 157.17 130.89C167.26 130.89 167.12 130.89 166.87 141.07C165.81 184.123 164.81 227.167 163.87 270.2C162.863 317.18 161.95 364.18 161.13 411.2C161.05 416.09 159.44 418.01 154.64 417.46C149.84 416.91 145.04 416.74 140.29 416.08C108.81 411.74 79.2899 402.08 54.4099 381.69C45.7599 374.6 38.4099 365.89 30.1899 357.6C34.9399 353.37 38.6199 350.22 34.8699 345.03C25.9299 332.7 16.9999 320.29 7.99989 308C7.11989 306.79 5.32989 306.24 3.99989 305.38C3.31989 306.64 2.21989 307.83 1.99989 309.16C-0.680108 328.03 1.36989 346.62 6.26989 364.88C7.75989 370.46 13.0599 371.39 17.6599 367.7C18.7599 366.82 19.8999 365.97 21.6599 364.6C38.8499 395.6 67.0799 413.05 96.8399 428.38C112.31 436.38 128.04 444.23 144.44 449.88C159.84 455.18 171.65 462.41 175.44 479.16C175.656 479.796 176.026 480.369 176.519 480.826C177.011 481.284 177.609 481.612 178.26 481.78C178.907 481.625 179.503 481.308 179.993 480.858C180.483 480.408 180.85 479.841 181.06 479.21C183.28 464.5 192.68 455.55 205.9 451.53C226.64 445.21 245.18 434.63 263.9 424.33C285.43 412.5 306.45 399.93 321.62 379.83C325.4 374.83 329.03 369.71 332.73 364.64C341.51 371.36 346.73 371.07 347.87 363.36C350.19 348.12 351.48 332.7 352.8 317.36C353.17 314 351.77 310.53 351.14 307.14ZM177.7 63.23C164.87 63.23 153.7 51.97 154.01 39.32C154.186 33.144 156.749 27.2768 161.162 22.9521C165.574 18.6273 171.492 16.1819 177.67 16.13C190.59 16.13 201.67 27.23 201.38 39.95C201.09 52.67 190.25 63.23 177.7 63.23Z\"\n                    fill=\"currentColor\" \/>\n            <\/svg>\n            <span\n                class=\"text-5xl lg:text-8xl 2xl:text-[82px] ml-1 lg:ml-2 font-serif uppercase text-bc-navy\">\n                BAVARO             <\/span>\n        <\/div>\n        <div class=\"flex items-center\">\n            <div class=\"w-full h-0.5 lg:h-1 bg-gradient-to-r from-bc-green to-bc-green-dark\"><\/div>\n            <span class=\"ml-2 text-2xl lg:text-4xl 2xl:text-5xl font-sans whitespace-nowrap uppercase text-bc-green\">\n                REAL ESTATE            <\/span>\n        <\/div>\n    <\/h1>\n<\/div><\/div>\n\n\n\n<div style=\"height:48px\" aria-hidden=\"true\" class=\"wp-block-spacer\"><\/div>\n\n\n\n<div class=\"wp-block-group has-bc-navy-color has-text-color is-layout-constrained wp-container-core-group-is-layout-801f6f31 wp-block-group-is-layout-constrained\">\n<div class=\"wp-block-group prose is-layout-constrained wp-block-group-is-layout-constrained\">\n<p class=\"has-text-align-center\">Explorez les <strong>listes de biens immobiliers de Bavaro<\/strong> et d\u00e9couvrez une gamme vari\u00e9e de quartiers disponibles \u00e0 la vente dans les r\u00e9gions de Bavaro Beach et de Punta Cana. Que vous soyez int\u00e9ress\u00e9 par une communaut\u00e9 de golf ferm\u00e9e, un quartier en bord de mer ou un acc\u00e8s facile \u00e0 la plage, laissez Blue Caribbean Properties vous aider \u00e0 trouver la propri\u00e9t\u00e9 id\u00e9ale. Contactez l&rsquo;un de nos agents d\u00e8s aujourd&rsquo;hui par t\u00e9l\u00e9phone ou par e-mail pour plus de d\u00e9tails ou pour organiser une visite.<\/p>\n\n\n\n<p class=\"has-text-align-center\"><strong>Costa Bavaro<\/strong> est un quartier situ\u00e9 <strong>pr\u00e8s du centre-ville de Punta Cana<\/strong>, Bavaro est une plage paradisiaque situ\u00e9e \u00e0 21 minutes de l&rsquo;a\u00e9roport international de Punta Cana. Comme la plupart des plages de Punta Cana, Bavaro poss\u00e8de des plages de sable blanc, un climat tropical chaud et une v\u00e9g\u00e9tation et des ressources naturelles exotiques.<\/p>\n\n\n\n<p class=\"has-text-align-center\">Appelez ou envoyez un courriel \u00e0 l&rsquo;un de nos agents pour plus d&rsquo;informations ou pour planifier une visite.<\/p>\n<\/div>\n<\/div>\n\n\n\n<div style=\"height:48px\" aria-hidden=\"true\" class=\"wp-block-spacer\"><\/div>\n<\/div>\n\n\n\n<div class=\"wp-block-group is-layout-constrained wp-block-group-is-layout-constrained\">\n<div style=\"height:32px\" aria-hidden=\"true\" class=\"wp-block-spacer\"><\/div>\n\n\n\n<h2 class=\"wp-block-heading has-text-align-center has-bc-navy-color has-text-color has-4-xl-font-size\" style=\"font-style:normal;font-weight:300\">Propri\u00e9t\u00e9s \u00e0 vendre \u00e0 Costa Bavaro<\/h2>\n\n\n\n<div style=\"height:32px\" aria-hidden=\"true\" class=\"wp-block-spacer\"><\/div>\n<\/div>\n<\/div>\n\n<div \n  id=\"block-listing\"\n  class=\"bc-block-listing w-full\"\n  data-country='149' \n  data-tag='0' \n  data-sort='-horodatage'\n  data-category='0'\n  data-city='59'\n  data-sector='0'\n  ><\/div>\n  \n<div class=\"wp-block-group is-layout-constrained wp-container-core-group-is-layout-48c9aa2a wp-block-group-is-layout-constrained\">\n<div class=\"wp-block-group is-layout-constrained wp-block-group-is-layout-constrained\">\n<div style=\"height:32px\" aria-hidden=\"true\" class=\"wp-block-spacer\"><\/div>\n\n\n\n<h2 class=\"wp-block-heading has-text-align-center has-bc-navy-color has-text-color has-4-xl-font-size\" style=\"font-style:normal;font-weight:300\">Investir \u00e0 Costa Bavaro<\/h2>\n\n\n\n<div style=\"height:32px\" aria-hidden=\"true\" class=\"wp-block-spacer\"><\/div>\n<\/div>\n\n\n<div class=\"wp-block-uagb-faq uagb-faq__outer-wrap uagb-block-23d19933 uagb-faq-icon-row-reverse uagb-faq-layout-accordion uagb-faq-expand-first-true uagb-faq-inactive-other-true uagb-faq__wrap uagb-buttons-layout-wrap uagb-faq-equal-height     \" data-faqtoggle=\"true\" role=\"tablist\"><script type=\"application\/ld+json\">{\"@context\":\"https:\\\/\\\/schema.org\",\"@type\":\"FAQPage\",\"@id\":\"https:\\\/\\\/stagingwprep.grassurntech.com\\\/fr\\\/republique-dominicaine-immobilier\\\/bavaro\\\/\",\"mainEntity\":[{\"@type\":\"Question\",\"name\":\"<strong>Costa Bavaro Dominican Republic<\\\/strong>\",\"acceptedAnswer\":{\"@type\":\"Answer\",\"text\":\"Costa Bavaro is a neighbourhood located near Punta Cana\\u2019s downtown, Bavaro which is a paradisiacal beach located 21 minutes away from Punta Cana\\u2019s International Airport. Like most of the beaches in Punta Cana, Bavaro has white sand beaches, tropical -warm- weather and exotic natural vegetation and resources.<br><br>Bavaro, by itself, is well-known for being a tourist area with a centre of services. For example, you may have heard of The Boulevard which is a great shopping and entertainment centre.\\u00a0 It also has vast gastronomic options and activities that will allow residents and visitors to enjoy resort-like activities.<br>\"}},{\"@type\":\"Question\",\"name\":\"<strong>How does Costa Bavaro differ from other neighborhoods in Punta Cana?<\\\/strong>\",\"acceptedAnswer\":{\"@type\":\"Answer\",\"text\":\"Having said this, how does Costa Bavaro differ from the other neighbourhoods in Punta Cana? Its apartments are less than 30 minutes away from the beach if you go walking, or 5 minutes by car. This neighbourhood is close to the highway and Cocotal golf club. <br><br>For its location, it is the perfect middle point between the beach and the prestigious amenities we have already mentioned.<br><br>If you are looking for houses for sale in Punta Cana, Costa Bavaro is the right option for you. This project under construction has 12 three-floor apartment buildings with different views. This neighbourhood has five-star amenities which include a clubhouse, pool, gym, private access to the beach, tennis and soccer courts, a BBQ area and a playground. The apartments have avant-garde and Caribbean styles and may have one or two bedrooms.\"}},{\"@type\":\"Question\",\"name\":\"<strong>Why investors find Costa Bavaro appealing?<\\\/strong>\",\"acceptedAnswer\":{\"@type\":\"Answer\",\"text\":\"Investors find this neighbourhood appealing and one of the most feasible in terms of cost-benefit. Why? They may find great price deals (properties start from only $80,000) and rest assured that the fact that this project is new prevents the expected repairs from buying an old property. This project also has tax benefits granted by the government (some of these regulations may grant tax benefits for 15 years).\\u00a0<br><br>If you think this is the right neighbourhood for you, contact us. In Blue Caribbean, we have the best team of experts to give you advice on the best option for your needs. Our clients are our priority; we, therefore, try to find the best deals that will ensure they will have the best buying experience in the Caribbean.<br>\"}}]}<\/script><div class=\"wp-block-uagb-faq-child uagb-faq-child__outer-wrap uagb-faq-item uagb-block-34a9ff05 \" role=\"tab\" tabindex=\"0\"><div class=\"uagb-faq-questions-button uagb-faq-questions\">\t\t\t<span class=\"uagb-icon uagb-faq-icon-wrap\">\n\t\t\t\t\t\t\t\t<svg xmlns=\"https:\/\/www.w3.org\/2000\/svg\" viewBox= \"0 0 448 512\"><path d=\"M432 256c0 17.69-14.33 32.01-32 32.01H256v144c0 17.69-14.33 31.99-32 31.99s-32-14.3-32-31.99v-144H48c-17.67 0-32-14.32-32-32.01s14.33-31.99 32-31.99H192v-144c0-17.69 14.33-32.01 32-32.01s32 14.32 32 32.01v144h144C417.7 224 432 238.3 432 256z\"><\/path><\/svg>\n\t\t\t\t\t\t\t<\/span>\n\t\t\t\t\t\t<span class=\"uagb-icon-active uagb-faq-icon-wrap\">\n\t\t\t\t\t\t\t\t<svg xmlns=\"https:\/\/www.w3.org\/2000\/svg\" viewBox= \"0 0 448 512\"><path d=\"M400 288h-352c-17.69 0-32-14.32-32-32.01s14.31-31.99 32-31.99h352c17.69 0 32 14.3 32 31.99S417.7 288 400 288z\"><\/path><\/svg>\n\t\t\t\t\t\t\t<\/span>\n\t\t\t<h3 class=\"uagb-question\"><strong>Costa Bavaro Dominican Republic<\/strong><\/h3><\/div><div class=\"uagb-faq-content\"><p>Costa Bavaro is a neighbourhood located near Punta Cana\u2019s downtown, Bavaro which is a paradisiacal beach located 21 minutes away from Punta Cana\u2019s International Airport. Like most of the beaches in Punta Cana, Bavaro has white sand beaches, tropical -warm- weather and exotic natural vegetation and resources.<br><br>Bavaro, by itself, is well-known for being a tourist area with a centre of services. For example, you may have heard of The Boulevard which is a great shopping and entertainment centre.\u00a0 It also has vast gastronomic options and activities that will allow residents and visitors to enjoy resort-like activities.<br><\/p><\/div><\/div><div class=\"wp-block-uagb-faq-child uagb-faq-child__outer-wrap uagb-faq-item uagb-block-e54a6360 \" role=\"tab\" tabindex=\"0\"><div class=\"uagb-faq-questions-button uagb-faq-questions\">\t\t\t<span class=\"uagb-icon uagb-faq-icon-wrap\">\n\t\t\t\t\t\t\t\t<svg xmlns=\"https:\/\/www.w3.org\/2000\/svg\" viewBox= \"0 0 448 512\"><path d=\"M432 256c0 17.69-14.33 32.01-32 32.01H256v144c0 17.69-14.33 31.99-32 31.99s-32-14.3-32-31.99v-144H48c-17.67 0-32-14.32-32-32.01s14.33-31.99 32-31.99H192v-144c0-17.69 14.33-32.01 32-32.01s32 14.32 32 32.01v144h144C417.7 224 432 238.3 432 256z\"><\/path><\/svg>\n\t\t\t\t\t\t\t<\/span>\n\t\t\t\t\t\t<span class=\"uagb-icon-active uagb-faq-icon-wrap\">\n\t\t\t\t\t\t\t\t<svg xmlns=\"https:\/\/www.w3.org\/2000\/svg\" viewBox= \"0 0 448 512\"><path d=\"M400 288h-352c-17.69 0-32-14.32-32-32.01s14.31-31.99 32-31.99h352c17.69 0 32 14.3 32 31.99S417.7 288 400 288z\"><\/path><\/svg>\n\t\t\t\t\t\t\t<\/span>\n\t\t\t<h3 class=\"uagb-question\"><strong>How does Costa Bavaro differ from other neighborhoods in Punta Cana?<\/strong><\/h3><\/div><div class=\"uagb-faq-content\"><p>Having said this, how does Costa Bavaro differ from the other neighbourhoods in Punta Cana? Its apartments are less than 30 minutes away from the beach if you go walking, or 5 minutes by car. This neighbourhood is close to the highway and Cocotal golf club. <br><br>For its location, it is the perfect middle point between the beach and the prestigious amenities we have already mentioned.<br><br>If you are looking for houses for sale in Punta Cana, Costa Bavaro is the right option for you. This project under construction has 12 three-floor apartment buildings with different views. This neighbourhood has five-star amenities which include a clubhouse, pool, gym, private access to the beach, tennis and soccer courts, a BBQ area and a playground. The apartments have avant-garde and Caribbean styles and may have one or two bedrooms.<\/p><\/div><\/div><div class=\"wp-block-uagb-faq-child uagb-faq-child__outer-wrap uagb-faq-item uagb-block-9b75d2c1 \" role=\"tab\" tabindex=\"0\"><div class=\"uagb-faq-questions-button uagb-faq-questions\">\t\t\t<span class=\"uagb-icon uagb-faq-icon-wrap\">\n\t\t\t\t\t\t\t\t<svg xmlns=\"https:\/\/www.w3.org\/2000\/svg\" viewBox= \"0 0 448 512\"><path d=\"M432 256c0 17.69-14.33 32.01-32 32.01H256v144c0 17.69-14.33 31.99-32 31.99s-32-14.3-32-31.99v-144H48c-17.67 0-32-14.32-32-32.01s14.33-31.99 32-31.99H192v-144c0-17.69 14.33-32.01 32-32.01s32 14.32 32 32.01v144h144C417.7 224 432 238.3 432 256z\"><\/path><\/svg>\n\t\t\t\t\t\t\t<\/span>\n\t\t\t\t\t\t<span class=\"uagb-icon-active uagb-faq-icon-wrap\">\n\t\t\t\t\t\t\t\t<svg xmlns=\"https:\/\/www.w3.org\/2000\/svg\" viewBox= \"0 0 448 512\"><path d=\"M400 288h-352c-17.69 0-32-14.32-32-32.01s14.31-31.99 32-31.99h352c17.69 0 32 14.3 32 31.99S417.7 288 400 288z\"><\/path><\/svg>\n\t\t\t\t\t\t\t<\/span>\n\t\t\t<h3 class=\"uagb-question\"><strong>Why investors find Costa Bavaro appealing?<\/strong><\/h3><\/div><div class=\"uagb-faq-content\"><p>Investors find this neighbourhood appealing and one of the most feasible in terms of cost-benefit. Why? They may find great price deals (properties start from only $80,000) and rest assured that the fact that this project is new prevents the expected repairs from buying an old property. This project also has tax benefits granted by the government (some of these regulations may grant tax benefits for 15 years).\u00a0<br><br>If you think this is the right neighbourhood for you, contact us. In Blue Caribbean, we have the best team of experts to give you advice on the best option for your needs. Our clients are our priority; we, therefore, try to find the best deals that will ensure they will have the best buying experience in the Caribbean.<br><\/p><\/div><\/div><\/div>\n\n\n<div style=\"height:32px\" aria-hidden=\"true\" class=\"wp-block-spacer\"><\/div>\n<\/div>\n","protected":false},"excerpt":{"rendered":"<p>Explorez les listes de biens immobiliers de Bavaro et d\u00e9couvrez une gamme vari\u00e9e de quartiers disponibles \u00e0 la vente dans les r\u00e9gions de Bavaro Beach et de Punta Cana. Que vous soyez int\u00e9ress\u00e9 par une communaut\u00e9 de golf ferm\u00e9e, un quartier en bord de mer ou un acc\u00e8s facile \u00e0 la plage, laissez Blue Caribbean [&hellip;]<\/p>\n","protected":false},"author":1,"featured_media":0,"parent":4792,"menu_order":0,"comment_status":"closed","ping_status":"closed","template":"","meta":{"_acf_changed":false,"_eb_attr":"","inline_featured_image":false,"_uag_custom_page_level_css":"","footnotes":""},"class_list":["post-4758","page","type-page","status-publish","hentry"],"acf":[],"featured_image_src":null,"featured_image_src_square":null,"uagb_featured_image_src":{"full":false,"thumbnail":false,"medium":false,"medium_large":false,"large":false,"1536x1536":false,"2048x2048":false,"gb-block-post-grid-landscape":false,"gb-block-post-grid-square":false},"uagb_author_info":{"display_name":"@blueAdmon","author_link":"https:\/\/stagingwprep.grassurntech.com\/fr\/author\/nubeseo\/"},"uagb_comment_info":0,"uagb_excerpt":"Explorez les listes de biens immobiliers de Bavaro et d\u00e9couvrez une gamme vari\u00e9e de quartiers disponibles \u00e0 la vente dans les r\u00e9gions de Bavaro Beach et de Punta Cana. Que vous soyez int\u00e9ress\u00e9 par une communaut\u00e9 de golf ferm\u00e9e, un quartier en bord de mer ou un acc\u00e8s facile \u00e0 la plage, laissez Blue Caribbean\u2026","_links":{"self":[{"href":"https:\/\/stagingwprep.grassurntech.com\/fr\/wp-json\/wp\/v2\/pages\/4758","targetHints":{"allow":["GET"]}}],"collection":[{"href":"https:\/\/stagingwprep.grassurntech.com\/fr\/wp-json\/wp\/v2\/pages"}],"about":[{"href":"https:\/\/stagingwprep.grassurntech.com\/fr\/wp-json\/wp\/v2\/types\/page"}],"author":[{"embeddable":true,"href":"https:\/\/stagingwprep.grassurntech.com\/fr\/wp-json\/wp\/v2\/users\/1"}],"replies":[{"embeddable":true,"href":"https:\/\/stagingwprep.grassurntech.com\/fr\/wp-json\/wp\/v2\/comments?post=4758"}],"version-history":[{"count":2,"href":"https:\/\/stagingwprep.grassurntech.com\/fr\/wp-json\/wp\/v2\/pages\/4758\/revisions"}],"predecessor-version":[{"id":4772,"href":"https:\/\/stagingwprep.grassurntech.com\/fr\/wp-json\/wp\/v2\/pages\/4758\/revisions\/4772"}],"up":[{"embeddable":true,"href":"https:\/\/stagingwprep.grassurntech.com\/fr\/wp-json\/wp\/v2\/pages\/4792"}],"wp:attachment":[{"href":"https:\/\/stagingwprep.grassurntech.com\/fr\/wp-json\/wp\/v2\/media?parent=4758"}],"curies":[{"name":"wp","href":"https:\/\/api.w.org\/{rel}","templated":true}]}}