{"id":4649,"date":"2023-04-24T11:04:48","date_gmt":"2023-04-24T15:04:48","guid":{"rendered":"http:\/\/bluecaribbean.test\/developpements\/"},"modified":"2024-07-23T03:24:03","modified_gmt":"2024-07-23T07:24:03","slug":"developpements","status":"publish","type":"page","link":"https:\/\/stagingwprep.grassurntech.com\/fr\/developpements\/","title":{"rendered":"D\u00e9veloppements"},"content":{"rendered":"\n<section class=\"bc-hero relative\">\n  <div class=\"bc-hero-slider\">\n    <div class=\"swiper-wrapper\">\n              <div class=\"swiper-slide\">\n          <div class=\"relative w-full min-h-[40vh]  md:h-screen\">\n            <img decoding=\"async\" class=\"w-full min-h-[40vh] md:h-screen object-cover\" src=\"https:\/\/stagingwprep.grassurntech.com\/wp-content\/uploads\/2023\/10\/Juanillo.jpeg\"\n              alt=\"\">\n            <div class='absolute inset-0 bg-gradient-to-b from-black via-transparent to-black opacity-40'>\n            <\/div>\n            <div class=\"absolute inset-0 py-16\">\n              <div class=\"container mx-auto h-full flex flex-col items-center justify-end\">\n                <div class=\"block md:mb-24\">\n                  <div class=\"text-center text-white z-20\">\n                    <span class=\"bc-appear text-2xl lg:text-5xl 2xl:text-8xl leading-snug font-serif font-normal uppercase\">\n                      <h1>Nouvelle construction en                    <\/span><br>\n                    <span class=\"bc-appear text-5xl md:text-[4.25rem] 2xl:text-[6.5rem] font-serif font-normal uppercase\">\n                      les Cara\u00efbes<\/h1>                    <\/span>\n                  <\/div>\n                  <div class=\"bc-appear w-[30%] mx-auto md:w-full h-0.5 lg:h-1 bg-bc-green\"><\/div>\n                <\/div>\n\n              <\/div>\n            <\/div>\n          <\/div>\n        <\/div>\n              <div class=\"swiper-slide\">\n          <div class=\"relative w-full min-h-[40vh]  md:h-screen\">\n            <img decoding=\"async\" class=\"w-full min-h-[40vh] md:h-screen object-cover\" src=\"https:\/\/stagingwprep.grassurntech.com\/wp-content\/uploads\/2023\/10\/Sadhu_V6_R2.jpg\"\n              alt=\"new constructions in Mexico\">\n            <div class='absolute inset-0 bg-gradient-to-b from-black via-transparent to-black opacity-40'>\n            <\/div>\n            <div class=\"absolute inset-0 py-16\">\n              <div class=\"container mx-auto h-full flex flex-col items-center justify-end\">\n                <div class=\"block md:mb-24\">\n                  <div class=\"text-center text-white z-20\">\n                    <span class=\"bc-appear text-2xl lg:text-5xl 2xl:text-8xl leading-snug font-serif font-normal uppercase\">\n                      Nouvelle construction                    <\/span><br>\n                    <span class=\"bc-appear text-5xl md:text-[4.25rem] 2xl:text-[6.5rem] font-serif font-normal uppercase\">\n                      AU MEXIQUE ET EN DR                    <\/span>\n                  <\/div>\n                  <div class=\"bc-appear w-[30%] mx-auto md:w-full h-0.5 lg:h-1 bg-bc-green\"><\/div>\n                <\/div>\n\n              <\/div>\n            <\/div>\n          <\/div>\n        <\/div>\n          <\/div>\n    <div class=\"swiper-hero-navigation absolute w-full z-20 h-24 inset-0 m-auto flex justify-between items-center\">\n      <div class=\"swiper-hero-button-prev cursor-pointer\">\n        <svg xmlns=\"http:\/\/www.w3.org\/2000\/svg\" fill=\"none\" viewBox=\"0 0 24 24\" stroke-width=\"1.5\" stroke=\"currentColor\"\n          class=\"w-12 h-12 stroke-white\">\n          <path stroke-linecap=\"round\" stroke-linejoin=\"round\" d=\"M15.75 19.5L8.25 12l7.5-7.5\" \/>\n        <\/svg>\n      <\/div>\n      <div class=\"swiper-hero-button-next cursor-pointer\">\n        <svg xmlns=\"http:\/\/www.w3.org\/2000\/svg\" fill=\"none\" viewBox=\"0 0 24 24\" stroke-width=\"1.5\" stroke=\"currentColor\"\n          class=\"w-12 h-12 stroke-white\">\n          <path stroke-linecap=\"round\" stroke-linejoin=\"round\" d=\"M8.25 4.5l7.5 7.5-7.5 7.5\" \/>\n        <\/svg>\n      <\/div>\n    <\/div>\n  <\/div>\n<\/section><div class=\"max-w-content mx-auto bc-text-with-heading-block container mx-auto my-8 lg:my-16 py-8 text-center text-bc-navy\">\n    <h2 class=\"bc-heading-2\">\n       D\u00e9veloppements disponibles dans les Cara\u00efbes    <\/h2>\n\n    <div class=\"prose prose-base lg:prose-lg max-w-content mx-auto mt-8\"><div class=\"elementor-element elementor-element-27396cc9 elementor-widget elementor-widget-text-editor\" data-id=\"27396cc9\" data-element_type=\"widget\" data-widget_type=\"text-editor.default\">\n<div class=\"elementor-widget-container\">\n<div class=\"elementor-text-editor elementor-clearfix\">\n<p><span style=\"font-weight: 400;\">Les Cara\u00efbes sont belles, passionnantes et en constante \u00e9volution. De nouveaux d\u00e9veloppements en R\u00e9publique Dominicaine, au Mexique ou \u00e0 Aruba sont toujours en cours et nous avons toutes les informations ici pour vous. <strong>Parcourez nos listes de projets de d\u00e9veloppement et de construction<\/strong> en <a href=\"http:\/\/13.220.237.230:8080\/developments\/dominican-republic\/\">R\u00e9publique Dominicaine<\/a>, au <a href=\"http:\/\/13.220.237.230:8080\/developments\/mexico\/\">Mexique<\/a> et \u00e0 Aruba, et explorez les d\u00e9veloppements immobiliers les plus luxueux des <a href=\"http:\/\/13.220.237.230:8080\/fr\/\">Cara\u00efbes<\/a>. <\/span><\/p>\n<\/div>\n<\/div>\n<\/div>\n<\/div>\n<\/div>\n\n<h2 class=\"wp-block-heading has-text-align-center has-bc-navy-color has-text-color has-4-xl-font-size\" style=\"font-style:normal;font-weight:300\"><strong>Nouvelle construction \u00e0 vendre<\/strong> <strong>dans les Cara\u00efbes<\/strong><\/h2>\n\n \n<div id=\"developments-grid\"><\/div>\n<div class=\"wp-block-group is-layout-constrained wp-block-group-is-layout-constrained\" style=\"margin-top:var(--wp--preset--spacing--60);margin-bottom:var(--wp--preset--spacing--60)\"><div class=\"wp-block-uagb-faq uagb-faq__outer-wrap uagb-block-23d19933 uagb-faq-icon-row-reverse uagb-faq-layout-accordion uagb-faq-expand-first-true uagb-faq-inactive-other-true uagb-faq__wrap uagb-buttons-layout-wrap uagb-faq-equal-height     \" data-faqtoggle=\"true\" role=\"tablist\"><script type=\"application\/ld+json\">{\"@context\":\"https:\\\/\\\/schema.org\",\"@type\":\"FAQPage\",\"@id\":\"https:\\\/\\\/stagingwprep.grassurntech.com\\\/fr\\\/developpements\\\/\",\"mainEntity\":[{\"@type\":\"Question\",\"name\":\"<strong>Nouvelles constructions<\\\/strong>\",\"acceptedAnswer\":{\"@type\":\"Answer\",\"text\":\"L'immobilier est l'un des secteurs \\u00e9conomiques qui b\\u00e9n\\u00e9ficient de cette reprise. Les politiques gouvernementales encourageant les investissements \\u00e9trangers dans ce pays des Cara\\u00efbes offrent aux acheteurs \\u00e9trangers de nombreux avantages concurrentiels lors de l'acquisition d'une propri\\u00e9t\\u00e9 \\u00e0 vendre. \\u00c0 partir de novembre 2020, les banques ont lanc\\u00e9 diff\\u00e9rentes options pour les personnes qui acqui\\u00e8rent leur premi\\u00e8re ou deuxi\\u00e8me r\\u00e9sidence dans cette r\\u00e9gion touristique. Les acheteurs potentiels peuvent trouver des r\\u00e9ductions, un financement \\u00e0 90 % de leurs projets, des pr\\u00eats \\u00e0 terme de 20 ans et d'autres options qui font de Punta Cana une destination abordable.   \"}},{\"@type\":\"Question\",\"name\":\"<strong>Nouvelles constructions dans les Cara\\u00efbes bleues<\\\/strong>\",\"acceptedAnswer\":{\"@type\":\"Answer\",\"text\":\"Les exigences juridiques et financi\\u00e8res peuvent \\u00e9galement constituer un d\\u00e9fi, notamment en raison des directives locales et nationales qui d\\u00e9pendent de la r\\u00e9gion. Blue Caribbean est toujours pr\\u00eat \\u00e0 aider les clients qui souhaitent s'installer dans ce paradis sur terre. Nous disposons des meilleurs professionnels pour vous aider dans votre qu\\u00eate de votre nouvelle maison.  \"}}]}<\/script><div class=\"wp-block-uagb-faq-child uagb-faq-child__outer-wrap uagb-faq-item uagb-block-34a9ff05 \" role=\"tab\" tabindex=\"0\"><div class=\"uagb-faq-questions-button uagb-faq-questions\">\t\t\t<span class=\"uagb-icon uagb-faq-icon-wrap\">\n\t\t\t\t\t\t\t\t<svg xmlns=\"https:\/\/www.w3.org\/2000\/svg\" viewBox= \"0 0 448 512\"><path d=\"M432 256c0 17.69-14.33 32.01-32 32.01H256v144c0 17.69-14.33 31.99-32 31.99s-32-14.3-32-31.99v-144H48c-17.67 0-32-14.32-32-32.01s14.33-31.99 32-31.99H192v-144c0-17.69 14.33-32.01 32-32.01s32 14.32 32 32.01v144h144C417.7 224 432 238.3 432 256z\"><\/path><\/svg>\n\t\t\t\t\t\t\t<\/span>\n\t\t\t\t\t\t<span class=\"uagb-icon-active uagb-faq-icon-wrap\">\n\t\t\t\t\t\t\t\t<svg xmlns=\"https:\/\/www.w3.org\/2000\/svg\" viewBox= \"0 0 448 512\"><path d=\"M400 288h-352c-17.69 0-32-14.32-32-32.01s14.31-31.99 32-31.99h352c17.69 0 32 14.3 32 31.99S417.7 288 400 288z\"><\/path><\/svg>\n\t\t\t\t\t\t\t<\/span>\n\t\t\t<h3 class=\"uagb-question\"><strong>Nouvelles constructions<\/strong><\/h3><\/div><div class=\"uagb-faq-content\"><p>L&rsquo;immobilier est l&rsquo;un des secteurs \u00e9conomiques qui b\u00e9n\u00e9ficient de cette reprise. Les politiques gouvernementales encourageant les investissements \u00e9trangers dans ce pays des Cara\u00efbes offrent aux acheteurs \u00e9trangers de nombreux avantages concurrentiels lors de l&rsquo;acquisition d&rsquo;une propri\u00e9t\u00e9 \u00e0 vendre. \u00c0 partir de novembre 2020, les banques ont lanc\u00e9 diff\u00e9rentes options pour les personnes qui acqui\u00e8rent leur premi\u00e8re ou deuxi\u00e8me r\u00e9sidence dans cette r\u00e9gion touristique. Les acheteurs potentiels peuvent trouver des r\u00e9ductions, un financement \u00e0 90 % de leurs projets, des pr\u00eats \u00e0 terme de 20 ans et d&rsquo;autres options qui font de Punta Cana une destination abordable.   <\/p><\/div><\/div><div class=\"wp-block-uagb-faq-child uagb-faq-child__outer-wrap uagb-faq-item uagb-block-e54a6360 \" role=\"tab\" tabindex=\"0\"><div class=\"uagb-faq-questions-button uagb-faq-questions\">\t\t\t<span class=\"uagb-icon uagb-faq-icon-wrap\">\n\t\t\t\t\t\t\t\t<svg xmlns=\"https:\/\/www.w3.org\/2000\/svg\" viewBox= \"0 0 448 512\"><path d=\"M432 256c0 17.69-14.33 32.01-32 32.01H256v144c0 17.69-14.33 31.99-32 31.99s-32-14.3-32-31.99v-144H48c-17.67 0-32-14.32-32-32.01s14.33-31.99 32-31.99H192v-144c0-17.69 14.33-32.01 32-32.01s32 14.32 32 32.01v144h144C417.7 224 432 238.3 432 256z\"><\/path><\/svg>\n\t\t\t\t\t\t\t<\/span>\n\t\t\t\t\t\t<span class=\"uagb-icon-active uagb-faq-icon-wrap\">\n\t\t\t\t\t\t\t\t<svg xmlns=\"https:\/\/www.w3.org\/2000\/svg\" viewBox= \"0 0 448 512\"><path d=\"M400 288h-352c-17.69 0-32-14.32-32-32.01s14.31-31.99 32-31.99h352c17.69 0 32 14.3 32 31.99S417.7 288 400 288z\"><\/path><\/svg>\n\t\t\t\t\t\t\t<\/span>\n\t\t\t<h3 class=\"uagb-question\"><strong>Nouvelles constructions dans les Cara\u00efbes bleues<\/strong><\/h3><\/div><div class=\"uagb-faq-content\"><p>Les exigences juridiques et financi\u00e8res peuvent \u00e9galement constituer un d\u00e9fi, notamment en raison des directives locales et nationales qui d\u00e9pendent de la r\u00e9gion. Blue Caribbean est toujours pr\u00eat \u00e0 aider les clients qui souhaitent s&rsquo;installer dans ce paradis sur terre. Nous disposons des meilleurs professionnels pour vous aider dans votre qu\u00eate de votre nouvelle maison.  <\/p><\/div><\/div><\/div><\/div>\n","protected":false},"excerpt":{"rendered":"<p>Nouvelle construction \u00e0 vendre dans les Cara\u00efbes<\/p>\n","protected":false},"author":1,"featured_media":0,"parent":0,"menu_order":0,"comment_status":"closed","ping_status":"closed","template":"","meta":{"_acf_changed":false,"_eb_attr":"","inline_featured_image":false,"_uag_custom_page_level_css":"","footnotes":""},"class_list":["post-4649","page","type-page","status-publish","hentry"],"acf":[],"featured_image_src":null,"featured_image_src_square":null,"uagb_featured_image_src":{"full":false,"thumbnail":false,"medium":false,"medium_large":false,"large":false,"1536x1536":false,"2048x2048":false,"gb-block-post-grid-landscape":false,"gb-block-post-grid-square":false},"uagb_author_info":{"display_name":"@blueAdmon","author_link":"https:\/\/stagingwprep.grassurntech.com\/fr\/author\/nubeseo\/"},"uagb_comment_info":0,"uagb_excerpt":"Nouvelle construction \u00e0 vendre dans les Cara\u00efbes","_links":{"self":[{"href":"https:\/\/stagingwprep.grassurntech.com\/fr\/wp-json\/wp\/v2\/pages\/4649","targetHints":{"allow":["GET"]}}],"collection":[{"href":"https:\/\/stagingwprep.grassurntech.com\/fr\/wp-json\/wp\/v2\/pages"}],"about":[{"href":"https:\/\/stagingwprep.grassurntech.com\/fr\/wp-json\/wp\/v2\/types\/page"}],"author":[{"embeddable":true,"href":"https:\/\/stagingwprep.grassurntech.com\/fr\/wp-json\/wp\/v2\/users\/1"}],"replies":[{"embeddable":true,"href":"https:\/\/stagingwprep.grassurntech.com\/fr\/wp-json\/wp\/v2\/comments?post=4649"}],"version-history":[{"count":3,"href":"https:\/\/stagingwprep.grassurntech.com\/fr\/wp-json\/wp\/v2\/pages\/4649\/revisions"}],"predecessor-version":[{"id":13270,"href":"https:\/\/stagingwprep.grassurntech.com\/fr\/wp-json\/wp\/v2\/pages\/4649\/revisions\/13270"}],"wp:attachment":[{"href":"https:\/\/stagingwprep.grassurntech.com\/fr\/wp-json\/wp\/v2\/media?parent=4649"}],"curies":[{"name":"wp","href":"https:\/\/api.w.org\/{rel}","templated":true}]}}