{"id":14932,"date":"2024-04-05T02:36:05","date_gmt":"2024-04-05T06:36:05","guid":{"rendered":"http:\/\/13.220.237.230:8080\/immobilier-au-mexique\/isla-mujeres\/"},"modified":"2024-09-23T04:39:10","modified_gmt":"2024-09-23T08:39:10","slug":"isla-mujeres","status":"publish","type":"page","link":"https:\/\/stagingwprep.grassurntech.com\/fr\/immobilier-au-mexique\/isla-mujeres\/","title":{"rendered":"Isla Mujeres"},"content":{"rendered":"\n<section class=\"bc-hero-block relative\" style=\"background-image:url('https:\/\/stagingwprep.grassurntech.com\/wp-content\/uploads\/2024\/04\/isla-muejeres-beach.jpg');\">\n      <div class=\"bc-hero-block__breadcrumb\">\n          <nav aria-label=\"Breadcrumb\" class=\"flex items-center py-3\"><ol class=\"breadcrumbs flex items-center space-x-2\" itemscope itemtype=\"https:\/\/schema.org\/BreadcrumbList\"><li itemprop=\"itemListElement\" itemscope itemtype=\"https:\/\/schema.org\/ListItem\" class=\"flex items-center\"><a href=\"https:\/\/stagingwprep.grassurntech.com\/fr\/\" itemprop=\"item\" class=\"text-bc-green hover:text-white\"><span itemprop=\"name\">Caribbean Real Estate<\/span><meta itemprop=\"position\" content=\"1\" \/><\/a><\/li><span class=\"text-white mx-2\"> > <\/span><\/ol><\/nav>      <\/div>\n<\/section>\n\n\n<div class=\"wp-block-group alignwide is-layout-flow wp-block-group-is-layout-flow\">\n<div class=\"wp-block-group alignfull is-layout-constrained wp-block-group-is-layout-constrained\">\n<div style=\"height:48px\" aria-hidden=\"true\" class=\"wp-block-spacer\"><\/div>\n\n\n\n<div class=\"wp-block-group alignfull is-content-justification-center is-nowrap is-layout-flex wp-container-core-group-is-layout-94bc23d7 wp-block-group-is-layout-flex\"><div class=\"flex items-center justify-start\">\n    <h1 class=\"flex flex-col\">\n        <div class=\"flex items-center\">\n            <svg class=\"mr-1 text-bc-blue w-auto h-10 md:h-12 lg:h-16 2xl:h-20\"\n                width=\"353\" height=\"482\" viewBox=\"0 0 353 482\" fill=\"currentColor\" xmlns=\"http:\/\/www.w3.org\/2000\/svg\">\n                <path\n                    d=\"M351.14 307.14L348.91 306.66C348.606 307.477 348.221 308.261 347.76 309C339.34 319.8 331.34 331 322.3 341.22C314.78 349.76 314.23 349.4 322.49 356.89C312.88 370.98 300.49 382.18 286.05 391.12C260.2 407.12 231.66 414.41 201.69 417.12C196.31 417.61 195.69 414.95 195.57 410.53C195.01 386.72 194.12 362.92 193.48 339.11C191.66 271.85 189.833 204.573 188 137.28C187.86 132.28 189.65 130.76 194.4 130.91C202.483 131.324 210.584 131.257 218.66 130.71C221.45 130.46 225.23 127.91 226.39 125.41C229.34 119.05 224.92 113.29 217.67 113.2C207.9 113.09 198.12 113.2 187.97 113.2C187.5 105.54 187.33 98.78 186.61 92.08C185.61 83.24 188.54 77.44 196.91 73.08C210.91 65.89 218.75 49.27 216.56 34.6C215.353 26.5533 211.702 19.072 206.102 13.1694C200.501 7.26673 193.222 3.22793 185.25 1.6C183.593 1.15335 181.961 0.619266 180.36 0H175.11C170.11 1.64 164.91 2.67 160.34 5C147.34 11.72 139.78 22.6 138.92 37.27C138.02 52.77 144.58 64.99 157.92 72.88C164.92 77.04 168.37 82.23 167.73 90.44C167.373 96.0999 167.33 101.775 167.6 107.44C167.74 111.66 166.13 113.27 161.85 113.15C153.76 112.92 145.66 113 137.57 113.15C131.88 113.25 129.46 116.55 129.48 122.06C129.5 127.57 131.48 130.9 137.48 130.89C144.04 130.89 150.6 130.89 157.17 130.89C167.26 130.89 167.12 130.89 166.87 141.07C165.81 184.123 164.81 227.167 163.87 270.2C162.863 317.18 161.95 364.18 161.13 411.2C161.05 416.09 159.44 418.01 154.64 417.46C149.84 416.91 145.04 416.74 140.29 416.08C108.81 411.74 79.2899 402.08 54.4099 381.69C45.7599 374.6 38.4099 365.89 30.1899 357.6C34.9399 353.37 38.6199 350.22 34.8699 345.03C25.9299 332.7 16.9999 320.29 7.99989 308C7.11989 306.79 5.32989 306.24 3.99989 305.38C3.31989 306.64 2.21989 307.83 1.99989 309.16C-0.680108 328.03 1.36989 346.62 6.26989 364.88C7.75989 370.46 13.0599 371.39 17.6599 367.7C18.7599 366.82 19.8999 365.97 21.6599 364.6C38.8499 395.6 67.0799 413.05 96.8399 428.38C112.31 436.38 128.04 444.23 144.44 449.88C159.84 455.18 171.65 462.41 175.44 479.16C175.656 479.796 176.026 480.369 176.519 480.826C177.011 481.284 177.609 481.612 178.26 481.78C178.907 481.625 179.503 481.308 179.993 480.858C180.483 480.408 180.85 479.841 181.06 479.21C183.28 464.5 192.68 455.55 205.9 451.53C226.64 445.21 245.18 434.63 263.9 424.33C285.43 412.5 306.45 399.93 321.62 379.83C325.4 374.83 329.03 369.71 332.73 364.64C341.51 371.36 346.73 371.07 347.87 363.36C350.19 348.12 351.48 332.7 352.8 317.36C353.17 314 351.77 310.53 351.14 307.14ZM177.7 63.23C164.87 63.23 153.7 51.97 154.01 39.32C154.186 33.144 156.749 27.2768 161.162 22.9521C165.574 18.6273 171.492 16.1819 177.67 16.13C190.59 16.13 201.67 27.23 201.38 39.95C201.09 52.67 190.25 63.23 177.7 63.23Z\"\n                    fill=\"currentColor\" \/>\n            <\/svg>\n            <span\n                class=\"text-5xl lg:text-8xl 2xl:text-[82px] ml-1 lg:ml-2 font-serif uppercase text-bc-navy\">\n                Isla Mujeres            <\/span>\n        <\/div>\n        <div class=\"flex items-center\">\n            <div class=\"w-full h-0.5 lg:h-1 bg-gradient-to-r from-bc-green to-bc-green-dark\"><\/div>\n            <span class=\"ml-2 text-2xl lg:text-4xl 2xl:text-5xl font-sans whitespace-nowrap uppercase text-bc-green\">\n                IMMOBILIER            <\/span>\n        <\/div>\n    <\/h1>\n<\/div><\/div>\n\n\n\n<div style=\"height:48px\" aria-hidden=\"true\" class=\"wp-block-spacer\"><\/div>\n\n\n\n<div class=\"wp-block-group prose is-layout-constrained wp-container-core-group-is-layout-801f6f31 wp-block-group-is-layout-constrained\">\n<p class=\"has-text-align-center has-bc-navy-color has-text-color\">D\u00e9couvrez la propri\u00e9t\u00e9 de vos r\u00eaves <a href=\"http:\/\/13.220.237.230:8080\/fr\/\"><strong>au c\u0153ur des Cara\u00efbes, \u00e0 Isla Mujeres<\/strong><\/a> \u00e0 Isla Mujeres, au <a href=\"http:\/\/13.220.237.230:8080\/fr\/immobilier-au-mexique\/\">Mexique<\/a>, avec Blue Caribbean Properties.\nNotre collection exclusive de maisons \u00e0 vendre offre une opportunit\u00e9 in\u00e9gal\u00e9e de poss\u00e9der un morceau de paradis sur cette \u00eele enchanteresse.\nQue vous recherchiez une luxueuse villa en bord de mer, une maison confortable avec une vue imprenable sur la mer, ou une opportunit\u00e9 d&rsquo;investissement unique, notre portefeuille de <strong>propri\u00e9t\u00e9s \u00e0 vendre \u00e0 Isla Mujeres<\/strong> r\u00e9pond \u00e0 des go\u00fbts et des budgets vari\u00e9s.  <\/p>\n\n\n\n<h2 class=\"wp-block-heading has-text-align-center has-bc-navy-color has-text-color has-4-xl-font-size\" style=\"font-style:normal;font-weight:300\">Propri\u00e9t\u00e9s et maisons \u00e0 vendre \u00e0 Isla Mujeres<\/h2>\n<\/div>\n\n\n\n<div style=\"height:48px\" aria-hidden=\"true\" class=\"wp-block-spacer\"><\/div>\n<\/div>\n<\/div>\n\n\n\n<div \n  id=\"block-listing\"\n  class=\"bc-block-listing w-full\"\n  data-country='203' \n  data-tag='0' \n  data-sort='-timestamp'\n  data-category='0'\n  data-city='0'\n  data-sector='0'\n  ><\/div>\n  \n\n\n<div class=\"wp-block-group is-layout-constrained wp-block-group-is-layout-constrained\">\n<div style=\"height:64px\" aria-hidden=\"true\" class=\"wp-block-spacer\"><\/div>\n\n\n\n<h2 class=\"wp-block-heading has-text-align-center has-bc-navy-color has-text-color has-4-xl-font-size\" style=\"font-style:normal;font-weight:300\"><strong>Types de maisons \u00e0 vendre \u00e0 Isla Mujeres<\/strong><\/h2>\n\n\n\n<div class=\"wp-block-columns is-layout-flex wp-container-core-columns-is-layout-9d6595d7 wp-block-columns-is-layout-flex\">\n<div class=\"wp-block-column is-layout-flow wp-block-column-is-layout-flow\">\n<div class=\"wp-block-uagb-info-box uagb-block-c9efd16a uagb-infobox__content-wrap  uagb-infobox-icon-above-title uagb-infobox-image-valign-top\"><div class=\"uagb-ifb-content\"><div class=\"uagb-ifb-image-content\"><img decoding=\"async\" src=\"http:\/\/13.220.237.230:8080\/wp-content\/uploads\/2023\/11\/bungalow-150x150.png\" alt=\"\" width=\"120\" height=\"120\" loading=\"lazy\"\/><\/div><div class=\"uagb-ifb-title-wrap\"><\/div><div class=\"uagb-ifb-button-wrapper wp-block-button\"><a href=\"#\" target=\"_self\" onclick=\"return false;\" class=\"uagb-infobox-cta-link\" rel=\"noopener noreferrer\"><span class=\"uagb-inline-editing\">Villas in Isla Mujeres<\/span><\/a><\/div><\/div><\/div>\n<\/div>\n\n\n\n<div class=\"wp-block-column is-layout-flow wp-block-column-is-layout-flow\">\n<div class=\"wp-block-uagb-info-box uagb-block-5aa5f1c3 uagb-infobox__content-wrap  uagb-infobox-icon-above-title uagb-infobox-image-valign-top\"><div class=\"uagb-ifb-content\"><div class=\"uagb-ifb-image-content\"><img decoding=\"async\" src=\"http:\/\/13.220.237.230:8080\/wp-content\/uploads\/2023\/11\/playa-150x150.png\" alt=\"\" width=\"120\" height=\"120\" loading=\"lazy\"\/><\/div><div class=\"uagb-ifb-title-wrap\"><\/div><div class=\"uagb-ifb-button-wrapper wp-block-button\"><a href=\"#\" target=\"_self\" onclick=\"return false;\" class=\"uagb-infobox-cta-link\" rel=\"noopener noreferrer\"><span class=\"uagb-inline-editing\">Oceanfront and Beachfront properties in Isla Mujeres<\/span><\/a><\/div><\/div><\/div>\n<\/div>\n\n\n\n<div class=\"wp-block-column is-layout-flow wp-block-column-is-layout-flow\">\n<div class=\"wp-block-uagb-info-box uagb-block-a2bdd271 uagb-infobox__content-wrap  uagb-infobox-icon-above-title uagb-infobox-image-valign-top\"><div class=\"uagb-ifb-content\"><div class=\"uagb-ifb-image-content\"><img decoding=\"async\" src=\"http:\/\/13.220.237.230:8080\/wp-content\/uploads\/2023\/11\/villa-150x150.png\" alt=\"\" width=\"120\" height=\"120\" loading=\"lazy\"\/><\/div><div class=\"uagb-ifb-title-wrap\"><\/div><div class=\"uagb-ifb-button-wrapper wp-block-button\"><a href=\"#\" target=\"_self\" onclick=\"return false;\" class=\"uagb-infobox-cta-link\" rel=\"noopener noreferrer\"><span class=\"uagb-inline-editing\">Condos in Isla Mujeres<\/span><\/a><\/div><\/div><\/div>\n<\/div>\n<\/div>\n\n\n\n<div style=\"height:66px\" aria-hidden=\"true\" class=\"wp-block-spacer\"><\/div>\n\n\n\n<div style=\"height:34px\" aria-hidden=\"true\" class=\"wp-block-spacer\"><\/div>\n\n\n\n<h2 class=\"wp-block-heading has-text-align-center has-bc-navy-color has-text-color has-4-xl-font-size\" style=\"font-style:normal;font-weight:300\">Explorez les maisons de Isla Mujeres \u00e0 vendre<\/h2>\n\n\n\n<div style=\"height:34px\" aria-hidden=\"true\" class=\"wp-block-spacer\"><\/div>\n\n\n\n<p>Isla Mujeres est une <strong>\u00eele dynamique situ\u00e9e au large de Cancun<\/strong>, r\u00e9put\u00e9e pour ses plages immacul\u00e9es, ses eaux cristallines et son mode de vie d\u00e9contract\u00e9.\nPoss\u00e9der une propri\u00e9t\u00e9 ici ouvre la porte \u00e0 des couchers de soleil sans fin, \u00e0 des brises tropicales chaudes et au son apaisant des vagues.\nChacune de nos annonces est s\u00e9lectionn\u00e9e avec le plus grand soin pour s&rsquo;assurer qu&rsquo;elle r\u00e9pond \u00e0 nos crit\u00e8res \u00e9lev\u00e9s de qualit\u00e9, d&#8217;emplacement et de valeur.  <\/p>\n\n\n\n<div style=\"height:34px\" aria-hidden=\"true\" class=\"wp-block-spacer\"><\/div>\n\n\n\n<h2 class=\"wp-block-heading has-text-align-center has-bc-navy-color has-text-color has-4-xl-font-size\" style=\"font-style:normal;font-weight:300\">Pourquoi choisir Blue Caribbean Properties ?<\/h2>\n\n\n\n<div style=\"height:34px\" aria-hidden=\"true\" class=\"wp-block-spacer\"><\/div>\n\n\n\n<p>Chez Blue Caribbean Properties, nous comprenons que l&rsquo;achat d&rsquo;une propri\u00e9t\u00e9 \u00e0 Isla Mujeres n&rsquo;est pas seulement un investissement immobilier, mais aussi un investissement dans votre style de vie et votre avenir.\nNotre \u00e9quipe de professionnels exp\u00e9riment\u00e9s se consacre \u00e0 vous guider \u00e0 chaque \u00e9tape du processus d&rsquo;achat, depuis l&rsquo;identification de la propri\u00e9t\u00e9 id\u00e9ale jusqu&rsquo;\u00e0 la finalisation de la vente.\nNous sommes fiers de notre approche transparente et ax\u00e9e sur le client, qui vous garantit une exp\u00e9rience agr\u00e9able et sans heurts.  <\/p>\n\n\n\n<div style=\"height:34px\" aria-hidden=\"true\" class=\"wp-block-spacer\"><\/div>\n\n\n\n<h2 class=\"wp-block-heading has-text-align-center has-bc-navy-color has-text-color has-4-xl-font-size\" style=\"font-style:normal;font-weight:300\">Votre propri\u00e9t\u00e9 de r\u00eave \u00e0 Isla Mujeres vous attend<\/h2>\n\n\n\n<div style=\"height:34px\" aria-hidden=\"true\" class=\"wp-block-spacer\"><\/div>\n\n\n\n<p>Pr\u00eat \u00e0 faire le premier pas vers la possession d&rsquo;un coin de paradis ? <a href=\"http:\/\/13.220.237.230:8080\/fr\/contact\/\"><strong>Contactez Blue Caribbean Properties<\/strong><\/a> d\u00e8s aujourd&rsquo;hui.\nNotre \u00e9quipe est impatiente de vous aider \u00e0 trouver le bien immobilier parfait \u00e0 Isla Mujeres qui correspond \u00e0 vos pr\u00e9f\u00e9rences et \u00e0 votre style de vie.\nLaissez-nous vous aider \u00e0 transformer votre r\u00eave carib\u00e9en en r\u00e9alit\u00e9.  <\/p>\n\n\n\n<div style=\"height:34px\" aria-hidden=\"true\" class=\"wp-block-spacer\"><\/div>\n<\/div>\n","protected":false},"excerpt":{"rendered":"<p>D\u00e9couvrez la propri\u00e9t\u00e9 de vos r\u00eaves au c\u0153ur des Cara\u00efbes, \u00e0 Isla Mujeres \u00e0 Isla Mujeres, au Mexique, avec Blue Caribbean Properties. Notre collection exclusive de maisons \u00e0 vendre offre une opportunit\u00e9 in\u00e9gal\u00e9e de poss\u00e9der un morceau de paradis sur cette \u00eele enchanteresse. Que vous recherchiez une luxueuse villa en bord de mer, une maison [&hellip;]<\/p>\n","protected":false},"author":1,"featured_media":0,"parent":4828,"menu_order":0,"comment_status":"closed","ping_status":"closed","template":"","meta":{"_acf_changed":false,"_eb_attr":"","inline_featured_image":false,"_uag_custom_page_level_css":"","footnotes":""},"class_list":["post-14932","page","type-page","status-publish","hentry"],"acf":[],"featured_image_src":null,"featured_image_src_square":null,"uagb_featured_image_src":{"full":false,"thumbnail":false,"medium":false,"medium_large":false,"large":false,"1536x1536":false,"2048x2048":false,"gb-block-post-grid-landscape":false,"gb-block-post-grid-square":false},"uagb_author_info":{"display_name":"@blueAdmon","author_link":"https:\/\/stagingwprep.grassurntech.com\/fr\/author\/nubeseo\/"},"uagb_comment_info":0,"uagb_excerpt":"D\u00e9couvrez la propri\u00e9t\u00e9 de vos r\u00eaves au c\u0153ur des Cara\u00efbes, \u00e0 Isla Mujeres \u00e0 Isla Mujeres, au Mexique, avec Blue Caribbean Properties. Notre collection exclusive de maisons \u00e0 vendre offre une opportunit\u00e9 in\u00e9gal\u00e9e de poss\u00e9der un morceau de paradis sur cette \u00eele enchanteresse. Que vous recherchiez une luxueuse villa en bord de mer, une maison\u2026","_links":{"self":[{"href":"https:\/\/stagingwprep.grassurntech.com\/fr\/wp-json\/wp\/v2\/pages\/14932","targetHints":{"allow":["GET"]}}],"collection":[{"href":"https:\/\/stagingwprep.grassurntech.com\/fr\/wp-json\/wp\/v2\/pages"}],"about":[{"href":"https:\/\/stagingwprep.grassurntech.com\/fr\/wp-json\/wp\/v2\/types\/page"}],"author":[{"embeddable":true,"href":"https:\/\/stagingwprep.grassurntech.com\/fr\/wp-json\/wp\/v2\/users\/1"}],"replies":[{"embeddable":true,"href":"https:\/\/stagingwprep.grassurntech.com\/fr\/wp-json\/wp\/v2\/comments?post=14932"}],"version-history":[{"count":3,"href":"https:\/\/stagingwprep.grassurntech.com\/fr\/wp-json\/wp\/v2\/pages\/14932\/revisions"}],"predecessor-version":[{"id":15545,"href":"https:\/\/stagingwprep.grassurntech.com\/fr\/wp-json\/wp\/v2\/pages\/14932\/revisions\/15545"}],"up":[{"embeddable":true,"href":"https:\/\/stagingwprep.grassurntech.com\/fr\/wp-json\/wp\/v2\/pages\/4828"}],"wp:attachment":[{"href":"https:\/\/stagingwprep.grassurntech.com\/fr\/wp-json\/wp\/v2\/media?parent=14932"}],"curies":[{"name":"wp","href":"https:\/\/api.w.org\/{rel}","templated":true}]}}