{"id":5015,"date":"2023-08-18T04:14:46","date_gmt":"2023-08-18T08:14:46","guid":{"rendered":"http:\/\/bluecaribbean.test\/bienes-inmuebles-en-mexico\/tulum\/"},"modified":"2025-03-27T07:37:46","modified_gmt":"2025-03-27T11:37:46","slug":"tulum","status":"publish","type":"page","link":"https:\/\/stagingwprep.grassurntech.com\/es\/bienes-inmuebles-en-mexico\/tulum\/","title":{"rendered":"Tulum"},"content":{"rendered":"\n<section class=\"bc-hero-block relative\" style=\"background-image:url('https:\/\/stagingwprep.grassurntech.com\/wp-content\/uploads\/2023\/07\/hammock-in-punta-cana-1140x758-1.jpeg');\">\n      <div class=\"bc-hero-block__breadcrumb\">\n          <nav aria-label=\"Breadcrumb\" class=\"flex items-center py-3\"><ol class=\"breadcrumbs flex items-center space-x-2\" itemscope itemtype=\"https:\/\/schema.org\/BreadcrumbList\"><li itemprop=\"itemListElement\" itemscope itemtype=\"https:\/\/schema.org\/ListItem\" class=\"flex items-center\"><a href=\"https:\/\/stagingwprep.grassurntech.com\/es\/\" itemprop=\"item\" class=\"text-bc-green hover:text-white\"><span itemprop=\"name\">Caribbean Real Estate<\/span><meta itemprop=\"position\" content=\"1\" \/><\/a><\/li><span class=\"text-white mx-2\"> > <\/span><\/ol><\/nav>      <\/div>\n<\/section>\n\n\n<div class=\"wp-block-group alignwide is-layout-flow wp-block-group-is-layout-flow\">\n<div class=\"wp-block-group alignfull is-layout-constrained wp-block-group-is-layout-constrained\">\n<div style=\"height:48px\" aria-hidden=\"true\" class=\"wp-block-spacer\"><\/div>\n\n\n<div class=\"max-w-content mx-auto bc-text-with-heading-block container mx-auto my-8 lg:my-16 py-8 text-center text-bc-navy\">\n    <h1 class=\"bc-heading-2\">\n      Inmobiliaria en Tulum     <\/h1>\n\n    <div class=\"prose prose-base lg:prose-lg max-w-content mx-auto mt-8\"><p style=\"text-align: left;\">Tulum es mucho m\u00e1s que un destino tur\u00edstico; es un estilo de vida. Con sus <strong>playas v\u00edrgenes, cenotes cristalinos<\/strong> y un ambiente bohemio y relajado, esta ciudad atrae a viajeros y residentes de todo el mundo.<\/p>\n<p style=\"text-align: left;\">Adem\u00e1s, el mercado inmobiliario en Tulum ofrece una <strong>alta rentabilidad<\/strong>, especialmente en propiedades para renta vacacional y residencial. La demanda de viviendas y alquileres sigue en aumento, lo que la convierte en una de las <strong>mejores opciones para invertir<\/strong> en la Riviera Maya.<\/p>\n<\/div>\n<\/div>\n\n\n\n<div class=\"wp-block-group alignfull is-content-justification-center is-nowrap is-layout-flex wp-container-core-group-is-layout-94bc23d7 wp-block-group-is-layout-flex\"><div class=\"flex items-center justify-start\">\n    <div class=\"flex flex-col\">\n        <div class=\"flex items-center\">\n            <svg class=\"mr-1 text-bc-blue w-auto h-10 md:h-12 lg:h-16 2xl:h-20\"\n                width=\"353\" height=\"482\" viewBox=\"0 0 353 482\" fill=\"currentColor\" xmlns=\"http:\/\/www.w3.org\/2000\/svg\">\n                <path\n                    d=\"M351.14 307.14L348.91 306.66C348.606 307.477 348.221 308.261 347.76 309C339.34 319.8 331.34 331 322.3 341.22C314.78 349.76 314.23 349.4 322.49 356.89C312.88 370.98 300.49 382.18 286.05 391.12C260.2 407.12 231.66 414.41 201.69 417.12C196.31 417.61 195.69 414.95 195.57 410.53C195.01 386.72 194.12 362.92 193.48 339.11C191.66 271.85 189.833 204.573 188 137.28C187.86 132.28 189.65 130.76 194.4 130.91C202.483 131.324 210.584 131.257 218.66 130.71C221.45 130.46 225.23 127.91 226.39 125.41C229.34 119.05 224.92 113.29 217.67 113.2C207.9 113.09 198.12 113.2 187.97 113.2C187.5 105.54 187.33 98.78 186.61 92.08C185.61 83.24 188.54 77.44 196.91 73.08C210.91 65.89 218.75 49.27 216.56 34.6C215.353 26.5533 211.702 19.072 206.102 13.1694C200.501 7.26673 193.222 3.22793 185.25 1.6C183.593 1.15335 181.961 0.619266 180.36 0H175.11C170.11 1.64 164.91 2.67 160.34 5C147.34 11.72 139.78 22.6 138.92 37.27C138.02 52.77 144.58 64.99 157.92 72.88C164.92 77.04 168.37 82.23 167.73 90.44C167.373 96.0999 167.33 101.775 167.6 107.44C167.74 111.66 166.13 113.27 161.85 113.15C153.76 112.92 145.66 113 137.57 113.15C131.88 113.25 129.46 116.55 129.48 122.06C129.5 127.57 131.48 130.9 137.48 130.89C144.04 130.89 150.6 130.89 157.17 130.89C167.26 130.89 167.12 130.89 166.87 141.07C165.81 184.123 164.81 227.167 163.87 270.2C162.863 317.18 161.95 364.18 161.13 411.2C161.05 416.09 159.44 418.01 154.64 417.46C149.84 416.91 145.04 416.74 140.29 416.08C108.81 411.74 79.2899 402.08 54.4099 381.69C45.7599 374.6 38.4099 365.89 30.1899 357.6C34.9399 353.37 38.6199 350.22 34.8699 345.03C25.9299 332.7 16.9999 320.29 7.99989 308C7.11989 306.79 5.32989 306.24 3.99989 305.38C3.31989 306.64 2.21989 307.83 1.99989 309.16C-0.680108 328.03 1.36989 346.62 6.26989 364.88C7.75989 370.46 13.0599 371.39 17.6599 367.7C18.7599 366.82 19.8999 365.97 21.6599 364.6C38.8499 395.6 67.0799 413.05 96.8399 428.38C112.31 436.38 128.04 444.23 144.44 449.88C159.84 455.18 171.65 462.41 175.44 479.16C175.656 479.796 176.026 480.369 176.519 480.826C177.011 481.284 177.609 481.612 178.26 481.78C178.907 481.625 179.503 481.308 179.993 480.858C180.483 480.408 180.85 479.841 181.06 479.21C183.28 464.5 192.68 455.55 205.9 451.53C226.64 445.21 245.18 434.63 263.9 424.33C285.43 412.5 306.45 399.93 321.62 379.83C325.4 374.83 329.03 369.71 332.73 364.64C341.51 371.36 346.73 371.07 347.87 363.36C350.19 348.12 351.48 332.7 352.8 317.36C353.17 314 351.77 310.53 351.14 307.14ZM177.7 63.23C164.87 63.23 153.7 51.97 154.01 39.32C154.186 33.144 156.749 27.2768 161.162 22.9521C165.574 18.6273 171.492 16.1819 177.67 16.13C190.59 16.13 201.67 27.23 201.38 39.95C201.09 52.67 190.25 63.23 177.7 63.23Z\"\n                    fill=\"currentColor\" \/>\n            <\/svg>\n            <span\n                class=\"text-5xl lg:text-8xl 2xl:text-[82px] ml-1 lg:ml-2 font-serif uppercase text-bc-navy\">\n                TULUM             <\/span>\n        <\/div>\n        <div class=\"flex items-center\">\n            <div class=\"w-full h-0.5 lg:h-1 bg-gradient-to-r from-bc-green to-bc-green-dark\"><\/div>\n            <span class=\"ml-2 text-2xl lg:text-4xl 2xl:text-5xl font-sans whitespace-nowrap uppercase text-bc-green\">\n                REAL ESTATE            <\/span>\n        <\/div>\n    <\/div>\n<\/div><\/div>\n\n\n\n<div style=\"height:48px\" aria-hidden=\"true\" class=\"wp-block-spacer\"><\/div>\n<\/div>\n<\/div>\n\n\n\n<div \n  id=\"block-listing\"\n  class=\"bc-block-listing w-full\"\n  data-country='203' \n  data-tag='0' \n  data-sort='-timestamp'\n  data-category='0'\n  data-city='2049'\n  data-sector='0'\n  ><\/div>\n  \n\n<div class=\"max-w-content mx-auto bc-text-with-heading-block container mx-auto my-8 lg:my-16 py-8 text-center text-bc-navy\">\n    <h2 class=\"bc-heading-2\">\n      Nuestros bienes ra\u00edces en Tulum    <\/h2>\n\n    <div class=\"prose prose-base lg:prose-lg max-w-content mx-auto mt-8\"><p style=\"text-align: left;\">Tulum es sin\u00f3nimo de un estilo de vida bohemio, relajado y en armon\u00eda con la naturaleza. Su ambiente eco-chic, combinado con una oferta gastron\u00f3mica y cultural de primer nivel, atrae no solo a turistas, sino tambi\u00e9n a residentes permanentes que buscan un lugar \u00fanico para vivir. Esto aumenta la demanda de propiedades residenciales y asegura una <strong>plusval\u00eda constante.<\/strong><\/p>\n<p style=\"text-align: left;\"><strong>Ubicaci\u00f3n Privilegiada<\/strong><\/p>\n<p style=\"text-align: left;\">Situado en el coraz\u00f3n de la Riviera Maya, Tulum ofrece una ubicaci\u00f3n estrat\u00e9gica con f\u00e1cil acceso a otros destinos tur\u00edsticos como <strong>Playa del Carmen y Canc\u00fan<\/strong>. Adem\u00e1s, su cercan\u00eda al <strong>aeropuerto internacional de Canc\u00fan<\/strong> facilita la llegada de turistas y residentes internacionales.<\/p>\n<p style=\"text-align: left;\"><strong>Diversidad de Opciones Inmobiliarias<\/strong><\/p>\n<p style=\"text-align: left;\">En Tulum encontrar\u00e1s una amplia variedad de opciones para invertir, desde <strong>casas ecol\u00f3gicas y departamentos de lujo<\/strong> hasta <strong>terrenos para desarrollo<\/strong>. Esta diversidad te permite elegir la propiedad que mejor se adapte a tus objetivos, ya sea para uso personal, renta vacacional o inversi\u00f3n a largo plazo.<\/p>\n<\/div>\n<\/div>\n\n\n<div class=\"max-w-content mx-auto bc-text-with-heading-block container my-8 lg:my-16 py-8 text-left text-bc-navy\">\n  <div class=\"grid grid-cols-1 lg:grid-cols-2 gap-8\">\n    <div class=\"wp-block-media-text is-stacked-on-mobile is-vertically-aligned-center is-image-fill-element order-1 lg:order-1\" style=\"grid-template-columns:100% auto\">\n\t\t<figure class=\"wp-block-media-text__media\">\n      \t\t<img decoding=\"async\" class=\"size-full\" style=\"object-position:50% 50%\"  src=\"https:\/\/stagingwprep.grassurntech.com\/wp-content\/uploads\/2024\/07\/ALBERCA.jpg\" alt=\"riviera maya developments\" \/>\n\t\t<\/figure>\n    <\/div>\n    <div class=\"txt-block-img lg:order-2 flex flex-col justify-center\" >\n            <p class=\"bc-heading-2\">\n          Desarrollo Sostenible y Controlado        <\/p>\n          <div class=\"prose prose-base lg:prose-lg mt-8\"><p>A diferencia de otros destinos tur\u00edsticos que han experimentado un crecimiento desmedido, Tulum ha logrado mantener un <strong>equilibrio \u00fanico entre desarrollo y sostenibilidad<\/strong>. Este enfoque <strong>ecofriendly<\/strong> no solo protege su belleza natural, sino que tambi\u00e9n garantiza que las propiedades mantengan su valor y atractivo a largo plazo.<\/p>\n<p>Tulum se ha convertido en un referente de <strong>turismo responsable<\/strong>, donde la construcci\u00f3n de propiedades respeta el entorno natural y promueve pr\u00e1cticas amigables con el medio ambiente. Adem\u00e1s, la ciudad se esfuerza por proteger sus <strong>espacios culturales y naturales<\/strong>, como las <strong>ruinas mayas<\/strong>, los <strong>cenotes cristalinos<\/strong> y las <strong>reservas ecol\u00f3gicas<\/strong>, asegurando que su esencia \u00fanica perdure para las generaciones futuras.<\/p>\n<\/div>\n    <\/div>\n  <\/div>\n<\/div>\n\n\n<div class=\"max-w-content mx-auto bc-text-with-heading-block container mx-auto my-8 lg:my-16 py-8 text-center text-bc-navy\">\n    <h3 class=\"bc-heading-2\">\n      Nuestras propiedades inmobiliarias en Tulum    <\/h3>\n\n    <div class=\"prose prose-base lg:prose-lg max-w-content mx-auto mt-8\"><p style=\"text-align: left;\">En <strong>Blue Caribbean Properties<\/strong>, encontrar\u00e1s una amplia variedad de opciones adaptadas a tus necesidades:<\/p>\n<ul>\n<li style=\"text-align: left;\"><strong>Casas Ecol\u00f3gicas<\/strong>: Ideales para quienes buscan un hogar en armon\u00eda con la naturaleza, con dise\u00f1os modernos y sostenibles.<\/li>\n<li style=\"text-align: left;\"><strong>Departamentos de Lujo<\/strong>: Perfectos para inversionistas que desean propiedades con amenidades exclusivas y acceso a playas privadas.<\/li>\n<li style=\"text-align: left;\"><strong>Terrenos para Desarrollo<\/strong>: Una excelente opci\u00f3n para quienes buscan construir su sue\u00f1o en uno de los destinos m\u00e1s exclusivos de M\u00e9xico.<\/li>\n<\/ul>\n<\/div>\n<\/div>\n\n\n<div class=\"max-w-content mx-auto bc-text-with-heading-block container my-8 lg:my-16 py-8 text-left text-bc-navy\">\n  <div class=\"grid grid-cols-1 lg:grid-cols-2 gap-8\">\n    <div class=\"wp-block-media-text is-stacked-on-mobile is-vertically-aligned-center is-image-fill-element order-1 lg:order-1\" style=\"grid-template-columns:100% auto\">\n\t\t<figure class=\"wp-block-media-text__media\">\n      \t\t<img decoding=\"async\" class=\"size-full\" style=\"object-position:50% 50%\"  src=\"https:\/\/stagingwprep.grassurntech.com\/wp-content\/uploads\/2025\/03\/Tulum-_-Porque-Tulum.jpg\" alt=\"\" \/>\n\t\t<\/figure>\n    <\/div>\n    <div class=\"txt-block-img lg:order-2 flex flex-col justify-center\" >\n            <h3 class=\"bc-heading-2\">\n          \u00bfPor qu\u00e9 Tulum para tu inversi\u00f3n inmobiliaria?        <\/h3>\n          <div class=\"prose prose-base lg:prose-lg mt-8\"><p>Tulum no es solo un destino tur\u00edstico de moda; es una <strong>oportunidad de inversi\u00f3n s\u00f3lida y rentable<\/strong> que combina belleza natural, crecimiento econ\u00f3mico y un estilo de vida \u00fanico. Si est\u00e1s considerando invertir en bienes ra\u00edces, aqu\u00ed te explicamos por qu\u00e9 Tulum deber\u00eda ser tu pr\u00f3xima elecci\u00f3n.<\/p>\n<\/div>\n    <\/div>\n  <\/div>\n<\/div>\n\n\n<div class=\"max-w-content mx-auto bc-text-with-heading-block container mx-auto my-8 lg:my-16 py-8 text-center text-bc-navy\">\n    <h2 class=\"bc-heading-2\">\n      Razones para tu inversi\u00f3n inmobiliaria en Tulum    <\/h2>\n\n    <div class=\"prose prose-base lg:prose-lg max-w-content mx-auto mt-8\"><p style=\"text-align: left;\">Tulum se ha posicionado como un destino <strong>exclusivo y de alto perfil<\/strong>, atrayendo a celebridades, influencers y viajeros de lujo de todo el mundo. Esta reputaci\u00f3n ha elevado su estatus como un lugar <strong>deseable y prestigioso<\/strong>, lo que aumenta el valor de las propiedades y la demanda de alquileres vacacionales de alto nivel.<\/p>\n<p style=\"text-align: left;\">Adem\u00e1s, Tulum es un punto de encuentro para una comunidad global, desde artistas y emprendedores hasta n\u00f3madas digitales y amantes del bienestar. Esta diversidad cultural crea un ambiente vibrante y enriquecedor, ideal para quienes buscan un lugar con <strong>energ\u00eda \u00fanica y oportunidades de networking<\/strong>.<\/p>\n<p style=\"text-align: left;\">Aunque Tulum mantiene su encanto bohemio y natural, la infraestructura est\u00e1 mejorando con nuevos proyectos de <strong>carreteras, servicios y conectividad<\/strong>, como la ampliaci\u00f3n del aeropuerto de Tulum. Esto facilita el acceso y aumenta el atractivo para residentes y turistas, sin sacrificar su esencia eco-friendly.<\/p>\n<p style=\"text-align: left;\">Esto ha convertido a Tulum en un destino <strong>premium<\/strong>, con una creciente demanda de propiedades de lujo, desde villas boutique hasta hoteles exclusivos. Esto abre oportunidades para inversionistas que buscan <strong>altos rendimientos<\/strong> en un mercado de alto nivel.<\/p>\n<p style=\"text-align: left;\">Invertir en Tulum no solo es una decisi\u00f3n financiera, sino tambi\u00e9n una oportunidad para ser parte de un <strong>estilo de vida inspirador y enriquecedor<\/strong>. La combinaci\u00f3n de naturaleza, cultura y comunidad hace de Tulum un lugar \u00fanico para vivir, vacacionar o emprender.<\/p>\n<\/div>\n<\/div>\n","protected":false},"excerpt":{"rendered":"","protected":false},"author":1,"featured_media":0,"parent":4809,"menu_order":0,"comment_status":"closed","ping_status":"closed","template":"","meta":{"_acf_changed":false,"_eb_attr":"","inline_featured_image":false,"_uag_custom_page_level_css":"","footnotes":""},"class_list":["post-5015","page","type-page","status-publish","hentry"],"acf":[],"featured_image_src":null,"featured_image_src_square":null,"uagb_featured_image_src":{"full":false,"thumbnail":false,"medium":false,"medium_large":false,"large":false,"1536x1536":false,"2048x2048":false,"gb-block-post-grid-landscape":false,"gb-block-post-grid-square":false},"uagb_author_info":{"display_name":"@blueAdmon","author_link":"https:\/\/stagingwprep.grassurntech.com\/es\/author\/nubeseo\/"},"uagb_comment_info":0,"uagb_excerpt":null,"_links":{"self":[{"href":"https:\/\/stagingwprep.grassurntech.com\/es\/wp-json\/wp\/v2\/pages\/5015","targetHints":{"allow":["GET"]}}],"collection":[{"href":"https:\/\/stagingwprep.grassurntech.com\/es\/wp-json\/wp\/v2\/pages"}],"about":[{"href":"https:\/\/stagingwprep.grassurntech.com\/es\/wp-json\/wp\/v2\/types\/page"}],"author":[{"embeddable":true,"href":"https:\/\/stagingwprep.grassurntech.com\/es\/wp-json\/wp\/v2\/users\/1"}],"replies":[{"embeddable":true,"href":"https:\/\/stagingwprep.grassurntech.com\/es\/wp-json\/wp\/v2\/comments?post=5015"}],"version-history":[{"count":15,"href":"https:\/\/stagingwprep.grassurntech.com\/es\/wp-json\/wp\/v2\/pages\/5015\/revisions"}],"predecessor-version":[{"id":17125,"href":"https:\/\/stagingwprep.grassurntech.com\/es\/wp-json\/wp\/v2\/pages\/5015\/revisions\/17125"}],"up":[{"embeddable":true,"href":"https:\/\/stagingwprep.grassurntech.com\/es\/wp-json\/wp\/v2\/pages\/4809"}],"wp:attachment":[{"href":"https:\/\/stagingwprep.grassurntech.com\/es\/wp-json\/wp\/v2\/media?parent=5015"}],"curies":[{"name":"wp","href":"https:\/\/api.w.org\/{rel}","templated":true}]}}