{"id":13788,"date":"2024-06-17T11:05:34","date_gmt":"2024-06-17T15:05:34","guid":{"rendered":"http:\/\/13.220.237.230:8080\/desarrollos\/mexico\/promociones-tulum\/"},"modified":"2025-04-07T03:55:57","modified_gmt":"2025-04-07T07:55:57","slug":"tulum","status":"publish","type":"page","link":"https:\/\/stagingwprep.grassurntech.com\/es\/desarrollos\/mexico\/tulum\/","title":{"rendered":"Promociones Tulum"},"content":{"rendered":"\n<section class=\"bc-hero relative\">\n  <div class=\"bc-hero-slider\">\n    <div class=\"swiper-wrapper\">\n              <div class=\"swiper-slide\">\n          <div class=\"relative w-full min-h-[40vh]  md:h-screen\">\n            <img decoding=\"async\" class=\"w-full min-h-[40vh] md:h-screen object-cover\" src=\"https:\/\/stagingwprep.grassurntech.com\/wp-content\/uploads\/2023\/10\/Sadhu_V6_R2.jpg\"\n              alt=\"new constructions in Mexico\">\n            <div class='absolute inset-0 bg-gradient-to-b from-black via-transparent to-black opacity-40'>\n            <\/div>\n            <div class=\"absolute inset-0 py-16\">\n              <div class=\"container mx-auto h-full flex flex-col items-center justify-end\">\n                <div class=\"block md:mb-24\">\n                  <div class=\"text-center text-white z-20\">\n                    <span class=\"bc-appear text-2xl lg:text-5xl 2xl:text-8xl leading-snug font-serif font-normal uppercase\">\n                      Nueva construcci\u00f3n                    <\/span><br>\n                    <span class=\"bc-appear text-5xl md:text-[4.25rem] 2xl:text-[6.5rem] font-serif font-normal uppercase\">\n                      EN TULUM                    <\/span>\n                  <\/div>\n                  <div class=\"bc-appear w-[30%] mx-auto md:w-full h-0.5 lg:h-1 bg-bc-green\"><\/div>\n                <\/div>\n\n              <\/div>\n            <\/div>\n          <\/div>\n        <\/div>\n          <\/div>\n    <div class=\"swiper-hero-navigation absolute w-full z-20 h-24 inset-0 m-auto flex justify-between items-center\">\n      <div class=\"swiper-hero-button-prev cursor-pointer\">\n        <svg xmlns=\"http:\/\/www.w3.org\/2000\/svg\" fill=\"none\" viewBox=\"0 0 24 24\" stroke-width=\"1.5\" stroke=\"currentColor\"\n          class=\"w-12 h-12 stroke-white\">\n          <path stroke-linecap=\"round\" stroke-linejoin=\"round\" d=\"M15.75 19.5L8.25 12l7.5-7.5\" \/>\n        <\/svg>\n      <\/div>\n      <div class=\"swiper-hero-button-next cursor-pointer\">\n        <svg xmlns=\"http:\/\/www.w3.org\/2000\/svg\" fill=\"none\" viewBox=\"0 0 24 24\" stroke-width=\"1.5\" stroke=\"currentColor\"\n          class=\"w-12 h-12 stroke-white\">\n          <path stroke-linecap=\"round\" stroke-linejoin=\"round\" d=\"M8.25 4.5l7.5 7.5-7.5 7.5\" \/>\n        <\/svg>\n      <\/div>\n    <\/div>\n  <\/div>\n<\/section>\n\n<div class=\"max-w-content mx-auto bc-text-with-heading-block container mx-auto my-8 lg:my-16 py-8 text-center text-bc-navy\">\n    <h1 class=\"bc-heading-2\">\n      Proyectos Inmobiliarios en Tulum    <\/h1>\n\n    <div class=\"prose prose-base lg:prose-lg max-w-content mx-auto mt-8\"><p>Tulum se ha convertido en uno de los destinos m\u00e1s buscados para invertir en bienes ra\u00edces en M\u00e9xico. Con sus impresionantes playas, selvas exuberantes y vibrante cultura, este para\u00edso ofrece una combinaci\u00f3n \u00fanica de tranquilidad y modernidad. Ya sea que busques villas de lujo frente al mar, desarrollos ecol\u00f3gicos o propiedades con alta rentabilidad, Tulum tiene opciones para cada tipo de comprador. El mercado est\u00e1 en crecimiento, por lo que este es el momento perfecto para explorar propiedades en Tulum que se adapten a tu estilo de vida y objetivos de inversi\u00f3n.<\/p>\n<\/div>\n<\/div>\n\n\n\n<div style=\"height:24px\" aria-hidden=\"true\" class=\"wp-block-spacer\"><\/div>\n\n\n\n \n<div data-selected='[]' id=\"developments-grid-manual\"><\/div>\n\n<div class=\"max-w-content mx-auto bc-text-with-heading-block container my-8 lg:my-16 py-8 text-left text-bc-navy\">\n  <div class=\"grid grid-cols-1 lg:grid-cols-2 gap-8\">\n    <div class=\"wp-block-media-text is-stacked-on-mobile is-vertically-aligned-center is-image-fill-element order-1 lg:order-1\" style=\"grid-template-columns:100% auto\">\n\t\t<figure class=\"wp-block-media-text__media\">\n      \t\t<img decoding=\"async\" class=\"size-full\" style=\"object-position:50% 50%\"  src=\"https:\/\/stagingwprep.grassurntech.com\/wp-content\/uploads\/2025\/03\/Tulum-_-Porque-Tulum.jpg\" alt=\"\" \/>\n\t\t<\/figure>\n    <\/div>\n    <div class=\"txt-block-img lg:order-2 flex flex-col justify-center\" >\n            <h2 class=\"bc-heading-2\">\n          Desarrollos y proyectos inmobiliarios en Tulum        <\/h2>\n          <div class=\"prose prose-base lg:prose-lg mt-8\"><p>Nuestra selecci\u00f3n de desarrollos en Tulum incluye una variedad de proyectos de alta calidad dise\u00f1ados para satisfacer diversas necesidades. Desde comunidades cerradas exclusivas y condominios boutique hasta residencias con estilo resort y complejos de uso mixto, cada desarrollo ofrece arquitectura moderna, dise\u00f1o sostenible y amenidades de clase mundial. Si buscas una casa vacacional, una propiedad para rentar o una residencia permanente, nuestras propiedades en venta en Tulum garantizan una inversi\u00f3n valiosa y rentable.<\/p>\n<\/div>\n    <\/div>\n  <\/div>\n<\/div>\n\n\n<div class=\"max-w-content mx-auto bc-text-with-heading-block container my-8 lg:my-16 py-8 text-left text-bc-navy\">\n  <div class=\"grid grid-cols-1 lg:grid-cols-2 gap-8\">\n    <div class=\"wp-block-media-text is-stacked-on-mobile is-vertically-aligned-center is-image-fill-element order-1 lg:order-2\" style=\"grid-template-columns:100% auto\">\n\t\t<figure class=\"wp-block-media-text__media\">\n      \t\t<img decoding=\"async\" class=\"size-full\" style=\"object-position:50% 50%\"  src=\"https:\/\/stagingwprep.grassurntech.com\/wp-content\/uploads\/2025\/04\/Tulum-1-scaled.jpg\" alt=\"\" \/>\n\t\t<\/figure>\n    <\/div>\n    <div class=\"txt-block-img lg:order-1 flex flex-col justify-center\" >\n            <h3 class=\"bc-heading-2\">\n          Los beneficios de nuestros desarrollos en Tulum        <\/h3>\n          <div class=\"prose prose-base lg:prose-lg mt-8\"><p>Invertir en Tulum ofrece grandes ventajas. La regi\u00f3n cuenta con una pr\u00f3spera industria tur\u00edstica, lo que garantiza alta demanda de alquileres y excelentes retornos de inversi\u00f3n. Adem\u00e1s, los desarrollos en Tulum est\u00e1n enfocados en dise\u00f1os sostenibles que se integran con la naturaleza, creando espacios de vida serenos y saludables. Con su creciente infraestructura, gastronom\u00eda de clase mundial y proximidad a impresionantes ruinas mayas, Tulum brinda un estilo de vida inigualable para residentes e inversionistas. Explora nuestra selecci\u00f3n premium de propiedades en Tulum y asegura tu pedazo de para\u00edso hoy mismo.<\/p>\n<\/div>\n    <\/div>\n  <\/div>\n<\/div>\n\n\n<div class=\"max-w-content mx-auto bc-text-with-heading-block container my-8 lg:my-16 py-8 text-left text-bc-navy\">\n  <div class=\"grid grid-cols-1 lg:grid-cols-2 gap-8\">\n    <div class=\"wp-block-media-text is-stacked-on-mobile is-vertically-aligned-center is-image-fill-element order-1 lg:order-1\" style=\"grid-template-columns:100% auto\">\n\t\t<figure class=\"wp-block-media-text__media\">\n      \t\t<img decoding=\"async\" class=\"size-full\" style=\"object-position:50% 50%\"  src=\"https:\/\/stagingwprep.grassurntech.com\/wp-content\/uploads\/2025\/04\/Tulum-2-scaled.jpg\" alt=\"\" \/>\n\t\t<\/figure>\n    <\/div>\n    <div class=\"txt-block-img lg:order-2 flex flex-col justify-center\" >\n            <h2 class=\"bc-heading-2\">\n          Bluecaribbean: Proyectos inmobiliarios en Tulum        <\/h2>\n          <div class=\"prose prose-base lg:prose-lg mt-8\"><p>En Blue Caribbean Properties, nos especializamos en conectar a compradores con las mejores propiedades en venta en Tulum, M\u00e9xico. Nuestra experiencia en el mercado inmobiliario local nos permite ofrecer asesor\u00eda inigualable y acceso a listados exclusivos. Ya sea que busques un lujoso refugio frente al mar, un moderno condominio o una oportunidad de inversi\u00f3n rentable, estamos aqu\u00ed para ayudarte a encontrar la propiedad perfecta. Perm\u00edtenos guiarte en el proceso y hacer realidad tu sue\u00f1o de ser due\u00f1o de una propiedad en Tulum.<\/p>\n<\/div>\n    <\/div>\n  <\/div>\n<\/div>\n","protected":false},"excerpt":{"rendered":"","protected":false},"author":1,"featured_media":8875,"parent":13776,"menu_order":0,"comment_status":"closed","ping_status":"closed","template":"","meta":{"_acf_changed":false,"_eb_attr":"","inline_featured_image":false,"_uag_custom_page_level_css":"","footnotes":""},"class_list":["post-13788","page","type-page","status-publish","has-post-thumbnail","hentry"],"acf":[],"featured_image_src":"https:\/\/stagingwprep.grassurntech.com\/wp-content\/uploads\/2023\/11\/tulum-playa-600x400.jpg","featured_image_src_square":"https:\/\/stagingwprep.grassurntech.com\/wp-content\/uploads\/2023\/11\/tulum-playa-600x467.jpg","uagb_featured_image_src":{"full":["https:\/\/stagingwprep.grassurntech.com\/wp-content\/uploads\/2023\/11\/tulum-playa.jpg",700,467,false],"thumbnail":["https:\/\/stagingwprep.grassurntech.com\/wp-content\/uploads\/2023\/11\/tulum-playa-150x150.jpg",150,150,true],"medium":["https:\/\/stagingwprep.grassurntech.com\/wp-content\/uploads\/2023\/11\/tulum-playa-300x200.jpg",300,200,true],"medium_large":["https:\/\/stagingwprep.grassurntech.com\/wp-content\/uploads\/2023\/11\/tulum-playa.jpg",700,467,false],"large":["https:\/\/stagingwprep.grassurntech.com\/wp-content\/uploads\/2023\/11\/tulum-playa.jpg",700,467,false],"1536x1536":["https:\/\/stagingwprep.grassurntech.com\/wp-content\/uploads\/2023\/11\/tulum-playa.jpg",700,467,false],"2048x2048":["https:\/\/stagingwprep.grassurntech.com\/wp-content\/uploads\/2023\/11\/tulum-playa.jpg",700,467,false],"gb-block-post-grid-landscape":["https:\/\/stagingwprep.grassurntech.com\/wp-content\/uploads\/2023\/11\/tulum-playa-600x400.jpg",600,400,true],"gb-block-post-grid-square":["https:\/\/stagingwprep.grassurntech.com\/wp-content\/uploads\/2023\/11\/tulum-playa-600x467.jpg",600,467,true]},"uagb_author_info":{"display_name":"@blueAdmon","author_link":"https:\/\/stagingwprep.grassurntech.com\/es\/author\/nubeseo\/"},"uagb_comment_info":0,"uagb_excerpt":null,"_links":{"self":[{"href":"https:\/\/stagingwprep.grassurntech.com\/es\/wp-json\/wp\/v2\/pages\/13788","targetHints":{"allow":["GET"]}}],"collection":[{"href":"https:\/\/stagingwprep.grassurntech.com\/es\/wp-json\/wp\/v2\/pages"}],"about":[{"href":"https:\/\/stagingwprep.grassurntech.com\/es\/wp-json\/wp\/v2\/types\/page"}],"author":[{"embeddable":true,"href":"https:\/\/stagingwprep.grassurntech.com\/es\/wp-json\/wp\/v2\/users\/1"}],"replies":[{"embeddable":true,"href":"https:\/\/stagingwprep.grassurntech.com\/es\/wp-json\/wp\/v2\/comments?post=13788"}],"version-history":[{"count":6,"href":"https:\/\/stagingwprep.grassurntech.com\/es\/wp-json\/wp\/v2\/pages\/13788\/revisions"}],"predecessor-version":[{"id":17384,"href":"https:\/\/stagingwprep.grassurntech.com\/es\/wp-json\/wp\/v2\/pages\/13788\/revisions\/17384"}],"up":[{"embeddable":true,"href":"https:\/\/stagingwprep.grassurntech.com\/es\/wp-json\/wp\/v2\/pages\/13776"}],"wp:featuredmedia":[{"embeddable":true,"href":"https:\/\/stagingwprep.grassurntech.com\/es\/wp-json\/wp\/v2\/media\/8875"}],"wp:attachment":[{"href":"https:\/\/stagingwprep.grassurntech.com\/es\/wp-json\/wp\/v2\/media?parent=13788"}],"curies":[{"name":"wp","href":"https:\/\/api.w.org\/{rel}","templated":true}]}}