{"id":13776,"date":"2024-05-17T06:15:49","date_gmt":"2024-05-17T10:15:49","guid":{"rendered":"http:\/\/13.220.237.230:8080\/desarrollos\/desarrollos-en-mexico\/"},"modified":"2025-04-07T03:53:29","modified_gmt":"2025-04-07T07:53:29","slug":"mexico","status":"publish","type":"page","link":"https:\/\/stagingwprep.grassurntech.com\/es\/desarrollos\/mexico\/","title":{"rendered":"Desarrollos en M\u00e9xico"},"content":{"rendered":"\n<section class=\"bc-hero relative\">\n  <div class=\"bc-hero-slider\">\n    <div class=\"swiper-wrapper\">\n              <div class=\"swiper-slide\">\n          <div class=\"relative w-full min-h-[40vh]  md:h-screen\">\n            <img decoding=\"async\" class=\"w-full min-h-[40vh] md:h-screen object-cover\" src=\"https:\/\/stagingwprep.grassurntech.com\/wp-content\/uploads\/2023\/10\/Sadhu_V6_R2.jpg\"\n              alt=\"new constructions in Mexico\">\n            <div class='absolute inset-0 bg-gradient-to-b from-black via-transparent to-black opacity-40'>\n            <\/div>\n            <div class=\"absolute inset-0 py-16\">\n              <div class=\"container mx-auto h-full flex flex-col items-center justify-end\">\n                <div class=\"block md:mb-24\">\n                  <div class=\"text-center text-white z-20\">\n                    <span class=\"bc-appear text-2xl lg:text-5xl 2xl:text-8xl leading-snug font-serif font-normal uppercase\">\n                      Nueva construcci\u00f3n                    <\/span><br>\n                    <span class=\"bc-appear text-5xl md:text-[4.25rem] 2xl:text-[6.5rem] font-serif font-normal uppercase\">\n                      EN M\u00c9XICO                    <\/span>\n                  <\/div>\n                  <div class=\"bc-appear w-[30%] mx-auto md:w-full h-0.5 lg:h-1 bg-bc-green\"><\/div>\n                <\/div>\n\n              <\/div>\n            <\/div>\n          <\/div>\n        <\/div>\n          <\/div>\n    <div class=\"swiper-hero-navigation absolute w-full z-20 h-24 inset-0 m-auto flex justify-between items-center\">\n      <div class=\"swiper-hero-button-prev cursor-pointer\">\n        <svg xmlns=\"http:\/\/www.w3.org\/2000\/svg\" fill=\"none\" viewBox=\"0 0 24 24\" stroke-width=\"1.5\" stroke=\"currentColor\"\n          class=\"w-12 h-12 stroke-white\">\n          <path stroke-linecap=\"round\" stroke-linejoin=\"round\" d=\"M15.75 19.5L8.25 12l7.5-7.5\" \/>\n        <\/svg>\n      <\/div>\n      <div class=\"swiper-hero-button-next cursor-pointer\">\n        <svg xmlns=\"http:\/\/www.w3.org\/2000\/svg\" fill=\"none\" viewBox=\"0 0 24 24\" stroke-width=\"1.5\" stroke=\"currentColor\"\n          class=\"w-12 h-12 stroke-white\">\n          <path stroke-linecap=\"round\" stroke-linejoin=\"round\" d=\"M8.25 4.5l7.5 7.5-7.5 7.5\" \/>\n        <\/svg>\n      <\/div>\n    <\/div>\n  <\/div>\n<\/section>\n\n<div class=\"max-w-content mx-auto bc-text-with-heading-block container mx-auto my-8 lg:my-16 py-8 text-center text-bc-navy\">\n    <h1 class=\"bc-heading-2\">\n      Proyectos Inmobiliarios en M\u00e9xico      <\/h1>\n\n    <div class=\"prose prose-base lg:prose-lg max-w-content mx-auto mt-8\"><p style=\"text-align: left;\">El mercado inmobiliario en M\u00e9xico est\u00e1 en auge, ofreciendo incre\u00edbles oportunidades para inversionistas, jubilados y compradores de viviendas vacacionales. Desde las playas paradis\u00edacas de la Riviera Maya hasta las vibrantes ciudades y paisajes naturales, M\u00e9xico ofrece una amplia variedad de propiedades. Ya sea que busques condominios de lujo frente al mar, desarrollos ecol\u00f3gicos o inversiones con alta rentabilidad, el mercado inmobiliario mexicano tiene algo para ti. Con una industria tur\u00edstica fuerte y un creciente inter\u00e9s de inversionistas extranjeros, comprar propiedades en M\u00e9xico es una decisi\u00f3n inteligente y rentable.<\/p>\n<\/div>\n<\/div>\n\n\n\n<div style=\"height:24px\" aria-hidden=\"true\" class=\"wp-block-spacer\"><\/div>\n\n\n\n \n<div data-selected='[]' id=\"developments-grid-manual\"><\/div>\n\n<div class=\"max-w-content mx-auto bc-text-with-heading-block container my-8 lg:my-16 py-8 text-left text-bc-navy\">\n  <div class=\"grid grid-cols-1 lg:grid-cols-2 gap-8\">\n    <div class=\"wp-block-media-text is-stacked-on-mobile is-vertically-aligned-center is-image-fill-element order-1 lg:order-1\" style=\"grid-template-columns:100% auto\">\n\t\t<figure class=\"wp-block-media-text__media\">\n      \t\t<img decoding=\"async\" class=\"size-full\" style=\"object-position:50% 50%\"  src=\"https:\/\/stagingwprep.grassurntech.com\/wp-content\/uploads\/2025\/04\/Mexico-6-scaled.jpg\" alt=\"\" \/>\n\t\t<\/figure>\n    <\/div>\n    <div class=\"txt-block-img lg:order-2 flex flex-col justify-center\" >\n            <h2 class=\"bc-heading-2\">\n          Desarrollos y proyectos inmobiliarios en M\u00e9xico        <\/h2>\n          <div class=\"prose prose-base lg:prose-lg mt-8\"><p>En Blue Caribbean Properties, ofrecemos una selecci\u00f3n exclusiva de los mejores desarrollos inmobiliarios en M\u00e9xico. Nuestro portafolio incluye modernos condominios, comunidades residenciales privadas y residencias con estilo resort, dise\u00f1adas para ofrecer confort y rentabilidad. Estos desarrollos cuentan con amenidades de clase mundial como albercas privadas, gimnasios, servicio de concierge y acceso directo a la playa. Ya sea que busques una segunda residencia o una propiedad para inversi\u00f3n, nuestros proyectos garantizan calidad, seguridad y una ubicaci\u00f3n inigualable. Explora Nuestras Propiedades<\/p>\n<p><strong>Residencias de lujo<\/strong>: Comunidades cerradas con amenidades exclusivas de estilo hotelero.<br \/>\n<strong>Propiedades Frente al Mar<\/strong>: Villas y condominios con acceso directo a playas de arena blanca y aguas cristalinas.<br \/>\n<strong>Proyectos Ecol\u00f3gicos<\/strong>: Desarrollos sostenibles dise\u00f1ados para respetar el medio ambiente y fomentar un estilo de vida armonioso con la naturaleza.<br \/>\n<strong>Inversiones en Renta Vacacional<\/strong>: Una selecci\u00f3n de condo-hoteles ideales para generar ingresos constantes a trav\u00e9s de rentas a corto plazo.<\/p>\n<p>Cada proyecto est\u00e1 dise\u00f1ado para ofrecer el m\u00e1ximo confort y un estilo de vida caribe\u00f1o sin igual.<\/p>\n<\/div>\n    <\/div>\n  <\/div>\n<\/div>\n\n\n<div class=\"max-w-content mx-auto bc-text-with-heading-block container my-8 lg:my-16 py-8 text-left text-bc-navy\">\n  <div class=\"grid grid-cols-1 lg:grid-cols-2 gap-8\">\n    <div class=\"wp-block-media-text is-stacked-on-mobile is-vertically-aligned-center is-image-fill-element order-1 lg:order-2\" style=\"grid-template-columns:100% auto\">\n\t\t<figure class=\"wp-block-media-text__media\">\n      \t\t<img decoding=\"async\" class=\"size-full\" style=\"object-position:50% 50%\"  src=\"https:\/\/stagingwprep.grassurntech.com\/wp-content\/uploads\/2025\/04\/Mexico-8-scaled.jpg\" alt=\"\" \/>\n\t\t<\/figure>\n    <\/div>\n    <div class=\"txt-block-img lg:order-1 flex flex-col justify-center\" >\n            <h3 class=\"bc-heading-2\">\n          Promociones disponibles        <\/h3>\n          <div class=\"prose prose-base lg:prose-lg mt-8\"><p>En Blue Caribbean Properties, ofrecemos promociones especiales para nuestros desarrollos en M\u00e9xico, incluyendo:<\/p>\n<ul>\n<li>Financiamiento flexible: Planes de pago adaptados a tus necesidades.<\/li>\n<li>Descuentos por pago anticipado: Beneficios especiales para quienes cierran trato r\u00e1pidamente.<\/li>\n<li>Paquetes todo incluido: Algunos proyectos vienen completamente amueblados y decorados, con servicios adicionales incluidos.<\/li>\n<li>Programa Fly &amp; Buy: Asistencia para viajar y conocer la propiedad antes de invertir. Algunos desarrollos reembolsan parcial o totalmente los costos de viaje si decides comprar.<\/li>\n<\/ul>\n<p>Nuestro equipo profesional est\u00e1 listo para brindarte m\u00e1s detalles sobre las promociones disponibles y ayudarte a encontrar la mejor opci\u00f3n para lograr tus objetivos de inversi\u00f3n.<\/p>\n<\/div>\n    <\/div>\n  <\/div>\n<\/div>\n\n\n<div class=\"max-w-content mx-auto bc-text-with-heading-block container my-8 lg:my-16 py-8 text-left text-bc-navy\">\n  <div class=\"grid grid-cols-1 lg:grid-cols-2 gap-8\">\n    <div class=\"wp-block-media-text is-stacked-on-mobile is-vertically-aligned-center is-image-fill-element order-1 lg:order-1\" style=\"grid-template-columns:100% auto\">\n\t\t<figure class=\"wp-block-media-text__media\">\n      \t\t<img decoding=\"async\" class=\"size-full\" style=\"object-position:50% 50%\"  src=\"https:\/\/stagingwprep.grassurntech.com\/wp-content\/uploads\/2025\/04\/Mexico-11-scaled.jpg\" alt=\"\" \/>\n\t\t<\/figure>\n    <\/div>\n    <div class=\"txt-block-img lg:order-2 flex flex-col justify-center\" >\n            <h3 class=\"bc-heading-2\">\n          Los beneficios de nuestros desarrollos en M\u00e9xico        <\/h3>\n          <div class=\"prose prose-base lg:prose-lg mt-8\"><p>Invertir en bienes ra\u00edces en M\u00e9xico ofrece m\u00faltiples ventajas. Nuestras propiedades brindan un alto potencial de retorno de inversi\u00f3n, plusval\u00eda y acceso a algunas de las ubicaciones m\u00e1s exclusivas del mundo. Adem\u00e1s, muchos de nuestros desarrollos incluyen opciones de administraci\u00f3n de rentas vacacionales que generan ingresos pasivos. M\u00e9xico tambi\u00e9n ofrece un costo de vida atractivo, un ambiente acogedor y opciones de residencia, lo que lo convierte en un destino ideal para quienes buscan mudarse o diversificar su portafolio de inversi\u00f3n.<\/p>\n<\/div>\n    <\/div>\n  <\/div>\n<\/div>\n\n\n<div class=\"max-w-content mx-auto bc-text-with-heading-block container mx-auto my-8 lg:my-16 py-8 text-center text-bc-navy\">\n    <h2 class=\"bc-heading-2\">\n      Bluecaribbean: Proyectos inmobiliarios en M\u00e9xico    <\/h2>\n\n    <div class=\"prose prose-base lg:prose-lg max-w-content mx-auto mt-8\"><p style=\"text-align: left;\">Blue Caribbean Properties es tu aliado confiable para encontrar las mejores propiedades en venta en M\u00e9xico. Nos especializamos en inversiones inmobiliarias de alto valor que se alinean con tu estilo de vida y objetivos financieros. Nuestro equipo de expertos garantiza un proceso de compra fluido, gui\u00e1ndote en cada paso desde la selecci\u00f3n hasta el cierre. Con un fuerte compromiso con la integridad, transparencia y servicio personalizado, te ayudamos a asegurar la propiedad perfecta en M\u00e9xico con total confianza.<\/p>\n<\/div>\n<\/div>\n","protected":false},"excerpt":{"rendered":"","protected":false},"author":1,"featured_media":0,"parent":5360,"menu_order":0,"comment_status":"closed","ping_status":"closed","template":"","meta":{"_acf_changed":false,"_eb_attr":"","inline_featured_image":false,"_uag_custom_page_level_css":"","footnotes":""},"class_list":["post-13776","page","type-page","status-publish","hentry"],"acf":[],"featured_image_src":null,"featured_image_src_square":null,"uagb_featured_image_src":{"full":false,"thumbnail":false,"medium":false,"medium_large":false,"large":false,"1536x1536":false,"2048x2048":false,"gb-block-post-grid-landscape":false,"gb-block-post-grid-square":false},"uagb_author_info":{"display_name":"@blueAdmon","author_link":"https:\/\/stagingwprep.grassurntech.com\/es\/author\/nubeseo\/"},"uagb_comment_info":0,"uagb_excerpt":null,"_links":{"self":[{"href":"https:\/\/stagingwprep.grassurntech.com\/es\/wp-json\/wp\/v2\/pages\/13776","targetHints":{"allow":["GET"]}}],"collection":[{"href":"https:\/\/stagingwprep.grassurntech.com\/es\/wp-json\/wp\/v2\/pages"}],"about":[{"href":"https:\/\/stagingwprep.grassurntech.com\/es\/wp-json\/wp\/v2\/types\/page"}],"author":[{"embeddable":true,"href":"https:\/\/stagingwprep.grassurntech.com\/es\/wp-json\/wp\/v2\/users\/1"}],"replies":[{"embeddable":true,"href":"https:\/\/stagingwprep.grassurntech.com\/es\/wp-json\/wp\/v2\/comments?post=13776"}],"version-history":[{"count":8,"href":"https:\/\/stagingwprep.grassurntech.com\/es\/wp-json\/wp\/v2\/pages\/13776\/revisions"}],"predecessor-version":[{"id":17363,"href":"https:\/\/stagingwprep.grassurntech.com\/es\/wp-json\/wp\/v2\/pages\/13776\/revisions\/17363"}],"up":[{"embeddable":true,"href":"https:\/\/stagingwprep.grassurntech.com\/es\/wp-json\/wp\/v2\/pages\/5360"}],"wp:attachment":[{"href":"https:\/\/stagingwprep.grassurntech.com\/es\/wp-json\/wp\/v2\/media?parent=13776"}],"curies":[{"name":"wp","href":"https:\/\/api.w.org\/{rel}","templated":true}]}}