{"id":12712,"date":"2024-06-27T07:31:48","date_gmt":"2024-06-27T11:31:48","guid":{"rendered":"http:\/\/13.220.237.230:8080\/republica-dominicana-inmobiliaria\/cana-bay\/"},"modified":"2025-05-12T11:19:45","modified_gmt":"2025-05-12T15:19:45","slug":"cana-bay","status":"publish","type":"page","link":"https:\/\/stagingwprep.grassurntech.com\/es\/republica-dominicana-inmobiliaria\/cana-bay\/","title":{"rendered":"Cana Bay"},"content":{"rendered":"\n<section class=\"bc-hero-block relative\" style=\"background-image:url('https:\/\/stagingwprep.grassurntech.com\/wp-content\/uploads\/2023\/09\/The-best-of-living-in-Cana-Bay-scaled-1.jpg');\">\n      <div class=\"bc-hero-block__breadcrumb\">\n          <nav aria-label=\"Breadcrumb\" class=\"flex items-center py-3\"><ol class=\"breadcrumbs flex items-center space-x-2\" itemscope itemtype=\"https:\/\/schema.org\/BreadcrumbList\"><li itemprop=\"itemListElement\" itemscope itemtype=\"https:\/\/schema.org\/ListItem\" class=\"flex items-center\"><a href=\"https:\/\/stagingwprep.grassurntech.com\/es\/\" itemprop=\"item\" class=\"text-bc-green hover:text-white\"><span itemprop=\"name\">Caribbean Real Estate<\/span><meta itemprop=\"position\" content=\"1\" \/><\/a><\/li><span class=\"text-white mx-2\"> > <\/span><\/ol><\/nav>      <\/div>\n<\/section>\n\n<div class=\"max-w-content mx-auto bc-text-with-heading-block container mx-auto my-8 lg:my-16 py-8 text-center text-bc-navy\">\n    <h1 class=\"bc-heading-2\">\n      Inmobiliaria en Cana Bay    <\/h1>\n\n    <div class=\"prose prose-base lg:prose-lg max-w-content mx-auto mt-8\"><p style=\"text-align: left;\"><strong>Cana Bay<\/strong> es una de las comunidades m\u00e1s exclusivas de <strong>Punta Cana<\/strong>, reconocida por su <strong>dise\u00f1o moderno, amenidades de lujo y estilo de vida premium<\/strong>. Pero <strong>Cana Bay<\/strong> es m\u00e1s que una comunidad; es un destino en s\u00ed mismo.<br \/>\nDentro del complejo, encontrar\u00e1s <strong>amenidades exclusivas<\/strong> como un <strong>campo de golf de clase mundial<\/strong>, un <strong>racquet club<\/strong>, un <strong>club de playa<\/strong> con acceso a una <strong>playa privada<\/strong> y una <strong>piscina infinita<\/strong>. Adem\u00e1s, es el hogar del emblem\u00e1tico <strong>Hard Rock Hotel &amp; Casino<\/strong>, que a\u00f1ade un toque de glamour y entretenimiento a este desarrollo \u00fanico.<\/p>\n<p style=\"text-align: left;\">Si est\u00e1s buscando invertir en bienes ra\u00edces en un entorno <strong>seguro, sofisticado<\/strong> y en <strong>constante crecimiento, Blue Caribbean Properties<\/strong> es tu aliado ideal.<\/p>\n<p style=\"text-align: left;\">Nos especializamos en ofrecer propiedades en <strong>Cana Bay<\/strong> que combinan <strong>elegancia<\/strong>, <strong>comodidad y rentabilidad<\/strong>, adaptadas a tus necesidades, ya sea que busques una <strong>residencia permanente<\/strong>, una <strong>casa de vacaciones<\/strong> o una <strong>inversi\u00f3n rentable<\/strong>.<\/p>\n<\/div>\n<\/div>\n\n\n\n<div class=\"wp-block-group alignwide is-layout-flow wp-block-group-is-layout-flow\">\n<div class=\"wp-block-group alignfull is-layout-constrained wp-block-group-is-layout-constrained\">\n<div class=\"wp-block-group alignfull is-content-justification-center is-nowrap is-layout-flex wp-container-core-group-is-layout-94bc23d7 wp-block-group-is-layout-flex\"><div class=\"flex items-center justify-start\">\n    <div class=\"flex flex-col\">\n        <div class=\"flex items-center\">\n            <svg class=\"mr-1 text-bc-blue w-auto h-10 md:h-12 lg:h-16 2xl:h-20\"\n                width=\"353\" height=\"482\" viewBox=\"0 0 353 482\" fill=\"currentColor\" xmlns=\"http:\/\/www.w3.org\/2000\/svg\">\n                <path\n                    d=\"M351.14 307.14L348.91 306.66C348.606 307.477 348.221 308.261 347.76 309C339.34 319.8 331.34 331 322.3 341.22C314.78 349.76 314.23 349.4 322.49 356.89C312.88 370.98 300.49 382.18 286.05 391.12C260.2 407.12 231.66 414.41 201.69 417.12C196.31 417.61 195.69 414.95 195.57 410.53C195.01 386.72 194.12 362.92 193.48 339.11C191.66 271.85 189.833 204.573 188 137.28C187.86 132.28 189.65 130.76 194.4 130.91C202.483 131.324 210.584 131.257 218.66 130.71C221.45 130.46 225.23 127.91 226.39 125.41C229.34 119.05 224.92 113.29 217.67 113.2C207.9 113.09 198.12 113.2 187.97 113.2C187.5 105.54 187.33 98.78 186.61 92.08C185.61 83.24 188.54 77.44 196.91 73.08C210.91 65.89 218.75 49.27 216.56 34.6C215.353 26.5533 211.702 19.072 206.102 13.1694C200.501 7.26673 193.222 3.22793 185.25 1.6C183.593 1.15335 181.961 0.619266 180.36 0H175.11C170.11 1.64 164.91 2.67 160.34 5C147.34 11.72 139.78 22.6 138.92 37.27C138.02 52.77 144.58 64.99 157.92 72.88C164.92 77.04 168.37 82.23 167.73 90.44C167.373 96.0999 167.33 101.775 167.6 107.44C167.74 111.66 166.13 113.27 161.85 113.15C153.76 112.92 145.66 113 137.57 113.15C131.88 113.25 129.46 116.55 129.48 122.06C129.5 127.57 131.48 130.9 137.48 130.89C144.04 130.89 150.6 130.89 157.17 130.89C167.26 130.89 167.12 130.89 166.87 141.07C165.81 184.123 164.81 227.167 163.87 270.2C162.863 317.18 161.95 364.18 161.13 411.2C161.05 416.09 159.44 418.01 154.64 417.46C149.84 416.91 145.04 416.74 140.29 416.08C108.81 411.74 79.2899 402.08 54.4099 381.69C45.7599 374.6 38.4099 365.89 30.1899 357.6C34.9399 353.37 38.6199 350.22 34.8699 345.03C25.9299 332.7 16.9999 320.29 7.99989 308C7.11989 306.79 5.32989 306.24 3.99989 305.38C3.31989 306.64 2.21989 307.83 1.99989 309.16C-0.680108 328.03 1.36989 346.62 6.26989 364.88C7.75989 370.46 13.0599 371.39 17.6599 367.7C18.7599 366.82 19.8999 365.97 21.6599 364.6C38.8499 395.6 67.0799 413.05 96.8399 428.38C112.31 436.38 128.04 444.23 144.44 449.88C159.84 455.18 171.65 462.41 175.44 479.16C175.656 479.796 176.026 480.369 176.519 480.826C177.011 481.284 177.609 481.612 178.26 481.78C178.907 481.625 179.503 481.308 179.993 480.858C180.483 480.408 180.85 479.841 181.06 479.21C183.28 464.5 192.68 455.55 205.9 451.53C226.64 445.21 245.18 434.63 263.9 424.33C285.43 412.5 306.45 399.93 321.62 379.83C325.4 374.83 329.03 369.71 332.73 364.64C341.51 371.36 346.73 371.07 347.87 363.36C350.19 348.12 351.48 332.7 352.8 317.36C353.17 314 351.77 310.53 351.14 307.14ZM177.7 63.23C164.87 63.23 153.7 51.97 154.01 39.32C154.186 33.144 156.749 27.2768 161.162 22.9521C165.574 18.6273 171.492 16.1819 177.67 16.13C190.59 16.13 201.67 27.23 201.38 39.95C201.09 52.67 190.25 63.23 177.7 63.23Z\"\n                    fill=\"currentColor\" \/>\n            <\/svg>\n            <span\n                class=\"text-5xl lg:text-8xl 2xl:text-[82px] ml-1 lg:ml-2 font-serif uppercase text-bc-navy\">\n                CANA BAY            <\/span>\n        <\/div>\n        <div class=\"flex items-center\">\n            <div class=\"w-full h-0.5 lg:h-1 bg-gradient-to-r from-bc-green to-bc-green-dark\"><\/div>\n            <span class=\"ml-2 text-2xl lg:text-4xl 2xl:text-5xl font-sans whitespace-nowrap uppercase text-bc-green\">\n                INMOBILIARIO            <\/span>\n        <\/div>\n    <\/div>\n<\/div><\/div>\n\n\n\n<div style=\"height:48px\" aria-hidden=\"true\" class=\"wp-block-spacer\"><\/div>\n<\/div>\n\n\n\n<div class=\"wp-block-group is-layout-constrained wp-block-group-is-layout-constrained\">\n<div style=\"height:32px\" aria-hidden=\"true\" class=\"wp-block-spacer\"><\/div>\n<\/div>\n<\/div>\n\n\n\n<div \n  id=\"block-listing\"\n  class=\"bc-block-listing w-full\"\n  data-country='149' \n  data-tag='0' \n  data-sort='-timestamp'\n  data-category='0'\n  data-city='59'\n  data-sector='0'\n  ><\/div>\n  \n\n\n<div class=\"wp-block-group is-layout-constrained wp-container-core-group-is-layout-48c9aa2a wp-block-group-is-layout-constrained\">\n<div class=\"wp-block-group is-layout-constrained wp-block-group-is-layout-constrained\">\n<div style=\"height:32px\" aria-hidden=\"true\" class=\"wp-block-spacer\"><\/div>\n\n\n\n<div class=\"wp-block-group is-layout-constrained wp-block-group-is-layout-constrained\">\n<div style=\"height:40px\" aria-hidden=\"true\" class=\"wp-block-spacer\"><\/div>\n\n\n\n<h2 class=\"wp-block-heading has-text-align-center titulo-nuevo has-bc-navy-color has-text-color has-4-xl-font-size\" style=\"font-style:normal;font-weight:300\"><strong>Tipos de viviendas en venta en Cana Bay<\/strong><\/h2>\n\n\n\n<div style=\"height:64px\" aria-hidden=\"true\" class=\"wp-block-spacer\"><\/div>\n\n\n\n<div class=\"wp-block-columns is-layout-flex wp-container-core-columns-is-layout-9d6595d7 wp-block-columns-is-layout-flex\">\n<div class=\"wp-block-column is-layout-flow wp-block-column-is-layout-flow\">\n<div class=\"wp-block-uagb-info-box uagb-block-c9efd16a uagb-infobox__content-wrap  uagb-infobox-icon-above-title uagb-infobox-image-valign-top\"><div class=\"uagb-ifb-content\"><div class=\"uagb-ifb-image-content\"><img decoding=\"async\" src=\"http:\/\/13.220.237.230:8080\/wp-content\/uploads\/2023\/11\/bungalow-150x150.png\" alt=\"\" width=\"120\" height=\"120\" loading=\"lazy\"\/><\/div><div class=\"uagb-ifb-title-wrap\"><\/div><div class=\"uagb-ifb-button-wrapper wp-block-button\"><a href=\"#\" target=\"_self\" onclick=\"return false;\" class=\"uagb-infobox-cta-link\" rel=\"noopener noreferrer\"><span class=\"uagb-inline-editing\">Villas in Cana Bay<\/span><\/a><\/div><\/div><\/div>\n<\/div>\n\n\n\n<div class=\"wp-block-column is-layout-flow wp-block-column-is-layout-flow\">\n<div class=\"wp-block-uagb-info-box uagb-block-f2b78919 uagb-infobox__content-wrap  uagb-infobox-icon-above-title uagb-infobox-image-valign-top\"><div class=\"uagb-ifb-content\"><div class=\"uagb-ifb-image-content\"><img decoding=\"async\" src=\"http:\/\/13.220.237.230:8080\/wp-content\/uploads\/2023\/11\/edificio-150x150.png\" alt=\"\" width=\"120\" height=\"120\" loading=\"lazy\"\/><\/div><div class=\"uagb-ifb-title-wrap\"><\/div><div class=\"uagb-ifb-button-wrapper wp-block-button\"><a href=\"#\" target=\"_self\" onclick=\"return false;\" class=\"uagb-infobox-cta-link\" rel=\"noopener noreferrer\"><span class=\"uagb-inline-editing\">Downtown in Cana Bay<\/span><\/a><\/div><\/div><\/div>\n<\/div>\n\n\n\n<div class=\"wp-block-column is-layout-flow wp-block-column-is-layout-flow\">\n<div class=\"wp-block-uagb-info-box uagb-block-5aa5f1c3 uagb-infobox__content-wrap  uagb-infobox-icon-above-title uagb-infobox-image-valign-top\"><div class=\"uagb-ifb-content\"><div class=\"uagb-ifb-image-content\"><img decoding=\"async\" src=\"http:\/\/13.220.237.230:8080\/wp-content\/uploads\/2023\/11\/playa-150x150.png\" alt=\"\" width=\"120\" height=\"120\" loading=\"lazy\"\/><\/div><div class=\"uagb-ifb-title-wrap\"><\/div><div class=\"uagb-ifb-button-wrapper wp-block-button\"><a href=\"#\" target=\"_self\" onclick=\"return false;\" class=\"uagb-infobox-cta-link\" rel=\"noopener noreferrer\"><span class=\"uagb-inline-editing\">Oceanfront in Cana Bay<\/span><\/a><\/div><\/div><\/div>\n<\/div>\n\n\n\n<div class=\"wp-block-column is-layout-flow wp-block-column-is-layout-flow\">\n<div class=\"wp-block-uagb-info-box uagb-block-a2bdd271 uagb-infobox__content-wrap  uagb-infobox-icon-above-title uagb-infobox-image-valign-top\"><div class=\"uagb-ifb-content\"><div class=\"uagb-ifb-image-content\"><img decoding=\"async\" src=\"http:\/\/13.220.237.230:8080\/wp-content\/uploads\/2023\/11\/villa-150x150.png\" alt=\"\" width=\"120\" height=\"120\" loading=\"lazy\"\/><\/div><div class=\"uagb-ifb-title-wrap\"><\/div><div class=\"uagb-ifb-button-wrapper wp-block-button\"><a href=\"#\" target=\"_self\" onclick=\"return false;\" class=\"uagb-infobox-cta-link\" rel=\"noopener noreferrer\"><span class=\"uagb-inline-editing\">Condos in Cana Bay<\/span><\/a><\/div><\/div><\/div>\n<\/div>\n<\/div>\n<\/div>\n\n\n\n<div style=\"height:32px\" aria-hidden=\"true\" class=\"wp-block-spacer\"><\/div>\n<\/div>\n\n\n\n<div style=\"height:32px\" aria-hidden=\"true\" class=\"wp-block-spacer\"><\/div>\n<\/div>\n\n\n<div class=\"max-w-content mx-auto bc-text-with-heading-block container mx-auto my-8 lg:my-16 py-8 text-center text-bc-navy\">\n    <h2 class=\"bc-heading-2\">\n      Nuestros Bienes Ra\u00edces en Cana Bay    <\/h2>\n\n    <div class=\"prose prose-base lg:prose-lg max-w-content mx-auto mt-8\"><p style=\"text-align: left;\">En <strong>Blue Caribbean Properties<\/strong>, contamos con una selecci\u00f3n exclusiva de <strong>bienes ra\u00edces en Cana Bay<\/strong>, uno de los desarrollos m\u00e1s prestigiosos de <strong>Punta Cana<\/strong>. Nuestro portafolio incluye:<\/p>\n<ul style=\"text-align: left;\">\n<li><strong>Villas modernas<\/strong>: Propiedades de lujo con dise\u00f1os contempor\u00e1neos y acabados de alta gama.<\/li>\n<li><strong>Condominios exclusivos<\/strong>: Departamentos de lujo, con todas las comodidades de un hotel en tu propio recinto privado.<\/li>\n<\/ul>\n<p style=\"text-align: left;\">Cada propiedad en Cana Bay est\u00e1 dise\u00f1ada para ofrecer el m\u00e1ximo confort y un estilo de vida inigualable.<\/p>\n<\/div>\n<\/div>\n\n\n<div class=\"max-w-content mx-auto bc-text-with-heading-block container my-8 lg:my-16 py-8 text-left text-bc-navy\">\n  <div class=\"grid grid-cols-1 lg:grid-cols-2 gap-8\">\n    <div class=\"wp-block-media-text is-stacked-on-mobile is-vertically-aligned-center is-image-fill-element order-1 lg:order-1\" style=\"grid-template-columns:100% auto\">\n\t\t<figure class=\"wp-block-media-text__media\">\n      \t\t<img decoding=\"async\" class=\"size-full\" style=\"object-position:50% 50%\"  src=\"https:\/\/stagingwprep.grassurntech.com\/wp-content\/uploads\/2025\/05\/Cana-Bay.png\" alt=\"\" \/>\n\t\t<\/figure>\n    <\/div>\n    <div class=\"txt-block-img lg:order-2 flex flex-col justify-center\" >\n            <h3 class=\"bc-heading-2\">\n          Nuestras Propiedades Inmobiliarias en Cana Bay        <\/h3>\n          <div class=\"prose prose-base lg:prose-lg mt-8\"><p>Nuestras propiedades inmobiliarias en Cana Bay se caracterizan por su calidad superior, ubicaci\u00f3n privilegiada y alto potencial de rentabilidad. Ya sea que busques una casa para vivir, un departamento para generar renta vacacional, tenemos opciones que se adaptan a tus objetivos.<\/p>\n<p>Explora nuestro cat\u00e1logo y descubre por qu\u00e9 Cana Bay es el lugar perfecto para tu pr\u00f3xima inversi\u00f3n.<\/p>\n<\/div>\n    <\/div>\n  <\/div>\n<\/div>\n\n\n<div class=\"max-w-content mx-auto bc-text-with-heading-block container my-8 lg:my-16 py-8 text-left text-bc-navy\">\n  <div class=\"grid grid-cols-1 lg:grid-cols-2 gap-8\">\n    <div class=\"wp-block-media-text is-stacked-on-mobile is-vertically-aligned-center is-image-fill-element order-1 lg:order-2\" style=\"grid-template-columns:100% auto\">\n\t\t<figure class=\"wp-block-media-text__media\">\n      \t\t<img decoding=\"async\" class=\"size-full\" style=\"object-position:50% 50%\"  src=\"https:\/\/stagingwprep.grassurntech.com\/wp-content\/uploads\/2025\/05\/Cana-Bay-2.png\" alt=\"\" \/>\n\t\t<\/figure>\n    <\/div>\n    <div class=\"txt-block-img lg:order-1 flex flex-col justify-center\" >\n            <h3 class=\"bc-heading-2\">\n          \u00bfPor qu\u00e9 Cana Bay para tu Inversi\u00f3n Inmobiliaria?        <\/h3>\n          <div class=\"prose prose-base lg:prose-lg mt-8\"><p><strong>Cana Bay<\/strong> es mucho m\u00e1s que un desarrollo residencial; es una <strong>oportunidad de inversi\u00f3n s\u00f3lida y rentable<\/strong>. Aqu\u00ed te decimos por qu\u00e9:<\/p>\n<ul>\n<li><strong>Comunidad planificada<\/strong>: Un entorno seguro y exclusivo con \u00e1reas verdes, lagos y amenidades de clase mundial.<\/li>\n<li><strong>Ubicaci\u00f3n estrat\u00e9gica<\/strong>: con acceso a una de las mejores playas de Punta Cana y cercan\u00eda al aeropuerto internacional.<\/li>\n<li><strong>Estilo de vida premium<\/strong>: Disfruta de clubes privados, campo de golf, restaurantes gourmet y actividades exclusivas.<\/li>\n<li><strong>Plusval\u00eda asegurada<\/strong>: El crecimiento constante de <strong>Cana Bay<\/strong> garantiza un aumento en el valor de tu inversi\u00f3n.<\/li>\n<li><strong>Beneficios de CONFOTUR y exenci\u00f3n de impuestos<\/strong>: La mayor\u00eda de los <strong>proyectos en Cana Bay<\/strong> cuentan con los beneficios de la <strong>Ley de CONFOTUR<\/strong>, que otorga exenci\u00f3n de impuestos a la propiedad y a la transferencia, lo que representa un gran ahorro para los compradores.<\/li>\n<\/ul>\n<p>Invertir en Cana Bay no solo es una decisi\u00f3n financiera inteligente, sino tambi\u00e9n una oportunidad para disfrutar de un estilo de vida premium.<\/p>\n<\/div>\n    <\/div>\n  <\/div>\n<\/div>\n\n\n<div class=\"max-w-content mx-auto bc-text-with-heading-block container mx-auto my-8 lg:my-16 py-8 text-center text-bc-navy\">\n    <h2 class=\"bc-heading-2\">\n      Razones para tu Inversi\u00f3n Inmobiliaria en Cana Bay    <\/h2>\n\n    <div class=\"prose prose-base lg:prose-lg max-w-content mx-auto mt-8\"><p style=\"text-align: left;\">Aqu\u00ed las razones clave para invertir en\u00a0<strong>bienes ra\u00edces en Cana Bay:<\/strong><\/p>\n<ol>\n<li style=\"text-align: left;\"><strong>Alta rentabilidad<\/strong>: La demanda de propiedades en esta comunidad exclusiva asegura ingresos recurrentes. Por sus amenidades de clase mundial y cercania a la playa.<\/li>\n<li style=\"text-align: left;\"><strong>Seguridad y tranquilidad<\/strong>: Un entorno cerrado con vigilancia 24\/7, \u00e1reas comunes bien cuidadas y poca densidad poblacional.<\/li>\n<li style=\"text-align: left;\"><strong>Amenidades de lujo<\/strong>: Playas, campos de golf, lagos, piscinas, gimnasios, canchas deportivas y m\u00e1s.<\/li>\n<li style=\"text-align: left;\"><strong>Dise\u00f1o moderno<\/strong>: Propiedades con acabados de alta gama y espacios funcionales.<\/li>\n<li style=\"text-align: left;\"><strong>Crecimiento constante<\/strong>: Un desarrollo en expansi\u00f3n con plusval\u00eda asegurada.<\/li>\n<li style=\"text-align: left;\"><strong>Exenci\u00f3n de impuesto<\/strong>: Hasta por 15 a\u00f1os en propiedades tur\u00edsticas.<\/li>\n<\/ol>\n<\/div>\n<\/div>\n\n\n<div class=\"max-w-content mx-auto bc-text-with-heading-block container my-8 lg:my-16 py-8 text-left text-bc-navy\">\n  <div class=\"grid grid-cols-1 lg:grid-cols-2 gap-8\">\n    <div class=\"wp-block-media-text is-stacked-on-mobile is-vertically-aligned-center is-image-fill-element order-1 lg:order-1\" style=\"grid-template-columns:100% auto\">\n\t\t<figure class=\"wp-block-media-text__media\">\n      \t\t<img decoding=\"async\" class=\"size-full\" style=\"object-position:50% 50%\"  src=\"https:\/\/stagingwprep.grassurntech.com\/wp-content\/uploads\/2025\/05\/Cana-Bay-3.png\" alt=\"\" \/>\n\t\t<\/figure>\n    <\/div>\n    <div class=\"txt-block-img lg:order-2 flex flex-col justify-center\" >\n            <h2 class=\"bc-heading-2\">\n          Blue Caribbean: Tu Inmobiliaria en Cana Bay        <\/h2>\n          <div class=\"prose prose-base lg:prose-lg mt-8\"><p>En <strong>Blue Caribbean Properties<\/strong>, somos tu aliado confiable para <strong>inversiones inmobiliarias en Cana Bay<\/strong>. Nuestro equipo de expertos te brindar\u00e1 asesor\u00eda personalizada en cada paso, desde la selecci\u00f3n de la propiedad hasta la firma de contratos.<\/p>\n<p>Ya sea que busques una <strong>casa de vacaciones<\/strong>, una <strong>inversi\u00f3n rentable<\/strong> o un <strong>hogar permanente<\/strong>, estamos aqu\u00ed para ayudarte a hacer realidad tus sue\u00f1os en <strong>Cana Bay<\/strong>.<br \/>\nExplora nuestro cat\u00e1logo de <strong>propiedades en Cana Bay<\/strong> y descubre por qu\u00e9 somos la mejor opci\u00f3n para tu pr\u00f3xima inversi\u00f3n: Explora Nuestro Cat\u00e1logo.<\/p>\n<p><strong>\u00bfPor qu\u00e9 elegir Blue Caribbean Properties?<\/strong><\/p>\n<ul>\n<li><strong>Portafolio exclusivo<\/strong>: Propiedades de alta gama en Cana Bay.<\/li>\n<li><strong>Asesor\u00eda experta<\/strong>: Recomendaciones personalizadas para tus necesidades.<\/li>\n<li><strong>Procesos transparentes<\/strong>: Seguridad y confianza en cada transacci\u00f3n.<\/li>\n<li><strong>Servicio integral<\/strong>: Te acompa\u00f1amos desde la b\u00fasqueda hasta la entrega de tu propiedad.<\/li>\n<\/ul>\n<\/div>\n    <\/div>\n  <\/div>\n<\/div>\n","protected":false},"excerpt":{"rendered":"<p>Tipos de viviendas en venta en Cana Bay<\/p>\n","protected":false},"author":1,"featured_media":0,"parent":4421,"menu_order":0,"comment_status":"closed","ping_status":"closed","template":"","meta":{"_acf_changed":false,"_eb_attr":"","inline_featured_image":false,"_uag_custom_page_level_css":"","footnotes":""},"class_list":["post-12712","page","type-page","status-publish","hentry"],"acf":[],"featured_image_src":null,"featured_image_src_square":null,"uagb_featured_image_src":{"full":false,"thumbnail":false,"medium":false,"medium_large":false,"large":false,"1536x1536":false,"2048x2048":false,"gb-block-post-grid-landscape":false,"gb-block-post-grid-square":false},"uagb_author_info":{"display_name":"@blueAdmon","author_link":"https:\/\/stagingwprep.grassurntech.com\/es\/author\/nubeseo\/"},"uagb_comment_info":0,"uagb_excerpt":"Tipos de viviendas en venta en Cana Bay","_links":{"self":[{"href":"https:\/\/stagingwprep.grassurntech.com\/es\/wp-json\/wp\/v2\/pages\/12712","targetHints":{"allow":["GET"]}}],"collection":[{"href":"https:\/\/stagingwprep.grassurntech.com\/es\/wp-json\/wp\/v2\/pages"}],"about":[{"href":"https:\/\/stagingwprep.grassurntech.com\/es\/wp-json\/wp\/v2\/types\/page"}],"author":[{"embeddable":true,"href":"https:\/\/stagingwprep.grassurntech.com\/es\/wp-json\/wp\/v2\/users\/1"}],"replies":[{"embeddable":true,"href":"https:\/\/stagingwprep.grassurntech.com\/es\/wp-json\/wp\/v2\/comments?post=12712"}],"version-history":[{"count":9,"href":"https:\/\/stagingwprep.grassurntech.com\/es\/wp-json\/wp\/v2\/pages\/12712\/revisions"}],"predecessor-version":[{"id":18274,"href":"https:\/\/stagingwprep.grassurntech.com\/es\/wp-json\/wp\/v2\/pages\/12712\/revisions\/18274"}],"up":[{"embeddable":true,"href":"https:\/\/stagingwprep.grassurntech.com\/es\/wp-json\/wp\/v2\/pages\/4421"}],"wp:attachment":[{"href":"https:\/\/stagingwprep.grassurntech.com\/es\/wp-json\/wp\/v2\/media?parent=12712"}],"curies":[{"name":"wp","href":"https:\/\/api.w.org\/{rel}","templated":true}]}}