{"id":11208,"date":"2023-11-16T02:38:52","date_gmt":"2023-11-16T07:38:52","guid":{"rendered":"http:\/\/13.220.237.230:8080\/republica-dominicana-inmobiliaria\/punta-cana\/condominios\/"},"modified":"2025-04-07T04:45:34","modified_gmt":"2025-04-07T08:45:34","slug":"condominios","status":"publish","type":"page","link":"https:\/\/stagingwprep.grassurntech.com\/es\/republica-dominicana-inmobiliaria\/punta-cana\/condominios\/","title":{"rendered":"Condominios"},"content":{"rendered":"\n<section class=\"bc-hero-block relative\" style=\"background-image:url('https:\/\/stagingwprep.grassurntech.com\/wp-content\/uploads\/2023\/08\/beach-classic.jpg');\">\n      <div class=\"bc-hero-block__breadcrumb\">\n          <nav aria-label=\"Breadcrumb\" class=\"flex items-center py-3\"><ol class=\"breadcrumbs flex items-center space-x-2\" itemscope itemtype=\"https:\/\/schema.org\/BreadcrumbList\"><li itemprop=\"itemListElement\" itemscope itemtype=\"https:\/\/schema.org\/ListItem\" class=\"flex items-center\"><a href=\"https:\/\/stagingwprep.grassurntech.com\/es\/\" itemprop=\"item\" class=\"text-bc-green hover:text-white\"><span itemprop=\"name\">Caribbean Real Estate<\/span><meta itemprop=\"position\" content=\"1\" \/><\/a><\/li><span class=\"text-white mx-2\"> > <\/span><\/ol><\/nav>      <\/div>\n<\/section>\n\n<div class=\"max-w-content mx-auto bc-text-with-heading-block container mx-auto my-8 lg:my-16 py-8 text-center text-bc-navy\">\n    <h1 class=\"bc-heading-2\">\n      Condominios en Punta Cana    <\/h1>\n\n    <div class=\"prose prose-base lg:prose-lg max-w-content mx-auto mt-8\"><p><strong>Punta Cana<\/strong> es uno de los destinos m\u00e1s exclusivos del Caribe, conocido por sus <strong>playas de arena blanca, aguas turquesas y resorts de lujo<\/strong>. Si est\u00e1s buscando un estilo de vida premium en un para\u00edso tropical, los <strong>condominios en Punta Cana<\/strong> son la opci\u00f3n perfecta para ti.<\/p>\n<p>En <strong>Blue Caribbean Properties<\/strong>, brindamos una selecci\u00f3n exclusiva de condominios que combinan <strong>dise\u00f1o moderno, amenidades de lujo y ubicaciones privilegiadas<\/strong>, ideales para vivir, vacacionar o invertir.<\/p>\n<\/div>\n<\/div>\n\n\n\n<div class=\"wp-block-group alignwide is-layout-flow wp-block-group-is-layout-flow\">\n<div class=\"wp-block-group alignfull is-layout-constrained wp-block-group-is-layout-constrained\">\n<div class=\"wp-block-group alignfull is-content-justification-center is-nowrap is-layout-flex wp-container-core-group-is-layout-94bc23d7 wp-block-group-is-layout-flex\"><div class=\"flex items-center justify-start\">\n    <div class=\"flex flex-col\">\n        <div class=\"flex items-center\">\n            <svg class=\"mr-1 text-bc-blue w-auto h-10 md:h-12 lg:h-16 2xl:h-20\"\n                width=\"353\" height=\"482\" viewBox=\"0 0 353 482\" fill=\"currentColor\" xmlns=\"http:\/\/www.w3.org\/2000\/svg\">\n                <path\n                    d=\"M351.14 307.14L348.91 306.66C348.606 307.477 348.221 308.261 347.76 309C339.34 319.8 331.34 331 322.3 341.22C314.78 349.76 314.23 349.4 322.49 356.89C312.88 370.98 300.49 382.18 286.05 391.12C260.2 407.12 231.66 414.41 201.69 417.12C196.31 417.61 195.69 414.95 195.57 410.53C195.01 386.72 194.12 362.92 193.48 339.11C191.66 271.85 189.833 204.573 188 137.28C187.86 132.28 189.65 130.76 194.4 130.91C202.483 131.324 210.584 131.257 218.66 130.71C221.45 130.46 225.23 127.91 226.39 125.41C229.34 119.05 224.92 113.29 217.67 113.2C207.9 113.09 198.12 113.2 187.97 113.2C187.5 105.54 187.33 98.78 186.61 92.08C185.61 83.24 188.54 77.44 196.91 73.08C210.91 65.89 218.75 49.27 216.56 34.6C215.353 26.5533 211.702 19.072 206.102 13.1694C200.501 7.26673 193.222 3.22793 185.25 1.6C183.593 1.15335 181.961 0.619266 180.36 0H175.11C170.11 1.64 164.91 2.67 160.34 5C147.34 11.72 139.78 22.6 138.92 37.27C138.02 52.77 144.58 64.99 157.92 72.88C164.92 77.04 168.37 82.23 167.73 90.44C167.373 96.0999 167.33 101.775 167.6 107.44C167.74 111.66 166.13 113.27 161.85 113.15C153.76 112.92 145.66 113 137.57 113.15C131.88 113.25 129.46 116.55 129.48 122.06C129.5 127.57 131.48 130.9 137.48 130.89C144.04 130.89 150.6 130.89 157.17 130.89C167.26 130.89 167.12 130.89 166.87 141.07C165.81 184.123 164.81 227.167 163.87 270.2C162.863 317.18 161.95 364.18 161.13 411.2C161.05 416.09 159.44 418.01 154.64 417.46C149.84 416.91 145.04 416.74 140.29 416.08C108.81 411.74 79.2899 402.08 54.4099 381.69C45.7599 374.6 38.4099 365.89 30.1899 357.6C34.9399 353.37 38.6199 350.22 34.8699 345.03C25.9299 332.7 16.9999 320.29 7.99989 308C7.11989 306.79 5.32989 306.24 3.99989 305.38C3.31989 306.64 2.21989 307.83 1.99989 309.16C-0.680108 328.03 1.36989 346.62 6.26989 364.88C7.75989 370.46 13.0599 371.39 17.6599 367.7C18.7599 366.82 19.8999 365.97 21.6599 364.6C38.8499 395.6 67.0799 413.05 96.8399 428.38C112.31 436.38 128.04 444.23 144.44 449.88C159.84 455.18 171.65 462.41 175.44 479.16C175.656 479.796 176.026 480.369 176.519 480.826C177.011 481.284 177.609 481.612 178.26 481.78C178.907 481.625 179.503 481.308 179.993 480.858C180.483 480.408 180.85 479.841 181.06 479.21C183.28 464.5 192.68 455.55 205.9 451.53C226.64 445.21 245.18 434.63 263.9 424.33C285.43 412.5 306.45 399.93 321.62 379.83C325.4 374.83 329.03 369.71 332.73 364.64C341.51 371.36 346.73 371.07 347.87 363.36C350.19 348.12 351.48 332.7 352.8 317.36C353.17 314 351.77 310.53 351.14 307.14ZM177.7 63.23C164.87 63.23 153.7 51.97 154.01 39.32C154.186 33.144 156.749 27.2768 161.162 22.9521C165.574 18.6273 171.492 16.1819 177.67 16.13C190.59 16.13 201.67 27.23 201.38 39.95C201.09 52.67 190.25 63.23 177.7 63.23Z\"\n                    fill=\"currentColor\" \/>\n            <\/svg>\n            <span\n                class=\"text-5xl lg:text-8xl 2xl:text-[82px] ml-1 lg:ml-2 font-serif uppercase text-bc-navy\">\n                CONDOS            <\/span>\n        <\/div>\n        <div class=\"flex items-center\">\n            <div class=\"w-full h-0.5 lg:h-1 bg-gradient-to-r from-bc-green to-bc-green-dark\"><\/div>\n            <span class=\"ml-2 text-2xl lg:text-4xl 2xl:text-5xl font-sans whitespace-nowrap uppercase text-bc-green\">\n                EN VENTA PUNTA CANA            <\/span>\n        <\/div>\n    <\/div>\n<\/div><\/div>\n\n\n\n<div style=\"height:48px\" aria-hidden=\"true\" class=\"wp-block-spacer\"><\/div>\n<\/div>\n<\/div>\n\n\n\n<div \n  id=\"block-listing\"\n  class=\"bc-block-listing w-full\"\n  data-country='149' \n  data-tag='8844' \n  data-sort='-timestamp'\n  data-category='0'\n  data-city='60'\n  data-sector='0'\n  ><\/div>\n  \n\n\n<div class=\"wp-block-group alignwide is-layout-flow wp-block-group-is-layout-flow\">\n<div class=\"wp-block-group alignfull is-layout-constrained wp-block-group-is-layout-constrained\">\n<div style=\"height:48px\" aria-hidden=\"true\" class=\"wp-block-spacer\"><\/div>\n\n\n\n<div style=\"height:48px\" aria-hidden=\"true\" class=\"wp-block-spacer\"><\/div>\n<\/div>\n<\/div>\n\n\n<div class=\"max-w-content mx-auto bc-text-with-heading-block container my-8 lg:my-16 py-8 text-left text-bc-navy\">\n  <div class=\"grid grid-cols-1 lg:grid-cols-2 gap-8\">\n    <div class=\"wp-block-media-text is-stacked-on-mobile is-vertically-aligned-center is-image-fill-element order-1 lg:order-1\" style=\"grid-template-columns:100% auto\">\n\t\t<figure class=\"wp-block-media-text__media\">\n      \t\t<img decoding=\"async\" class=\"size-full\" style=\"object-position:50% 50%\"  src=\"https:\/\/stagingwprep.grassurntech.com\/wp-content\/uploads\/2025\/04\/shutterstock_791442472-scaled.jpg\" alt=\"\" \/>\n\t\t<\/figure>\n    <\/div>\n    <div class=\"txt-block-img lg:order-2 flex flex-col justify-center\" >\n            <h2 class=\"bc-heading-2\">\n          Nuestros Condominios en Venta en Punta Cana        <\/h2>\n          <div class=\"prose prose-base lg:prose-lg mt-8\"><p>Nuestro portafolio de <strong>condominios en venta en Punta Cana<\/strong> incluye propiedades en las zonas m\u00e1s exclusivas de la regi\u00f3n, como <strong>B\u00e1varo, Cap Cana y Punta Cana y Uvero Alto<\/strong>. Estos desarrollos ofrecen:<\/p>\n<ul>\n<li><strong>Vistas espectaculares<\/strong>: Desde el mar Caribe hasta campos de golf y jardines tropicales.<\/li>\n<li><strong>Amenidades premium<\/strong>: Piscinas infinitas, gimnasios, \u00e1reas de entretenimiento y seguridad 24\/7.<\/li>\n<li><strong>Dise\u00f1os modernos<\/strong>: Espacios amplios y luminosos, con acabados de alta gama y detalles que reflejan el estilo caribe\u00f1o.<\/li>\n<\/ul>\n<p>Ya sea que busques un <strong>condominio frente al mar<\/strong> o una propiedad en una <strong>comunidad cerrada<\/strong>, tenemos opciones que se adaptan a tus necesidades.<\/p>\n<\/div>\n    <\/div>\n  <\/div>\n<\/div>\n\n\n<div class=\"max-w-content mx-auto bc-text-with-heading-block container my-8 lg:my-16 py-8 text-left text-bc-navy\">\n  <div class=\"grid grid-cols-1 lg:grid-cols-2 gap-8\">\n    <div class=\"wp-block-media-text is-stacked-on-mobile is-vertically-aligned-center is-image-fill-element order-1 lg:order-2\" style=\"grid-template-columns:100% auto\">\n\t\t<figure class=\"wp-block-media-text__media\">\n      \t\t<img decoding=\"async\" class=\"size-full\" style=\"object-position:50% 50%\"  src=\"https:\/\/stagingwprep.grassurntech.com\/wp-content\/uploads\/2025\/04\/8997-1-scaled.jpg\" alt=\"\" \/>\n\t\t<\/figure>\n    <\/div>\n    <div class=\"txt-block-img lg:order-1 flex flex-col justify-center\" >\n            <h3 class=\"bc-heading-2\">\n          \u00bfQuieres comprar un Condominio en Punta Cana?        <\/h3>\n          <div class=\"prose prose-base lg:prose-lg mt-8\"><p>Comprar un <strong>condominio en Punta Cana<\/strong> es una excelente decisi\u00f3n, ya sea para disfrutar de unas vacaciones inolvidables, establecer una residencia permanente o generar ingresos a trav\u00e9s de rentas vacacionales.<\/p>\n<p>En <strong>Blue Caribbean Properties<\/strong>, te ayudamos a encontrar el condominio perfecto, gui\u00e1ndote en cada paso del proceso, desde la selecci\u00f3n de la propiedad hasta la firma de contrato y entrega de tu propiedad.<\/p>\n<\/div>\n    <\/div>\n  <\/div>\n<\/div>\n\n\n<div class=\"max-w-content mx-auto bc-text-with-heading-block container my-8 lg:my-16 py-8 text-left text-bc-navy\">\n  <div class=\"grid grid-cols-1 lg:grid-cols-2 gap-8\">\n    <div class=\"wp-block-media-text is-stacked-on-mobile is-vertically-aligned-center is-image-fill-element order-1 lg:order-1\" style=\"grid-template-columns:100% auto\">\n\t\t<figure class=\"wp-block-media-text__media\">\n      \t\t<img decoding=\"async\" class=\"size-full\" style=\"object-position:50% 50%\"  src=\"https:\/\/stagingwprep.grassurntech.com\/wp-content\/uploads\/2025\/04\/AdobeStock_1100635128-scaled.jpg\" alt=\"\" \/>\n\t\t<\/figure>\n    <\/div>\n    <div class=\"txt-block-img lg:order-2 flex flex-col justify-center\" >\n            <h3 class=\"bc-heading-2\">\n          \u00bfPor qu\u00e9 comprar un Condominio con Blue Caribbean?        <\/h3>\n          <div class=\"prose prose-base lg:prose-lg mt-8\"><p>Elegir <strong>Blue Caribbean Properties<\/strong> para comprar tu condominio en Punta Cana te ofrece una serie de ventajas:<\/p>\n<ol>\n<li><strong>Asesor\u00eda Experta<\/strong>: Nuestro equipo conoce el mercado de Punta Cana y te brindar\u00e1 recomendaciones personalizadas.<\/li>\n<li><strong>Propiedades Exclusivas<\/strong>: Acceso a condominios de lujo en las mejores ubicaciones.<\/li>\n<li><strong>Transparencia y Seguridad<\/strong>: Procesos claros y confiables para garantizar tu tranquilidad.<\/li>\n<li><strong>Servicio Integral<\/strong>: Te acompa\u00f1amos en cada etapa, desde la b\u00fasqueda hasta la entrega de tu propiedad.<\/li>\n<\/ol>\n<\/div>\n    <\/div>\n  <\/div>\n<\/div>\n\n\n<div class=\"max-w-content mx-auto bc-text-with-heading-block container mx-auto my-8 lg:my-16 py-8 text-center text-bc-navy\">\n    <h2 class=\"bc-heading-2\">\n      Blue Caribbean: Condominios de Lujo en Punta Cana    <\/h2>\n\n    <div class=\"prose prose-base lg:prose-lg max-w-content mx-auto mt-8\"><p style=\"text-align: left;\">En <strong>Blue Caribbean Properties<\/strong>, nos especializamos en ofrecer <strong>condominios de lujo en Punta Cana<\/strong> que combinan elegancia, comodidad y rentabilidad. Nuestros desarrollos est\u00e1n dise\u00f1ados para aquellos que buscan lo mejor en estilo de vida caribe\u00f1o.<\/p>\n<p style=\"text-align: left;\">Explora nuestro cat\u00e1logo de <strong>condominios en Punta Cana<\/strong> y descubre por qu\u00e9 somos la mejor opci\u00f3n para hacer realidad tus sue\u00f1os en el Caribe: <a href=\"http:\/\/13.220.237.230:8080\/es\/bienes-inmuebles-en-mexico\/\">Explora nuestro Cat\u00e1logo.<\/a><\/p>\n<p style=\"text-align: left;\"><strong>Beneficios de Comprar un Condominio en Punta Cana<\/strong><\/p>\n<ul>\n<li style=\"text-align: left;\"><strong>Alta rentabilidad<\/strong>: La demanda de rentas vacacionales asegura ingresos recurrentes.<\/li>\n<li style=\"text-align: left;\"><strong>Estilo de Vida Premium<\/strong>: Disfruta de amenidades exclusivas y un entorno paradis\u00edaco.<\/li>\n<li style=\"text-align: left;\"><strong>Crecimiento Constante<\/strong>: Punta Cana es un mercado en expansi\u00f3n con plusval\u00eda asegurada.<\/li>\n<li style=\"text-align: left;\"><strong>Comunidades Seguras<\/strong>: Condominios en zonas residenciales con vigilancia y servicios de primer nivel.<\/li>\n<li style=\"text-align: left;\"><strong>Beneficios de CONFOTUR y exenci\u00f3n de impuestos<\/strong>: Algunos proyectos en Punta Cana cuentan con los beneficios de la Ley de CONFOTUR, que otorga exenci\u00f3n de impuestos a la propiedad y a la transferencia, lo que representa un gran ahorro para los compradores.<\/li>\n<\/ul>\n<\/div>\n<\/div>\n","protected":false},"excerpt":{"rendered":"","protected":false},"author":1,"featured_media":2282,"parent":4689,"menu_order":0,"comment_status":"closed","ping_status":"closed","template":"","meta":{"_acf_changed":false,"_eb_attr":"","inline_featured_image":false,"_uag_custom_page_level_css":"","footnotes":""},"class_list":["post-11208","page","type-page","status-publish","has-post-thumbnail","hentry"],"acf":[],"featured_image_src":"https:\/\/stagingwprep.grassurntech.com\/wp-content\/uploads\/2023\/08\/beach-classic.jpg","featured_image_src_square":"https:\/\/stagingwprep.grassurntech.com\/wp-content\/uploads\/2023\/08\/beach-classic.jpg","uagb_featured_image_src":{"full":["https:\/\/stagingwprep.grassurntech.com\/wp-content\/uploads\/2023\/08\/beach-classic.jpg",1920,1308,false],"thumbnail":["https:\/\/stagingwprep.grassurntech.com\/wp-content\/uploads\/2023\/08\/beach-classic-150x150.jpg",150,150,true],"medium":["https:\/\/stagingwprep.grassurntech.com\/wp-content\/uploads\/2023\/08\/beach-classic-300x204.jpg",300,204,true],"medium_large":["https:\/\/stagingwprep.grassurntech.com\/wp-content\/uploads\/2023\/08\/beach-classic-768x523.jpg",768,523,true],"large":["https:\/\/stagingwprep.grassurntech.com\/wp-content\/uploads\/2023\/08\/beach-classic-1024x698.jpg",1024,698,true],"1536x1536":["https:\/\/stagingwprep.grassurntech.com\/wp-content\/uploads\/2023\/08\/beach-classic-1536x1046.jpg",1536,1046,true],"2048x2048":["https:\/\/stagingwprep.grassurntech.com\/wp-content\/uploads\/2023\/08\/beach-classic.jpg",1920,1308,false],"gb-block-post-grid-landscape":["https:\/\/stagingwprep.grassurntech.com\/wp-content\/uploads\/2023\/08\/beach-classic.jpg",587,400,false],"gb-block-post-grid-square":["https:\/\/stagingwprep.grassurntech.com\/wp-content\/uploads\/2023\/08\/beach-classic.jpg",600,409,false]},"uagb_author_info":{"display_name":"@blueAdmon","author_link":"https:\/\/stagingwprep.grassurntech.com\/es\/author\/nubeseo\/"},"uagb_comment_info":0,"uagb_excerpt":null,"_links":{"self":[{"href":"https:\/\/stagingwprep.grassurntech.com\/es\/wp-json\/wp\/v2\/pages\/11208","targetHints":{"allow":["GET"]}}],"collection":[{"href":"https:\/\/stagingwprep.grassurntech.com\/es\/wp-json\/wp\/v2\/pages"}],"about":[{"href":"https:\/\/stagingwprep.grassurntech.com\/es\/wp-json\/wp\/v2\/types\/page"}],"author":[{"embeddable":true,"href":"https:\/\/stagingwprep.grassurntech.com\/es\/wp-json\/wp\/v2\/users\/1"}],"replies":[{"embeddable":true,"href":"https:\/\/stagingwprep.grassurntech.com\/es\/wp-json\/wp\/v2\/comments?post=11208"}],"version-history":[{"count":7,"href":"https:\/\/stagingwprep.grassurntech.com\/es\/wp-json\/wp\/v2\/pages\/11208\/revisions"}],"predecessor-version":[{"id":17473,"href":"https:\/\/stagingwprep.grassurntech.com\/es\/wp-json\/wp\/v2\/pages\/11208\/revisions\/17473"}],"up":[{"embeddable":true,"href":"https:\/\/stagingwprep.grassurntech.com\/es\/wp-json\/wp\/v2\/pages\/4689"}],"wp:featuredmedia":[{"embeddable":true,"href":"https:\/\/stagingwprep.grassurntech.com\/es\/wp-json\/wp\/v2\/media\/2282"}],"wp:attachment":[{"href":"https:\/\/stagingwprep.grassurntech.com\/es\/wp-json\/wp\/v2\/media?parent=11208"}],"curies":[{"name":"wp","href":"https:\/\/api.w.org\/{rel}","templated":true}]}}