{"id":4761,"date":"2023-08-18T02:41:23","date_gmt":"2023-08-18T06:41:23","guid":{"rendered":"http:\/\/bluecaribbean.test\/santo-domingo\/"},"modified":"2023-10-05T08:10:05","modified_gmt":"2023-10-05T12:10:05","slug":"santo-domingo","status":"publish","type":"page","link":"https:\/\/stagingwprep.grassurntech.com\/de\/dominikanische-republik-immobilien\/santo-domingo\/","title":{"rendered":"Santo Domingo"},"content":{"rendered":"\n<section class=\"bc-hero-block relative\" style=\"background-image:url('https:\/\/stagingwprep.grassurntech.com\/wp-content\/uploads\/2023\/07\/hammock-in-punta-cana-1140x758-1.jpeg');\">\n      <div class=\"bc-hero-block__breadcrumb\">\n          <nav aria-label=\"Breadcrumb\" class=\"flex items-center py-3\"><ol class=\"breadcrumbs flex items-center space-x-2\" itemscope itemtype=\"https:\/\/schema.org\/BreadcrumbList\"><li itemprop=\"itemListElement\" itemscope itemtype=\"https:\/\/schema.org\/ListItem\" class=\"flex items-center\"><a href=\"https:\/\/stagingwprep.grassurntech.com\/de\/\" itemprop=\"item\" class=\"text-bc-green hover:text-white\"><span itemprop=\"name\">Caribbean Real Estate<\/span><meta itemprop=\"position\" content=\"1\" \/><\/a><\/li><span class=\"text-white mx-2\"> > <\/span><\/ol><\/nav>      <\/div>\n<\/section>\n<div class=\"wp-block-group alignwide is-layout-flow wp-block-group-is-layout-flow\">\n<div class=\"wp-block-group alignfull is-layout-constrained wp-block-group-is-layout-constrained\">\n<div style=\"height:48px\" aria-hidden=\"true\" class=\"wp-block-spacer\"><\/div>\n\n\n\n<div class=\"wp-block-group alignfull is-content-justification-center is-nowrap is-layout-flex wp-container-core-group-is-layout-94bc23d7 wp-block-group-is-layout-flex\"><div class=\"flex items-center justify-start\">\n    <h1 class=\"flex flex-col\">\n        <div class=\"flex items-center\">\n            <svg class=\"mr-1 text-bc-blue w-auto h-10 md:h-12 lg:h-16 2xl:h-20\"\n                width=\"353\" height=\"482\" viewBox=\"0 0 353 482\" fill=\"currentColor\" xmlns=\"http:\/\/www.w3.org\/2000\/svg\">\n                <path\n                    d=\"M351.14 307.14L348.91 306.66C348.606 307.477 348.221 308.261 347.76 309C339.34 319.8 331.34 331 322.3 341.22C314.78 349.76 314.23 349.4 322.49 356.89C312.88 370.98 300.49 382.18 286.05 391.12C260.2 407.12 231.66 414.41 201.69 417.12C196.31 417.61 195.69 414.95 195.57 410.53C195.01 386.72 194.12 362.92 193.48 339.11C191.66 271.85 189.833 204.573 188 137.28C187.86 132.28 189.65 130.76 194.4 130.91C202.483 131.324 210.584 131.257 218.66 130.71C221.45 130.46 225.23 127.91 226.39 125.41C229.34 119.05 224.92 113.29 217.67 113.2C207.9 113.09 198.12 113.2 187.97 113.2C187.5 105.54 187.33 98.78 186.61 92.08C185.61 83.24 188.54 77.44 196.91 73.08C210.91 65.89 218.75 49.27 216.56 34.6C215.353 26.5533 211.702 19.072 206.102 13.1694C200.501 7.26673 193.222 3.22793 185.25 1.6C183.593 1.15335 181.961 0.619266 180.36 0H175.11C170.11 1.64 164.91 2.67 160.34 5C147.34 11.72 139.78 22.6 138.92 37.27C138.02 52.77 144.58 64.99 157.92 72.88C164.92 77.04 168.37 82.23 167.73 90.44C167.373 96.0999 167.33 101.775 167.6 107.44C167.74 111.66 166.13 113.27 161.85 113.15C153.76 112.92 145.66 113 137.57 113.15C131.88 113.25 129.46 116.55 129.48 122.06C129.5 127.57 131.48 130.9 137.48 130.89C144.04 130.89 150.6 130.89 157.17 130.89C167.26 130.89 167.12 130.89 166.87 141.07C165.81 184.123 164.81 227.167 163.87 270.2C162.863 317.18 161.95 364.18 161.13 411.2C161.05 416.09 159.44 418.01 154.64 417.46C149.84 416.91 145.04 416.74 140.29 416.08C108.81 411.74 79.2899 402.08 54.4099 381.69C45.7599 374.6 38.4099 365.89 30.1899 357.6C34.9399 353.37 38.6199 350.22 34.8699 345.03C25.9299 332.7 16.9999 320.29 7.99989 308C7.11989 306.79 5.32989 306.24 3.99989 305.38C3.31989 306.64 2.21989 307.83 1.99989 309.16C-0.680108 328.03 1.36989 346.62 6.26989 364.88C7.75989 370.46 13.0599 371.39 17.6599 367.7C18.7599 366.82 19.8999 365.97 21.6599 364.6C38.8499 395.6 67.0799 413.05 96.8399 428.38C112.31 436.38 128.04 444.23 144.44 449.88C159.84 455.18 171.65 462.41 175.44 479.16C175.656 479.796 176.026 480.369 176.519 480.826C177.011 481.284 177.609 481.612 178.26 481.78C178.907 481.625 179.503 481.308 179.993 480.858C180.483 480.408 180.85 479.841 181.06 479.21C183.28 464.5 192.68 455.55 205.9 451.53C226.64 445.21 245.18 434.63 263.9 424.33C285.43 412.5 306.45 399.93 321.62 379.83C325.4 374.83 329.03 369.71 332.73 364.64C341.51 371.36 346.73 371.07 347.87 363.36C350.19 348.12 351.48 332.7 352.8 317.36C353.17 314 351.77 310.53 351.14 307.14ZM177.7 63.23C164.87 63.23 153.7 51.97 154.01 39.32C154.186 33.144 156.749 27.2768 161.162 22.9521C165.574 18.6273 171.492 16.1819 177.67 16.13C190.59 16.13 201.67 27.23 201.38 39.95C201.09 52.67 190.25 63.23 177.7 63.23Z\"\n                    fill=\"currentColor\" \/>\n            <\/svg>\n            <span\n                class=\"text-5xl lg:text-8xl 2xl:text-[82px] ml-1 lg:ml-2 font-serif uppercase text-bc-navy\">\n                SANTO DOMINGO             <\/span>\n        <\/div>\n        <div class=\"flex items-center\">\n            <div class=\"w-full h-0.5 lg:h-1 bg-gradient-to-r from-bc-green to-bc-green-dark\"><\/div>\n            <span class=\"ml-2 text-2xl lg:text-4xl 2xl:text-5xl font-sans whitespace-nowrap uppercase text-bc-green\">\n                REAL ESTATE            <\/span>\n        <\/div>\n    <\/h1>\n<\/div><\/div>\n\n\n\n<div style=\"height:48px\" aria-hidden=\"true\" class=\"wp-block-spacer\"><\/div>\n\n\n\n<div class=\"wp-block-group prose is-layout-constrained wp-container-core-group-is-layout-801f6f31 wp-block-group-is-layout-constrained\">\n<p class=\"has-text-align-center has-bc-navy-color has-text-color\">Sind Sie auf der Suche nach <strong>Immobilien in Santo Domingo<\/strong>? Blue Caribbean bietet Ihnen alles, was Sie f\u00fcr eine erfolgreiche Investition ben\u00f6tigen. Wir stellen Ihnen unsere umfangreiche Erfahrung, ein komplettes Dienstleistungsangebot und den erlesensten Immobilienkatalog der Dominikanischen Republik zur Verf\u00fcgung.<\/p>\n\n\n\n<p class=\"has-text-align-center has-bc-navy-color has-text-color\">Die Gr\u00fcnde f\u00fcr den Erwerb einer zum Verkauf stehenden Immobilie in Santo Domingo sind sehr vielf\u00e4ltig. Vielleicht m\u00f6chten Sie ein zweites Haus f\u00fcr Ihren saisonalen Urlaub, Sie m\u00f6chten Ihren Ruhestand in einem karibischen Paradies verbringen oder Sie sind auf der Suche nach einer hochprofitablen und sicheren Immobilieninvestition, um ein passives Einkommen zu erzielen. Was auch immer Ihre Beweggr\u00fcnde sind, unser Immobilienb\u00fcro wird Sie maximal zufrieden stellen.<\/p>\n<\/div>\n\n\n\n<div style=\"height:48px\" aria-hidden=\"true\" class=\"wp-block-spacer\"><\/div>\n<\/div>\n\n\n\n<div class=\"wp-block-group is-layout-constrained wp-block-group-is-layout-constrained\">\n<div style=\"height:32px\" aria-hidden=\"true\" class=\"wp-block-spacer\"><\/div>\n\n\n\n<h2 class=\"wp-block-heading has-text-align-center has-bc-navy-color has-text-color has-4-xl-font-size\" style=\"font-style:normal;font-weight:300\"><strong>Immobilien zu verkaufen in Santo Domingo<\/strong><\/h2>\n\n\n\n<div style=\"height:32px\" aria-hidden=\"true\" class=\"wp-block-spacer\"><\/div>\n<\/div>\n<\/div>\n\n<div \n  id=\"block-listing\"\n  class=\"bc-block-listing w-full\"\n  data-country='149' \n  data-tag='0' \n  data-sort='-Zeitstempel'\n  data-category='0'\n  data-city='156'\n  data-sector='0'\n  ><\/div>\n  \n<div class=\"wp-block-group is-layout-constrained wp-container-core-group-is-layout-48c9aa2a wp-block-group-is-layout-constrained\">\n<div class=\"wp-block-group is-layout-constrained wp-container-core-group-is-layout-801f6f31 wp-block-group-is-layout-constrained\">\n<div style=\"height:32px\" aria-hidden=\"true\" class=\"wp-block-spacer\"><\/div>\n\n\n\n<p class=\"has-text-align-center has-bc-navy-color has-text-color\">Bei Blue Caribbean k\u00fcmmern wir uns um alles, damit Sie sich um nichts mehr k\u00fcmmern m\u00fcssen. Folglich wird der Kauf, Verkauf oder die Miete einer Immobilie in Santo Domingo ein schneller und einfacher Prozess sein, wenn Sie sich entscheiden, uns zu vertrauen<\/p>\n\n\n\n<div style=\"height:32px\" aria-hidden=\"true\" class=\"wp-block-spacer\"><\/div>\n<\/div>\n\n\n<div class=\"wp-block-uagb-faq uagb-faq__outer-wrap uagb-block-23d19933 uagb-faq-icon-row-reverse uagb-faq-layout-accordion uagb-faq-expand-first-true uagb-faq-inactive-other-true uagb-faq__wrap uagb-buttons-layout-wrap uagb-faq-equal-height     \" data-faqtoggle=\"true\" role=\"tablist\"><script type=\"application\/ld+json\">{\"@context\":\"https:\\\/\\\/schema.org\",\"@type\":\"FAQPage\",\"@id\":\"https:\\\/\\\/stagingwprep.grassurntech.com\\\/de\\\/dominikanische-republik-immobilien\\\/santo-domingo\\\/\",\"mainEntity\":[{\"@type\":\"Question\",\"name\":\"<strong>\\u200b\\u200bThe best deal in Santo Domingo real estate<\\\/strong>\",\"acceptedAnswer\":{\"@type\":\"Answer\",\"text\":\"Are you looking for Santo Domingo real estate condos to enjoy community neighborhood life? Do you need a luxurious apartment to spend your holidays? Be that as it may, you will find it in our extensive selection.\"}},{\"@type\":\"Question\",\"name\":\"<strong>You deserve the best neighborhood to stay in Santo Domingo<\\\/strong>\",\"acceptedAnswer\":{\"@type\":\"Answer\",\"text\":\"Of course, choosing the best neighborhood to stay in Santo Domingo is one of the main keys to enjoying a property for sale in the Dominican Republic. For this reason, we only work with the most luxurious real estates and the most privileged locations in the Caribbean country.\"}},{\"@type\":\"Question\",\"name\":\"<strong>Houses for sale in Santo Domingo<\\\/strong>\",\"acceptedAnswer\":{\"@type\":\"Answer\",\"text\":\"The villas provide great space and independence and are perfect for those which demand the most from a home.\"}},{\"@type\":\"Question\",\"name\":\"<strong><strong>We have the perfect property in Santo Domingo for your needs<\\\/strong><\\\/strong>\",\"acceptedAnswer\":{\"@type\":\"Answer\",\"text\":\"Rent or buy? Condos, villas or apartments? We know that there is a property in Santo Domingo that is ideal for you. Therefore, we will not stop until we find the one that suits your budget and needs.\"}},{\"@type\":\"Question\",\"name\":\"<strong><strong>Condos for sale<\\\/strong><\\\/strong>\",\"acceptedAnswer\":{\"@type\":\"Answer\",\"text\":\"Allow you to enjoy all the luxuries of a villa in a more affordable way and without having to take care of maintenance.\"}},{\"@type\":\"Question\",\"name\":\"<strong><strong>Why choose Blue Caribbean to buy a property Santo Domingo?<\\\/strong><\\\/strong>\",\"acceptedAnswer\":{\"@type\":\"Answer\",\"text\":\"In short, whether you are looking for Punta Cana real estate or Santo Domingo real estate, you should go for Blue Caribbean. 30 years of experience guarantee our agency, to the point of becoming a benchmark in the Dominican Republic. What are you waiting for to contact us? Your home in the Caribbean paradise is closer than you think!\"}}]}<\/script><div class=\"wp-block-uagb-faq-child uagb-faq-child__outer-wrap uagb-faq-item uagb-block-34a9ff05 \" role=\"tab\" tabindex=\"0\"><div class=\"uagb-faq-questions-button uagb-faq-questions\">\t\t\t<span class=\"uagb-icon uagb-faq-icon-wrap\">\n\t\t\t\t\t\t\t\t<svg xmlns=\"https:\/\/www.w3.org\/2000\/svg\" viewBox= \"0 0 448 512\"><path d=\"M432 256c0 17.69-14.33 32.01-32 32.01H256v144c0 17.69-14.33 31.99-32 31.99s-32-14.3-32-31.99v-144H48c-17.67 0-32-14.32-32-32.01s14.33-31.99 32-31.99H192v-144c0-17.69 14.33-32.01 32-32.01s32 14.32 32 32.01v144h144C417.7 224 432 238.3 432 256z\"><\/path><\/svg>\n\t\t\t\t\t\t\t<\/span>\n\t\t\t\t\t\t<span class=\"uagb-icon-active uagb-faq-icon-wrap\">\n\t\t\t\t\t\t\t\t<svg xmlns=\"https:\/\/www.w3.org\/2000\/svg\" viewBox= \"0 0 448 512\"><path d=\"M400 288h-352c-17.69 0-32-14.32-32-32.01s14.31-31.99 32-31.99h352c17.69 0 32 14.3 32 31.99S417.7 288 400 288z\"><\/path><\/svg>\n\t\t\t\t\t\t\t<\/span>\n\t\t\t<h3 class=\"uagb-question\"><strong>\u200b\u200bThe best deal in Santo Domingo real estate<\/strong><\/h3><\/div><div class=\"uagb-faq-content\"><p>Are you looking for Santo Domingo real estate condos to enjoy community neighborhood life? Do you need a luxurious apartment to spend your holidays? Be that as it may, you will find it in our extensive selection.<\/p><\/div><\/div><div class=\"wp-block-uagb-faq-child uagb-faq-child__outer-wrap uagb-faq-item uagb-block-e54a6360 \" role=\"tab\" tabindex=\"0\"><div class=\"uagb-faq-questions-button uagb-faq-questions\">\t\t\t<span class=\"uagb-icon uagb-faq-icon-wrap\">\n\t\t\t\t\t\t\t\t<svg xmlns=\"https:\/\/www.w3.org\/2000\/svg\" viewBox= \"0 0 448 512\"><path d=\"M432 256c0 17.69-14.33 32.01-32 32.01H256v144c0 17.69-14.33 31.99-32 31.99s-32-14.3-32-31.99v-144H48c-17.67 0-32-14.32-32-32.01s14.33-31.99 32-31.99H192v-144c0-17.69 14.33-32.01 32-32.01s32 14.32 32 32.01v144h144C417.7 224 432 238.3 432 256z\"><\/path><\/svg>\n\t\t\t\t\t\t\t<\/span>\n\t\t\t\t\t\t<span class=\"uagb-icon-active uagb-faq-icon-wrap\">\n\t\t\t\t\t\t\t\t<svg xmlns=\"https:\/\/www.w3.org\/2000\/svg\" viewBox= \"0 0 448 512\"><path d=\"M400 288h-352c-17.69 0-32-14.32-32-32.01s14.31-31.99 32-31.99h352c17.69 0 32 14.3 32 31.99S417.7 288 400 288z\"><\/path><\/svg>\n\t\t\t\t\t\t\t<\/span>\n\t\t\t<h3 class=\"uagb-question\"><strong>You deserve the best neighborhood to stay in Santo Domingo<\/strong><\/h3><\/div><div class=\"uagb-faq-content\"><p>Of course, choosing the best neighborhood to stay in Santo Domingo is one of the main keys to enjoying a property for sale in the Dominican Republic. For this reason, we only work with the most luxurious real estates and the most privileged locations in the Caribbean country.<\/p><\/div><\/div><div class=\"wp-block-uagb-faq-child uagb-faq-child__outer-wrap uagb-faq-item uagb-block-9b75d2c1 \" role=\"tab\" tabindex=\"0\"><div class=\"uagb-faq-questions-button uagb-faq-questions\">\t\t\t<span class=\"uagb-icon uagb-faq-icon-wrap\">\n\t\t\t\t\t\t\t\t<svg xmlns=\"https:\/\/www.w3.org\/2000\/svg\" viewBox= \"0 0 448 512\"><path d=\"M432 256c0 17.69-14.33 32.01-32 32.01H256v144c0 17.69-14.33 31.99-32 31.99s-32-14.3-32-31.99v-144H48c-17.67 0-32-14.32-32-32.01s14.33-31.99 32-31.99H192v-144c0-17.69 14.33-32.01 32-32.01s32 14.32 32 32.01v144h144C417.7 224 432 238.3 432 256z\"><\/path><\/svg>\n\t\t\t\t\t\t\t<\/span>\n\t\t\t\t\t\t<span class=\"uagb-icon-active uagb-faq-icon-wrap\">\n\t\t\t\t\t\t\t\t<svg xmlns=\"https:\/\/www.w3.org\/2000\/svg\" viewBox= \"0 0 448 512\"><path d=\"M400 288h-352c-17.69 0-32-14.32-32-32.01s14.31-31.99 32-31.99h352c17.69 0 32 14.3 32 31.99S417.7 288 400 288z\"><\/path><\/svg>\n\t\t\t\t\t\t\t<\/span>\n\t\t\t<h3 class=\"uagb-question\"><strong>Houses for sale in Santo Domingo<\/strong><\/h3><\/div><div class=\"uagb-faq-content\"><p>The villas provide great space and independence and are perfect for those which demand the most from a home.<\/p><\/div><\/div><div class=\"wp-block-uagb-faq-child uagb-faq-child__outer-wrap uagb-faq-item uagb-block-0989c677 \" role=\"tab\" tabindex=\"0\"><div class=\"uagb-faq-questions-button uagb-faq-questions\">\t\t\t<span class=\"uagb-icon uagb-faq-icon-wrap\">\n\t\t\t\t\t\t\t\t<svg xmlns=\"https:\/\/www.w3.org\/2000\/svg\" viewBox= \"0 0 448 512\"><path d=\"M432 256c0 17.69-14.33 32.01-32 32.01H256v144c0 17.69-14.33 31.99-32 31.99s-32-14.3-32-31.99v-144H48c-17.67 0-32-14.32-32-32.01s14.33-31.99 32-31.99H192v-144c0-17.69 14.33-32.01 32-32.01s32 14.32 32 32.01v144h144C417.7 224 432 238.3 432 256z\"><\/path><\/svg>\n\t\t\t\t\t\t\t<\/span>\n\t\t\t\t\t\t<span class=\"uagb-icon-active uagb-faq-icon-wrap\">\n\t\t\t\t\t\t\t\t<svg xmlns=\"https:\/\/www.w3.org\/2000\/svg\" viewBox= \"0 0 448 512\"><path d=\"M400 288h-352c-17.69 0-32-14.32-32-32.01s14.31-31.99 32-31.99h352c17.69 0 32 14.3 32 31.99S417.7 288 400 288z\"><\/path><\/svg>\n\t\t\t\t\t\t\t<\/span>\n\t\t\t<h3 class=\"uagb-question\"><strong><strong>We have the perfect property in Santo Domingo for your needs<\/strong><\/strong><\/h3><\/div><div class=\"uagb-faq-content\"><p>Rent or buy? Condos, villas or apartments? We know that there is a property in Santo Domingo that is ideal for you. Therefore, we will not stop until we find the one that suits your budget and needs.<\/p><\/div><\/div><div class=\"wp-block-uagb-faq-child uagb-faq-child__outer-wrap uagb-faq-item uagb-block-0e44c681 \" role=\"tab\" tabindex=\"0\"><div class=\"uagb-faq-questions-button uagb-faq-questions\">\t\t\t<span class=\"uagb-icon uagb-faq-icon-wrap\">\n\t\t\t\t\t\t\t\t<svg xmlns=\"https:\/\/www.w3.org\/2000\/svg\" viewBox= \"0 0 448 512\"><path d=\"M432 256c0 17.69-14.33 32.01-32 32.01H256v144c0 17.69-14.33 31.99-32 31.99s-32-14.3-32-31.99v-144H48c-17.67 0-32-14.32-32-32.01s14.33-31.99 32-31.99H192v-144c0-17.69 14.33-32.01 32-32.01s32 14.32 32 32.01v144h144C417.7 224 432 238.3 432 256z\"><\/path><\/svg>\n\t\t\t\t\t\t\t<\/span>\n\t\t\t\t\t\t<span class=\"uagb-icon-active uagb-faq-icon-wrap\">\n\t\t\t\t\t\t\t\t<svg xmlns=\"https:\/\/www.w3.org\/2000\/svg\" viewBox= \"0 0 448 512\"><path d=\"M400 288h-352c-17.69 0-32-14.32-32-32.01s14.31-31.99 32-31.99h352c17.69 0 32 14.3 32 31.99S417.7 288 400 288z\"><\/path><\/svg>\n\t\t\t\t\t\t\t<\/span>\n\t\t\t<h3 class=\"uagb-question\"><strong><strong>Condos for sale<\/strong><\/strong><\/h3><\/div><div class=\"uagb-faq-content\"><p>Allow you to enjoy all the luxuries of a villa in a more affordable way and without having to take care of maintenance.<\/p><\/div><\/div><div class=\"wp-block-uagb-faq-child uagb-faq-child__outer-wrap uagb-faq-item uagb-block-f2c4c342 \" role=\"tab\" tabindex=\"0\"><div class=\"uagb-faq-questions-button uagb-faq-questions\">\t\t\t<span class=\"uagb-icon uagb-faq-icon-wrap\">\n\t\t\t\t\t\t\t\t<svg xmlns=\"https:\/\/www.w3.org\/2000\/svg\" viewBox= \"0 0 448 512\"><path d=\"M432 256c0 17.69-14.33 32.01-32 32.01H256v144c0 17.69-14.33 31.99-32 31.99s-32-14.3-32-31.99v-144H48c-17.67 0-32-14.32-32-32.01s14.33-31.99 32-31.99H192v-144c0-17.69 14.33-32.01 32-32.01s32 14.32 32 32.01v144h144C417.7 224 432 238.3 432 256z\"><\/path><\/svg>\n\t\t\t\t\t\t\t<\/span>\n\t\t\t\t\t\t<span class=\"uagb-icon-active uagb-faq-icon-wrap\">\n\t\t\t\t\t\t\t\t<svg xmlns=\"https:\/\/www.w3.org\/2000\/svg\" viewBox= \"0 0 448 512\"><path d=\"M400 288h-352c-17.69 0-32-14.32-32-32.01s14.31-31.99 32-31.99h352c17.69 0 32 14.3 32 31.99S417.7 288 400 288z\"><\/path><\/svg>\n\t\t\t\t\t\t\t<\/span>\n\t\t\t<h3 class=\"uagb-question\"><strong><strong>Why choose Blue Caribbean to buy a property Santo Domingo?<\/strong><\/strong><\/h3><\/div><div class=\"uagb-faq-content\"><p>In short, whether you are looking for Punta Cana real estate or Santo Domingo real estate, you should go for Blue Caribbean. 30 years of experience guarantee our agency, to the point of becoming a benchmark in the Dominican Republic. What are you waiting for to contact us? Your home in the Caribbean paradise is closer than you think!<\/p><\/div><\/div><\/div>\n\n\n<div style=\"height:32px\" aria-hidden=\"true\" class=\"wp-block-spacer\"><\/div>\n<\/div>\n","protected":false},"excerpt":{"rendered":"<p>Sind Sie auf der Suche nach Immobilien in Santo Domingo? Blue Caribbean bietet Ihnen alles, was Sie f\u00fcr eine erfolgreiche Investition ben\u00f6tigen. Wir stellen Ihnen unsere umfangreiche Erfahrung, ein komplettes Dienstleistungsangebot und den erlesensten Immobilienkatalog der Dominikanischen Republik zur Verf\u00fcgung. Die Gr\u00fcnde f\u00fcr den Erwerb einer zum Verkauf stehenden Immobilie in Santo Domingo sind sehr [&hellip;]<\/p>\n","protected":false},"author":1,"featured_media":0,"parent":4760,"menu_order":0,"comment_status":"closed","ping_status":"closed","template":"","meta":{"_acf_changed":false,"_eb_attr":"","inline_featured_image":false,"_uag_custom_page_level_css":"","footnotes":""},"class_list":["post-4761","page","type-page","status-publish","hentry"],"acf":[],"featured_image_src":null,"featured_image_src_square":null,"uagb_featured_image_src":{"full":false,"thumbnail":false,"medium":false,"medium_large":false,"large":false,"1536x1536":false,"2048x2048":false,"gb-block-post-grid-landscape":false,"gb-block-post-grid-square":false},"uagb_author_info":{"display_name":"@blueAdmon","author_link":"https:\/\/stagingwprep.grassurntech.com\/de\/author\/nubeseo\/"},"uagb_comment_info":0,"uagb_excerpt":"Sind Sie auf der Suche nach Immobilien in Santo Domingo? Blue Caribbean bietet Ihnen alles, was Sie f\u00fcr eine erfolgreiche Investition ben\u00f6tigen. Wir stellen Ihnen unsere umfangreiche Erfahrung, ein komplettes Dienstleistungsangebot und den erlesensten Immobilienkatalog der Dominikanischen Republik zur Verf\u00fcgung. Die Gr\u00fcnde f\u00fcr den Erwerb einer zum Verkauf stehenden Immobilie in Santo Domingo sind sehr&hellip;","_links":{"self":[{"href":"https:\/\/stagingwprep.grassurntech.com\/de\/wp-json\/wp\/v2\/pages\/4761","targetHints":{"allow":["GET"]}}],"collection":[{"href":"https:\/\/stagingwprep.grassurntech.com\/de\/wp-json\/wp\/v2\/pages"}],"about":[{"href":"https:\/\/stagingwprep.grassurntech.com\/de\/wp-json\/wp\/v2\/types\/page"}],"author":[{"embeddable":true,"href":"https:\/\/stagingwprep.grassurntech.com\/de\/wp-json\/wp\/v2\/users\/1"}],"replies":[{"embeddable":true,"href":"https:\/\/stagingwprep.grassurntech.com\/de\/wp-json\/wp\/v2\/comments?post=4761"}],"version-history":[{"count":2,"href":"https:\/\/stagingwprep.grassurntech.com\/de\/wp-json\/wp\/v2\/pages\/4761\/revisions"}],"predecessor-version":[{"id":4773,"href":"https:\/\/stagingwprep.grassurntech.com\/de\/wp-json\/wp\/v2\/pages\/4761\/revisions\/4773"}],"up":[{"embeddable":true,"href":"https:\/\/stagingwprep.grassurntech.com\/de\/wp-json\/wp\/v2\/pages\/4760"}],"wp:attachment":[{"href":"https:\/\/stagingwprep.grassurntech.com\/de\/wp-json\/wp\/v2\/media?parent=4761"}],"curies":[{"name":"wp","href":"https:\/\/api.w.org\/{rel}","templated":true}]}}