{"id":4635,"date":"2023-04-24T11:04:48","date_gmt":"2023-04-24T15:04:48","guid":{"rendered":"http:\/\/bluecaribbean.test\/entwicklungen\/"},"modified":"2024-09-12T10:51:54","modified_gmt":"2024-09-12T14:51:54","slug":"entwicklungen","status":"publish","type":"page","link":"https:\/\/stagingwprep.grassurntech.com\/de\/entwicklungen\/","title":{"rendered":"Entwicklungen"},"content":{"rendered":"\n<section class=\"bc-hero relative\">\n  <div class=\"bc-hero-slider\">\n    <div class=\"swiper-wrapper\">\n              <div class=\"swiper-slide\">\n          <div class=\"relative w-full min-h-[40vh]  md:h-screen\">\n            <img decoding=\"async\" class=\"w-full min-h-[40vh] md:h-screen object-cover\" src=\"https:\/\/stagingwprep.grassurntech.com\/wp-content\/uploads\/2023\/10\/Juanillo.jpeg\"\n              alt=\"\">\n            <div class='absolute inset-0 bg-gradient-to-b from-black via-transparent to-black opacity-40'>\n            <\/div>\n            <div class=\"absolute inset-0 py-16\">\n              <div class=\"container mx-auto h-full flex flex-col items-center justify-end\">\n                <div class=\"block md:mb-24\">\n                  <div class=\"text-center text-white z-20\">\n                    <span class=\"bc-appear text-2xl lg:text-5xl 2xl:text-8xl leading-snug font-serif font-normal uppercase\">\n                      <h1>Neue Konstruktion in                    <\/span><br>\n                    <span class=\"bc-appear text-5xl md:text-[4.25rem] 2xl:text-[6.5rem] font-serif font-normal uppercase\">\n                      die Karibik<\/h1>                    <\/span>\n                  <\/div>\n                  <div class=\"bc-appear w-[30%] mx-auto md:w-full h-0.5 lg:h-1 bg-bc-green\"><\/div>\n                <\/div>\n\n              <\/div>\n            <\/div>\n          <\/div>\n        <\/div>\n              <div class=\"swiper-slide\">\n          <div class=\"relative w-full min-h-[40vh]  md:h-screen\">\n            <img decoding=\"async\" class=\"w-full min-h-[40vh] md:h-screen object-cover\" src=\"https:\/\/stagingwprep.grassurntech.com\/wp-content\/uploads\/2023\/10\/Sadhu_V6_R2.jpg\"\n              alt=\"new constructions in Mexico\">\n            <div class='absolute inset-0 bg-gradient-to-b from-black via-transparent to-black opacity-40'>\n            <\/div>\n            <div class=\"absolute inset-0 py-16\">\n              <div class=\"container mx-auto h-full flex flex-col items-center justify-end\">\n                <div class=\"block md:mb-24\">\n                  <div class=\"text-center text-white z-20\">\n                    <span class=\"bc-appear text-2xl lg:text-5xl 2xl:text-8xl leading-snug font-serif font-normal uppercase\">\n                      Neue Konstruktion                    <\/span><br>\n                    <span class=\"bc-appear text-5xl md:text-[4.25rem] 2xl:text-[6.5rem] font-serif font-normal uppercase\">\n                      IN MEXIKO UND DR                    <\/span>\n                  <\/div>\n                  <div class=\"bc-appear w-[30%] mx-auto md:w-full h-0.5 lg:h-1 bg-bc-green\"><\/div>\n                <\/div>\n\n              <\/div>\n            <\/div>\n          <\/div>\n        <\/div>\n          <\/div>\n    <div class=\"swiper-hero-navigation absolute w-full z-20 h-24 inset-0 m-auto flex justify-between items-center\">\n      <div class=\"swiper-hero-button-prev cursor-pointer\">\n        <svg xmlns=\"http:\/\/www.w3.org\/2000\/svg\" fill=\"none\" viewBox=\"0 0 24 24\" stroke-width=\"1.5\" stroke=\"currentColor\"\n          class=\"w-12 h-12 stroke-white\">\n          <path stroke-linecap=\"round\" stroke-linejoin=\"round\" d=\"M15.75 19.5L8.25 12l7.5-7.5\" \/>\n        <\/svg>\n      <\/div>\n      <div class=\"swiper-hero-button-next cursor-pointer\">\n        <svg xmlns=\"http:\/\/www.w3.org\/2000\/svg\" fill=\"none\" viewBox=\"0 0 24 24\" stroke-width=\"1.5\" stroke=\"currentColor\"\n          class=\"w-12 h-12 stroke-white\">\n          <path stroke-linecap=\"round\" stroke-linejoin=\"round\" d=\"M8.25 4.5l7.5 7.5-7.5 7.5\" \/>\n        <\/svg>\n      <\/div>\n    <\/div>\n  <\/div>\n<\/section><div class=\"max-w-content mx-auto bc-text-with-heading-block container mx-auto my-8 lg:my-16 py-8 text-center text-bc-navy\">\n    <h2 class=\"bc-heading-2\">\n       Verf\u00fcgbare Entwicklungen in der Karibik    <\/h2>\n\n    <div class=\"prose prose-base lg:prose-lg max-w-content mx-auto mt-8\"><div class=\"elementor-element elementor-element-27396cc9 elementor-widget elementor-widget-text-editor\" data-id=\"27396cc9\" data-element_type=\"widget\" data-widget_type=\"text-editor.default\">\n<div class=\"elementor-widget-container\">\n<div class=\"elementor-text-editor elementor-clearfix\">\n<p><span style=\"font-weight: 400;\">Die Karibik ist sch\u00f6n, aufregend und st\u00e4ndig im Wandel. Neue Bauprojekte in der Dominikanischen Republik, in Mexiko oder auf Aruba sind immer in Arbeit und wir haben alle Informationen hier f\u00fcr Sie. <strong>St\u00f6bern Sie in unseren Listen mit karibischen Entwicklungs- und Bauprojekten<\/strong> f\u00fcr Eigentumswohnungen vor dem Bau in der <a href=\"http:\/\/13.220.237.230:8080\/developments\/dominican-republic\/\">Dominikanischen Republik<\/a>, <a href=\"http:\/\/13.220.237.230:8080\/developments\/mexico\/\">Mexiko<\/a> und Aruba sowie f\u00fcr Immobilien am Strand und entdecken Sie die luxuri\u00f6sesten <a href=\"http:\/\/13.220.237.230:8080\/de\/\">Immobilienprojekte in der Karibik<\/a>. <\/span><\/p>\n<\/div>\n<\/div>\n<\/div>\n<\/div>\n<\/div>\n\n<h2 class=\"wp-block-heading has-text-align-center has-bc-navy-color has-text-color has-4-xl-font-size\" style=\"font-style:normal;font-weight:300\"><strong>Neubau zu verkaufen<\/strong> <strong>in Karibik<\/strong><\/h2>\n\n \n<div id=\"developments-grid\"><\/div>\n<div class=\"wp-block-group is-layout-constrained wp-block-group-is-layout-constrained\" style=\"margin-top:var(--wp--preset--spacing--60);margin-bottom:var(--wp--preset--spacing--60)\"><div class=\"wp-block-uagb-faq uagb-faq__outer-wrap uagb-block-23d19933 uagb-faq-icon-row-reverse uagb-faq-layout-accordion uagb-faq-expand-first-true uagb-faq-inactive-other-true uagb-faq__wrap uagb-buttons-layout-wrap uagb-faq-equal-height     \" data-faqtoggle=\"true\" role=\"tablist\"><script type=\"application\/ld+json\">{\"@context\":\"https:\\\/\\\/schema.org\",\"@type\":\"FAQPage\",\"@id\":\"https:\\\/\\\/stagingwprep.grassurntech.com\\\/de\\\/entwicklungen\\\/\",\"mainEntity\":[{\"@type\":\"Question\",\"name\":\"<strong>Neue Konstruktionen<\\\/strong>\",\"acceptedAnswer\":{\"@type\":\"Answer\",\"text\":\"Einer der Wirtschaftssektoren, die von diesem Aufschwung profitieren, ist der Immobiliensektor. Die Regierungspolitik zur F\\u00f6rderung ausl\\u00e4ndischer Investitionen in diesem karibischen Land verschafft K\\u00e4ufern aus \\u00dcbersee viele Wettbewerbsvorteile beim Erwerb einer Immobilie. Ab November 2020 bieten die Banken verschiedene Optionen f\\u00fcr den Erwerb eines Erst- oder Zweitwohnsitzes in dieser touristischen Region an. Potenzielle K\\u00e4ufer k\\u00f6nnen Rabatte, eine 90%ige Finanzierung ihrer Projekte, Darlehen mit einer Laufzeit von 20 Jahren und andere Optionen finden, die Punta Cana zu einem erschwinglichen Reiseziel machen.   \"}},{\"@type\":\"Question\",\"name\":\"<strong>Blaue Karibik neue Bauten<\\\/strong>\",\"acceptedAnswer\":{\"@type\":\"Answer\",\"text\":\"Auch die rechtlichen und finanziellen Anforderungen k\\u00f6nnen zu einer Herausforderung werden, insbesondere aufgrund der lokalen und nationalen Richtlinien, die von der jeweiligen Region abh\\u00e4ngen. Blue Caribbean ist immer bestrebt, Kunden zu helfen, die in diesen Himmel auf Erden ziehen m\\u00f6chten. Wir haben die besten Fachleute, die Ihnen bei der Suche nach Ihrem neuen Zuhause helfen k\\u00f6nnen.  \"}}]}<\/script><div class=\"wp-block-uagb-faq-child uagb-faq-child__outer-wrap uagb-faq-item uagb-block-34a9ff05 \" role=\"tab\" tabindex=\"0\"><div class=\"uagb-faq-questions-button uagb-faq-questions\">\t\t\t<span class=\"uagb-icon uagb-faq-icon-wrap\">\n\t\t\t\t\t\t\t\t<svg xmlns=\"https:\/\/www.w3.org\/2000\/svg\" viewBox= \"0 0 448 512\"><path d=\"M432 256c0 17.69-14.33 32.01-32 32.01H256v144c0 17.69-14.33 31.99-32 31.99s-32-14.3-32-31.99v-144H48c-17.67 0-32-14.32-32-32.01s14.33-31.99 32-31.99H192v-144c0-17.69 14.33-32.01 32-32.01s32 14.32 32 32.01v144h144C417.7 224 432 238.3 432 256z\"><\/path><\/svg>\n\t\t\t\t\t\t\t<\/span>\n\t\t\t\t\t\t<span class=\"uagb-icon-active uagb-faq-icon-wrap\">\n\t\t\t\t\t\t\t\t<svg xmlns=\"https:\/\/www.w3.org\/2000\/svg\" viewBox= \"0 0 448 512\"><path d=\"M400 288h-352c-17.69 0-32-14.32-32-32.01s14.31-31.99 32-31.99h352c17.69 0 32 14.3 32 31.99S417.7 288 400 288z\"><\/path><\/svg>\n\t\t\t\t\t\t\t<\/span>\n\t\t\t<h3 class=\"uagb-question\"><strong>Neue Konstruktionen<\/strong><\/h3><\/div><div class=\"uagb-faq-content\"><p>Einer der Wirtschaftssektoren, die von diesem Aufschwung profitieren, ist der Immobiliensektor. Die Regierungspolitik zur F\u00f6rderung ausl\u00e4ndischer Investitionen in diesem karibischen Land verschafft K\u00e4ufern aus \u00dcbersee viele Wettbewerbsvorteile beim Erwerb einer Immobilie. Ab November 2020 bieten die Banken verschiedene Optionen f\u00fcr den Erwerb eines Erst- oder Zweitwohnsitzes in dieser touristischen Region an. Potenzielle K\u00e4ufer k\u00f6nnen Rabatte, eine 90%ige Finanzierung ihrer Projekte, Darlehen mit einer Laufzeit von 20 Jahren und andere Optionen finden, die Punta Cana zu einem erschwinglichen Reiseziel machen.   <\/p><\/div><\/div><div class=\"wp-block-uagb-faq-child uagb-faq-child__outer-wrap uagb-faq-item uagb-block-e54a6360 \" role=\"tab\" tabindex=\"0\"><div class=\"uagb-faq-questions-button uagb-faq-questions\">\t\t\t<span class=\"uagb-icon uagb-faq-icon-wrap\">\n\t\t\t\t\t\t\t\t<svg xmlns=\"https:\/\/www.w3.org\/2000\/svg\" viewBox= \"0 0 448 512\"><path d=\"M432 256c0 17.69-14.33 32.01-32 32.01H256v144c0 17.69-14.33 31.99-32 31.99s-32-14.3-32-31.99v-144H48c-17.67 0-32-14.32-32-32.01s14.33-31.99 32-31.99H192v-144c0-17.69 14.33-32.01 32-32.01s32 14.32 32 32.01v144h144C417.7 224 432 238.3 432 256z\"><\/path><\/svg>\n\t\t\t\t\t\t\t<\/span>\n\t\t\t\t\t\t<span class=\"uagb-icon-active uagb-faq-icon-wrap\">\n\t\t\t\t\t\t\t\t<svg xmlns=\"https:\/\/www.w3.org\/2000\/svg\" viewBox= \"0 0 448 512\"><path d=\"M400 288h-352c-17.69 0-32-14.32-32-32.01s14.31-31.99 32-31.99h352c17.69 0 32 14.3 32 31.99S417.7 288 400 288z\"><\/path><\/svg>\n\t\t\t\t\t\t\t<\/span>\n\t\t\t<h3 class=\"uagb-question\"><strong>Blaue Karibik neue Bauten<\/strong><\/h3><\/div><div class=\"uagb-faq-content\"><p>Auch die rechtlichen und finanziellen Anforderungen k\u00f6nnen zu einer Herausforderung werden, insbesondere aufgrund der lokalen und nationalen Richtlinien, die von der jeweiligen Region abh\u00e4ngen. Blue Caribbean ist immer bestrebt, Kunden zu helfen, die in diesen Himmel auf Erden ziehen m\u00f6chten. Wir haben die besten Fachleute, die Ihnen bei der Suche nach Ihrem neuen Zuhause helfen k\u00f6nnen.  <\/p><\/div><\/div><\/div><\/div>\n","protected":false},"excerpt":{"rendered":"<p>Neubau zu verkaufen in Karibik<\/p>\n","protected":false},"author":1,"featured_media":0,"parent":0,"menu_order":0,"comment_status":"closed","ping_status":"closed","template":"","meta":{"_acf_changed":false,"_eb_attr":"","inline_featured_image":false,"_uag_custom_page_level_css":"","footnotes":""},"class_list":["post-4635","page","type-page","status-publish","hentry"],"acf":[],"featured_image_src":null,"featured_image_src_square":null,"uagb_featured_image_src":{"full":false,"thumbnail":false,"medium":false,"medium_large":false,"large":false,"1536x1536":false,"2048x2048":false,"gb-block-post-grid-landscape":false,"gb-block-post-grid-square":false},"uagb_author_info":{"display_name":"@blueAdmon","author_link":"https:\/\/stagingwprep.grassurntech.com\/de\/author\/nubeseo\/"},"uagb_comment_info":0,"uagb_excerpt":"Neubau zu verkaufen in Karibik","_links":{"self":[{"href":"https:\/\/stagingwprep.grassurntech.com\/de\/wp-json\/wp\/v2\/pages\/4635","targetHints":{"allow":["GET"]}}],"collection":[{"href":"https:\/\/stagingwprep.grassurntech.com\/de\/wp-json\/wp\/v2\/pages"}],"about":[{"href":"https:\/\/stagingwprep.grassurntech.com\/de\/wp-json\/wp\/v2\/types\/page"}],"author":[{"embeddable":true,"href":"https:\/\/stagingwprep.grassurntech.com\/de\/wp-json\/wp\/v2\/users\/1"}],"replies":[{"embeddable":true,"href":"https:\/\/stagingwprep.grassurntech.com\/de\/wp-json\/wp\/v2\/comments?post=4635"}],"version-history":[{"count":3,"href":"https:\/\/stagingwprep.grassurntech.com\/de\/wp-json\/wp\/v2\/pages\/4635\/revisions"}],"predecessor-version":[{"id":13883,"href":"https:\/\/stagingwprep.grassurntech.com\/de\/wp-json\/wp\/v2\/pages\/4635\/revisions\/13883"}],"wp:attachment":[{"href":"https:\/\/stagingwprep.grassurntech.com\/de\/wp-json\/wp\/v2\/media?parent=4635"}],"curies":[{"name":"wp","href":"https:\/\/api.w.org\/{rel}","templated":true}]}}