{"id":10278,"date":"2024-03-13T06:20:54","date_gmt":"2024-03-13T10:20:54","guid":{"rendered":"https:\/\/staging.bluecaribbeanproperties.com\/?page_id=10278"},"modified":"2024-03-13T08:34:41","modified_gmt":"2024-03-13T12:34:41","slug":"villen","status":"publish","type":"page","link":"https:\/\/stagingwprep.grassurntech.com\/de\/mexiko-immobilien\/solidaridad\/villen\/","title":{"rendered":"Villen"},"content":{"rendered":"\n<section class=\"bc-hero-block relative\" style=\"background-image:url('https:\/\/stagingwprep.grassurntech.com\/wp-content\/uploads\/2023\/07\/villas-daos-development.jpeg');\">\n      <div class=\"bc-hero-block__breadcrumb\">\n          <nav aria-label=\"Breadcrumb\" class=\"flex items-center py-3\"><ol class=\"breadcrumbs flex items-center space-x-2\" itemscope itemtype=\"https:\/\/schema.org\/BreadcrumbList\"><li itemprop=\"itemListElement\" itemscope itemtype=\"https:\/\/schema.org\/ListItem\" class=\"flex items-center\"><a href=\"https:\/\/stagingwprep.grassurntech.com\/de\/\" itemprop=\"item\" class=\"text-bc-green hover:text-white\"><span itemprop=\"name\">Caribbean Real Estate<\/span><meta itemprop=\"position\" content=\"1\" \/><\/a><\/li><span class=\"text-white mx-2\"> > <\/span><\/ol><\/nav>      <\/div>\n<\/section>\n\n\n<div class=\"wp-block-group alignwide is-layout-flow wp-block-group-is-layout-flow\">\n<div class=\"wp-block-group alignfull is-layout-constrained wp-block-group-is-layout-constrained\">\n<div style=\"height:48px\" aria-hidden=\"true\" class=\"wp-block-spacer\"><\/div>\n\n\n\n<div class=\"wp-block-group alignfull is-content-justification-center is-nowrap is-layout-flex wp-container-core-group-is-layout-94bc23d7 wp-block-group-is-layout-flex\"><div class=\"flex items-center justify-start\">\n    <h1 class=\"flex flex-col\">\n        <div class=\"flex items-center\">\n            <svg class=\"mr-1 text-bc-blue w-auto h-10 md:h-12 lg:h-16 2xl:h-20\"\n                width=\"353\" height=\"482\" viewBox=\"0 0 353 482\" fill=\"currentColor\" xmlns=\"http:\/\/www.w3.org\/2000\/svg\">\n                <path\n                    d=\"M351.14 307.14L348.91 306.66C348.606 307.477 348.221 308.261 347.76 309C339.34 319.8 331.34 331 322.3 341.22C314.78 349.76 314.23 349.4 322.49 356.89C312.88 370.98 300.49 382.18 286.05 391.12C260.2 407.12 231.66 414.41 201.69 417.12C196.31 417.61 195.69 414.95 195.57 410.53C195.01 386.72 194.12 362.92 193.48 339.11C191.66 271.85 189.833 204.573 188 137.28C187.86 132.28 189.65 130.76 194.4 130.91C202.483 131.324 210.584 131.257 218.66 130.71C221.45 130.46 225.23 127.91 226.39 125.41C229.34 119.05 224.92 113.29 217.67 113.2C207.9 113.09 198.12 113.2 187.97 113.2C187.5 105.54 187.33 98.78 186.61 92.08C185.61 83.24 188.54 77.44 196.91 73.08C210.91 65.89 218.75 49.27 216.56 34.6C215.353 26.5533 211.702 19.072 206.102 13.1694C200.501 7.26673 193.222 3.22793 185.25 1.6C183.593 1.15335 181.961 0.619266 180.36 0H175.11C170.11 1.64 164.91 2.67 160.34 5C147.34 11.72 139.78 22.6 138.92 37.27C138.02 52.77 144.58 64.99 157.92 72.88C164.92 77.04 168.37 82.23 167.73 90.44C167.373 96.0999 167.33 101.775 167.6 107.44C167.74 111.66 166.13 113.27 161.85 113.15C153.76 112.92 145.66 113 137.57 113.15C131.88 113.25 129.46 116.55 129.48 122.06C129.5 127.57 131.48 130.9 137.48 130.89C144.04 130.89 150.6 130.89 157.17 130.89C167.26 130.89 167.12 130.89 166.87 141.07C165.81 184.123 164.81 227.167 163.87 270.2C162.863 317.18 161.95 364.18 161.13 411.2C161.05 416.09 159.44 418.01 154.64 417.46C149.84 416.91 145.04 416.74 140.29 416.08C108.81 411.74 79.2899 402.08 54.4099 381.69C45.7599 374.6 38.4099 365.89 30.1899 357.6C34.9399 353.37 38.6199 350.22 34.8699 345.03C25.9299 332.7 16.9999 320.29 7.99989 308C7.11989 306.79 5.32989 306.24 3.99989 305.38C3.31989 306.64 2.21989 307.83 1.99989 309.16C-0.680108 328.03 1.36989 346.62 6.26989 364.88C7.75989 370.46 13.0599 371.39 17.6599 367.7C18.7599 366.82 19.8999 365.97 21.6599 364.6C38.8499 395.6 67.0799 413.05 96.8399 428.38C112.31 436.38 128.04 444.23 144.44 449.88C159.84 455.18 171.65 462.41 175.44 479.16C175.656 479.796 176.026 480.369 176.519 480.826C177.011 481.284 177.609 481.612 178.26 481.78C178.907 481.625 179.503 481.308 179.993 480.858C180.483 480.408 180.85 479.841 181.06 479.21C183.28 464.5 192.68 455.55 205.9 451.53C226.64 445.21 245.18 434.63 263.9 424.33C285.43 412.5 306.45 399.93 321.62 379.83C325.4 374.83 329.03 369.71 332.73 364.64C341.51 371.36 346.73 371.07 347.87 363.36C350.19 348.12 351.48 332.7 352.8 317.36C353.17 314 351.77 310.53 351.14 307.14ZM177.7 63.23C164.87 63.23 153.7 51.97 154.01 39.32C154.186 33.144 156.749 27.2768 161.162 22.9521C165.574 18.6273 171.492 16.1819 177.67 16.13C190.59 16.13 201.67 27.23 201.38 39.95C201.09 52.67 190.25 63.23 177.7 63.23Z\"\n                    fill=\"currentColor\" \/>\n            <\/svg>\n            <span\n                class=\"text-5xl lg:text-8xl 2xl:text-[82px] ml-1 lg:ml-2 font-serif uppercase text-bc-navy\">\n                VILLEN ZU VERKAUFEN            <\/span>\n        <\/div>\n        <div class=\"flex items-center\">\n            <div class=\"w-full h-0.5 lg:h-1 bg-gradient-to-r from-bc-green to-bc-green-dark\"><\/div>\n            <span class=\"ml-2 text-2xl lg:text-4xl 2xl:text-5xl font-sans whitespace-nowrap uppercase text-bc-green\">\n                IN PLAYA DEL CARMEN            <\/span>\n        <\/div>\n    <\/h1>\n<\/div><\/div>\n\n\n\n<div style=\"height:48px\" aria-hidden=\"true\" class=\"wp-block-spacer\"><\/div>\n\n\n\n<div class=\"wp-block-group is-layout-constrained wp-container-core-group-is-layout-801f6f31 wp-block-group-is-layout-constrained\">\n<div class=\"wp-block-group prose has-bc-navy-color has-text-color is-layout-constrained wp-block-group-is-layout-constrained\">\n<p>Willkommen bei Blue Caribbean Properties, wo Ihre Suche nach dem perfekten Zufluchtsort am Meer endet. Im Herzen der Riviera Maya gelegen, bietet unsere exklusive Kollektion von <strong>Villen zum Verkauf in Playa del Carmen<\/strong>, <a href=\"http:\/\/13.220.237.230:8080\/de\/mexiko-immobilien\/\">Mexiko<\/a>, eine unvergleichliche Mischung aus Luxus, Komfort und tropischer Sch\u00f6nheit.<\/p>\n\n\n\n<p>Wir von Blue Caribbean, <a href=\"http:\/\/13.220.237.230:8080\/de\/mexiko-immobilien\/solidaridad\/\">Immobilien in Playa del Carmen<\/a>, wissen um die Faszination des azurblauen Wassers und der unber\u00fchrten Str\u00e4nde der Karibik. Deshalb haben wir eine Auswahl von Immobilien zusammengestellt, die das Wesen des Lebens an der K\u00fcste verk\u00f6rpern. Ganz gleich, ob Sie einen abgelegenen R\u00fcckzugsort f\u00fcr Ruhe und Privatsph\u00e4re oder ein lebhaftes Haus am Strand in der N\u00e4he der belebten Stra\u00dfen von Playa del Carmen suchen, unser Angebot ist auf Ihre Bed\u00fcrfnisse zugeschnitten.<\/p>\n<\/div>\n\n\n\n<div class=\"wp-block-group is-layout-constrained wp-block-group-is-layout-constrained\">\n<div style=\"height:32px\" aria-hidden=\"true\" class=\"wp-block-spacer\"><\/div>\n\n\n\n<h2 class=\"wp-block-heading has-text-align-center has-bc-navy-color has-text-color has-4-xl-font-size\" style=\"font-style:normal;font-weight:300\">Playa del Carmen Villen zum Verkauf<\/h2>\n\n\n\n<div style=\"height:32px\" aria-hidden=\"true\" class=\"wp-block-spacer\"><\/div>\n<\/div>\n<\/div>\n\n\n\n<div style=\"height:48px\" aria-hidden=\"true\" class=\"wp-block-spacer\"><\/div>\n<\/div>\n<\/div>\n\n\n\n<div \n  id=\"block-listing\"\n  class=\"bc-block-listing w-full\"\n  data-country='203' \n  data-tag='8835' \n  data-sort='-Zeitstempel'\n  data-category='0'\n  data-city='2050'\n  data-sector='0'\n  ><\/div>\n  \n\n\n<div class=\"wp-block-group alignwide is-layout-flow wp-block-group-is-layout-flow\">\n<div class=\"wp-block-group alignfull is-layout-constrained wp-block-group-is-layout-constrained\">\n<div style=\"height:48px\" aria-hidden=\"true\" class=\"wp-block-spacer\"><\/div>\n\n\n\n<h2 class=\"wp-block-heading has-text-align-center has-bc-navy-color has-text-color has-4-xl-font-size\" style=\"font-style:normal;font-weight:300\"><strong>Unsere Immobilien in Playa del Carmen, Mexiko (Karibik<\/strong>)<\/h2>\n\n\n\n<div style=\"height:48px\" aria-hidden=\"true\" class=\"wp-block-spacer\"><\/div>\n\n\n\n<p>Jede Villa in unserer Kollektion wurde sorgf\u00e4ltig ausgew\u00e4hlt, um die h\u00f6chsten Qualit\u00e4ts- und Luxusstandards zu gew\u00e4hrleisten. Von modernen architektonischen Wunderwerken bis hin zu charmanten traditionellen H\u00e4usern bieten unsere Immobilien in Playa del Carmen modernste Annehmlichkeiten, atemberaubende Meerblicke und Zugang zu einigen der sch\u00f6nsten Str\u00e4nde der Welt.<\/p>\n\n\n\n<p>Aber unser Know-how beschr\u00e4nkt sich nicht auf die mexikanische K\u00fcste. <strong>Blue Caribbean bietet auch ein Tor zum Besitz von <a href=\"http:\/\/13.220.237.230:8080\/de\/\">Immobilien in der gesamten Karibik<\/a><\/strong>. Mit einem vielf\u00e4ltigen Angebot an verschiedenen Inseln und K\u00fcstenorten k\u00f6nnen wir Ihnen helfen, die perfekte Kulisse f\u00fcr Ihren Traumlebensstil zu finden. Ganz gleich, ob Sie sich von der pulsierenden Kultur der Karibik oder der ruhigen Sch\u00f6nheit ihrer abgelegenen Inseln angezogen f\u00fchlen, unser Team steht Ihnen bei jedem Schritt der Reise zur Seite.<\/p>\n\n\n\n<div style=\"height:48px\" aria-hidden=\"true\" class=\"wp-block-spacer\"><\/div>\n\n\n\n<h2 class=\"wp-block-heading has-text-align-center has-bc-navy-color has-text-color has-4-xl-font-size\" style=\"font-style:normal;font-weight:300\"><strong>Warum Blue Caribbean w\u00e4hlen?<\/strong><\/h2>\n\n\n\n<div style=\"height:48px\" aria-hidden=\"true\" class=\"wp-block-spacer\"><\/div>\n\n\n\n<p>Die Entscheidung f\u00fcr Blue Caribbean bedeutet mehr als nur die Suche nach einem neuen Zuhause. Es geht darum, das Beste des karibischen Lebens zu erleben, unterst\u00fctzt von einem Team von Fachleuten, die sich daf\u00fcr einsetzen, Ihre Tr\u00e4ume zu verwirklichen. Unser tiefes Verst\u00e4ndnis des lokalen Marktes, kombiniert mit einer Verpflichtung zu pers\u00f6nlichem Service, gew\u00e4hrleistet eine nahtlose und lohnende Erfahrung beim Kauf einer Immobilie.<\/p>\n\n\n\n<p>Entdecken Sie die Sch\u00f6nheit von Playa del Carmen und den bezaubernden Charme der Karibik mit Blue Caribbean. Lassen Sie uns Ihnen helfen, die Villa zu finden, die nicht nur Ihre Erwartungen erf\u00fcllt, sondern sie \u00fcbertrifft. Erkunden Sie noch heute unsere Immobilien und machen Sie den ersten Schritt zu Ihrem Traumleben am Meer.<\/p>\n\n\n\n<div style=\"height:48px\" aria-hidden=\"true\" class=\"wp-block-spacer\"><\/div>\n<\/div>\n<\/div>\n","protected":false},"excerpt":{"rendered":"<p>Willkommen bei Blue Caribbean Properties, wo Ihre Suche nach dem perfekten Zufluchtsort am Meer endet. Im Herzen der Riviera Maya gelegen, bietet unsere exklusive Kollektion von Villen zum Verkauf in Playa del Carmen, Mexiko, eine unvergleichliche Mischung aus Luxus, Komfort und tropischer Sch\u00f6nheit. Wir von Blue Caribbean, Immobilien in Playa del Carmen, wissen um die [&hellip;]<\/p>\n","protected":false},"author":1,"featured_media":1244,"parent":4946,"menu_order":0,"comment_status":"closed","ping_status":"closed","template":"","meta":{"_acf_changed":false,"_eb_attr":"","inline_featured_image":false,"_uag_custom_page_level_css":"","footnotes":""},"class_list":["post-10278","page","type-page","status-publish","has-post-thumbnail","hentry"],"acf":[],"featured_image_src":"https:\/\/stagingwprep.grassurntech.com\/wp-content\/uploads\/2023\/07\/villas-daos-development.jpeg","featured_image_src_square":"https:\/\/stagingwprep.grassurntech.com\/wp-content\/uploads\/2023\/07\/villas-daos-development.jpeg","uagb_featured_image_src":{"full":["https:\/\/stagingwprep.grassurntech.com\/wp-content\/uploads\/2023\/07\/villas-daos-development.jpeg",1200,675,false],"thumbnail":["https:\/\/stagingwprep.grassurntech.com\/wp-content\/uploads\/2023\/07\/villas-daos-development-150x150.jpeg",150,150,true],"medium":["https:\/\/stagingwprep.grassurntech.com\/wp-content\/uploads\/2023\/07\/villas-daos-development-300x169.jpeg",300,169,true],"medium_large":["https:\/\/stagingwprep.grassurntech.com\/wp-content\/uploads\/2023\/07\/villas-daos-development-768x432.jpeg",768,432,true],"large":["https:\/\/stagingwprep.grassurntech.com\/wp-content\/uploads\/2023\/07\/villas-daos-development-1024x576.jpeg",1024,576,true],"1536x1536":["https:\/\/stagingwprep.grassurntech.com\/wp-content\/uploads\/2023\/07\/villas-daos-development.jpeg",1200,675,false],"2048x2048":["https:\/\/stagingwprep.grassurntech.com\/wp-content\/uploads\/2023\/07\/villas-daos-development.jpeg",1200,675,false],"gb-block-post-grid-landscape":["https:\/\/stagingwprep.grassurntech.com\/wp-content\/uploads\/2023\/07\/villas-daos-development.jpeg",600,338,false],"gb-block-post-grid-square":["https:\/\/stagingwprep.grassurntech.com\/wp-content\/uploads\/2023\/07\/villas-daos-development.jpeg",600,338,false]},"uagb_author_info":{"display_name":"@blueAdmon","author_link":"https:\/\/stagingwprep.grassurntech.com\/de\/author\/nubeseo\/"},"uagb_comment_info":0,"uagb_excerpt":"Willkommen bei Blue Caribbean Properties, wo Ihre Suche nach dem perfekten Zufluchtsort am Meer endet. Im Herzen der Riviera Maya gelegen, bietet unsere exklusive Kollektion von Villen zum Verkauf in Playa del Carmen, Mexiko, eine unvergleichliche Mischung aus Luxus, Komfort und tropischer Sch\u00f6nheit. Wir von Blue Caribbean, Immobilien in Playa del Carmen, wissen um die&hellip;","_links":{"self":[{"href":"https:\/\/stagingwprep.grassurntech.com\/de\/wp-json\/wp\/v2\/pages\/10278","targetHints":{"allow":["GET"]}}],"collection":[{"href":"https:\/\/stagingwprep.grassurntech.com\/de\/wp-json\/wp\/v2\/pages"}],"about":[{"href":"https:\/\/stagingwprep.grassurntech.com\/de\/wp-json\/wp\/v2\/types\/page"}],"author":[{"embeddable":true,"href":"https:\/\/stagingwprep.grassurntech.com\/de\/wp-json\/wp\/v2\/users\/1"}],"replies":[{"embeddable":true,"href":"https:\/\/stagingwprep.grassurntech.com\/de\/wp-json\/wp\/v2\/comments?post=10278"}],"version-history":[{"count":5,"href":"https:\/\/stagingwprep.grassurntech.com\/de\/wp-json\/wp\/v2\/pages\/10278\/revisions"}],"predecessor-version":[{"id":10323,"href":"https:\/\/stagingwprep.grassurntech.com\/de\/wp-json\/wp\/v2\/pages\/10278\/revisions\/10323"}],"up":[{"embeddable":true,"href":"https:\/\/stagingwprep.grassurntech.com\/de\/wp-json\/wp\/v2\/pages\/4946"}],"wp:featuredmedia":[{"embeddable":true,"href":"https:\/\/stagingwprep.grassurntech.com\/de\/wp-json\/wp\/v2\/media\/1244"}],"wp:attachment":[{"href":"https:\/\/stagingwprep.grassurntech.com\/de\/wp-json\/wp\/v2\/media?parent=10278"}],"curies":[{"name":"wp","href":"https:\/\/api.w.org\/{rel}","templated":true}]}}